{"id":111,"date":"2021-09-10T07:47:51","date_gmt":"2021-09-10T04:47:51","guid":{"rendered":"https:\/\/ninetheme.com\/themes\/styler\/fashion\/?page_id=111"},"modified":"2025-11-13T08:55:35","modified_gmt":"2025-11-13T08:55:35","slug":"bize-ulasin","status":"publish","type":"page","link":"https:\/\/marse.com.tr\/erkek\/bize-ulasin\/","title":{"rendered":"Bize Ula\u015f\u0131n"},"content":{"rendered":"\t\t<div data-elementor-type=\"wp-page\" data-elementor-id=\"111\" class=\"elementor elementor-111\">\n\t\t\t\t\t\t<section class=\"gap-no elementor-section elementor-top-section elementor-element elementor-element-c096aa1 elementor-section-content-middle elementor-reverse-mobile nt-section section-padding pt-0 elementor-section-boxed elementor-section-height-default elementor-section-height-default\" data-id=\"c096aa1\" data-element_type=\"section\" data-e-type=\"section\">\n\t\t\t\t\t\t<div class=\"elementor-container elementor-column-gap-no\">\n\t\t\t\t\t<div class=\"elementor-column elementor-col-50 elementor-top-column elementor-element elementor-element-248acc9\" data-id=\"248acc9\" data-element_type=\"column\" data-e-type=\"column\">\n\t\t\t<div class=\"elementor-widget-wrap elementor-element-populated\">\n\t\t\t\t\t\t<div class=\"elementor-element elementor-element-3e0076e elementor-widget elementor-widget-google_maps\" data-id=\"3e0076e\" data-element_type=\"widget\" data-e-type=\"widget\" data-widget_type=\"google_maps.default\">\n\t\t\t\t<div class=\"elementor-widget-container\">\n\t\t\t\t\t\t\t<div class=\"elementor-custom-embed\">\n\t\t\t<iframe loading=\"lazy\"\n\t\t\t\t\tsrc=\"https:\/\/maps.google.com\/maps?q=Bat%C4%B1%C5%9Fehir%20K%20Blok%20No%3A2%2F2%20Ba%C4%9Fc%C4%B1lar%20%2F%20%C4%B0stanbul&#038;t=m&#038;z=15&#038;output=embed&#038;iwloc=near\"\n\t\t\t\t\ttitle=\"Bat\u0131\u015fehir K Blok No:2\/2 Ba\u011fc\u0131lar \/ \u0130stanbul\"\n\t\t\t\t\taria-label=\"Bat\u0131\u015fehir K Blok No:2\/2 Ba\u011fc\u0131lar \/ \u0130stanbul\"\n\t\t\t><\/iframe>\n\t\t<\/div>\n\t\t\t\t\t\t<\/div>\n\t\t\t\t<\/div>\n\t\t\t\t\t<\/div>\n\t\t<\/div>\n\t\t\t\t<div class=\"elementor-column elementor-col-50 elementor-top-column elementor-element elementor-element-e3acdc0\" data-id=\"e3acdc0\" data-element_type=\"column\" data-e-type=\"column\">\n\t\t\t<div class=\"elementor-widget-wrap elementor-element-populated\">\n\t\t\t\t\t\t<section class=\"gap-extended elementor-section elementor-inner-section elementor-element elementor-element-9f9815b elementor-section-boxed elementor-section-height-default elementor-section-height-default\" data-id=\"9f9815b\" data-element_type=\"section\" data-e-type=\"section\">\n\t\t\t\t\t\t<div class=\"elementor-container elementor-column-gap-extended\">\n\t\t\t\t\t<div class=\"elementor-column elementor-col-50 elementor-inner-column elementor-element elementor-element-76e44f7\" data-id=\"76e44f7\" data-element_type=\"column\" data-e-type=\"column\">\n\t\t\t<div class=\"elementor-widget-wrap elementor-element-populated\">\n\t\t\t\t\t\t<div class=\"elementor-element elementor-element-64ac5d8 styler-transform transform-type-translate elementor-widget elementor-widget-heading\" data-id=\"64ac5d8\" data-element_type=\"widget\" data-e-type=\"widget\" data-widget_type=\"heading.default\">\n\t\t\t\t<div class=\"elementor-widget-container\">\n\t\t\t\t\t<h3 class=\"elementor-heading-title elementor-size-default\">Ofis \/ Depo<\/h3>\t\t\t\t<\/div>\n\t\t\t\t<\/div>\n\t\t\t\t<div class=\"elementor-element elementor-element-6b27446 styler-transform transform-type-translate elementor-widget elementor-widget-heading\" data-id=\"6b27446\" data-element_type=\"widget\" data-e-type=\"widget\" data-widget_type=\"heading.default\">\n\t\t\t\t<div class=\"elementor-widget-container\">\n\t\t\t\t\t<p class=\"elementor-heading-title elementor-size-default\"><strong>Ofis Adresimiz:<\/strong> Bat\u0131\u015fehir K Blok No:2\/2 \u0130\u00e7 Kap\u0131 No: 115 Ba\u011fc\u0131lar\/\u0130stanbul<br><strong>Workshop Adresimiz:<\/strong> G\u00f6ztepe Mah. 2356 Sk. No:19 Kat:4 Ba\u011fc\u0131lar\/\u0130stanbul<\/p>\t\t\t\t<\/div>\n\t\t\t\t<\/div>\n\t\t\t\t<div class=\"elementor-element elementor-element-7c77974 styler-transform transform-type-translate elementor-widget elementor-widget-heading\" data-id=\"7c77974\" data-element_type=\"widget\" data-e-type=\"widget\" data-widget_type=\"heading.default\">\n\t\t\t\t<div class=\"elementor-widget-container\">\n\t\t\t\t\t<p class=\"elementor-heading-title elementor-size-default\">+90(507) 120 29 44<\/p>\t\t\t\t<\/div>\n\t\t\t\t<\/div>\n\t\t\t\t\t<\/div>\n\t\t<\/div>\n\t\t\t\t<div class=\"elementor-column elementor-col-50 elementor-inner-column elementor-element elementor-element-fef46df\" data-id=\"fef46df\" data-element_type=\"column\" data-e-type=\"column\">\n\t\t\t<div class=\"elementor-widget-wrap elementor-element-populated\">\n\t\t\t\t\t\t<div class=\"elementor-element elementor-element-620b9af styler-transform transform-type-translate elementor-widget elementor-widget-heading\" data-id=\"620b9af\" data-element_type=\"widget\" data-e-type=\"widget\" data-widget_type=\"heading.default\">\n\t\t\t\t<div class=\"elementor-widget-container\">\n\t\t\t\t\t<h3 class=\"elementor-heading-title elementor-size-default\">Destek Yollar\u0131<\/h3>\t\t\t\t<\/div>\n\t\t\t\t<\/div>\n\t\t\t\t<div class=\"elementor-element elementor-element-3d6b154 styler-transform transform-type-translate elementor-widget elementor-widget-heading\" data-id=\"3d6b154\" data-element_type=\"widget\" data-e-type=\"widget\" data-widget_type=\"heading.default\">\n\t\t\t\t<div class=\"elementor-widget-container\">\n\t\t\t\t\t<p class=\"elementor-heading-title elementor-size-default\">\u00dcr\u00fcnlerimiz veya hizmetlerimiz hakk\u0131nda bilmek istedi\u011finiz her \u015feyi bu e-posta yoluyla sorabilirsiniz.<\/p>\t\t\t\t<\/div>\n\t\t\t\t<\/div>\n\t\t\t\t<div class=\"elementor-element elementor-element-f533b7f styler-transform transform-type-translate elementor-widget elementor-widget-heading\" data-id=\"f533b7f\" data-element_type=\"widget\" data-e-type=\"widget\" data-widget_type=\"heading.default\">\n\t\t\t\t<div class=\"elementor-widget-container\">\n\t\t\t\t\t<p class=\"elementor-heading-title elementor-size-default\"><a href=\"mailto:artillatekstil@gmail.com\">artillatekstil@gmail.com<\/a><\/p>\t\t\t\t<\/div>\n\t\t\t\t<\/div>\n\t\t\t\t\t<\/div>\n\t\t<\/div>\n\t\t\t\t\t<\/div>\n\t\t<\/section>\n\t\t\t\t<section class=\"gap-extended elementor-section elementor-inner-section elementor-element elementor-element-a3512a3 elementor-section-boxed elementor-section-height-default elementor-section-height-default\" data-id=\"a3512a3\" data-element_type=\"section\" data-e-type=\"section\">\n\t\t\t\t\t\t<div class=\"elementor-container elementor-column-gap-extended\">\n\t\t\t\t\t<div class=\"elementor-column elementor-col-100 elementor-inner-column elementor-element elementor-element-1d87fe9\" data-id=\"1d87fe9\" data-element_type=\"column\" data-e-type=\"column\">\n\t\t\t<div class=\"elementor-widget-wrap elementor-element-populated\">\n\t\t\t\t\t\t<div class=\"elementor-element elementor-element-dddaa6f styler-transform transform-type-translate elementor-widget elementor-widget-heading\" data-id=\"dddaa6f\" data-element_type=\"widget\" data-e-type=\"widget\" data-widget_type=\"heading.default\">\n\t\t\t\t<div class=\"elementor-widget-container\">\n\t\t\t\t\t<h3 class=\"elementor-heading-title elementor-size-default\">Mesaj G\u00f6nder<\/h3>\t\t\t\t<\/div>\n\t\t\t\t<\/div>\n\t\t\t\t<div class=\"elementor-element elementor-element-3d2b6e5 elementor-widget elementor-widget-styler-contact-form-7\" data-id=\"3d2b6e5\" data-element_type=\"widget\" data-e-type=\"widget\" data-widget_type=\"styler-contact-form-7.default\">\n\t\t\t\t<div class=\"elementor-widget-container\">\n\t\t\t\t\t<div class=\"styler-cf7-form-wrapper form_front\">\n<div class=\"wpcf7 no-js\" id=\"wpcf7-f3146-o1\" lang=\"en-US\" dir=\"ltr\" data-wpcf7-id=\"3146\">\n<div class=\"screen-reader-response\"><p role=\"status\" aria-live=\"polite\" aria-atomic=\"true\"><\/p> <ul><\/ul><\/div>\n<form action=\"\/erkek\/wp-json\/wp\/v2\/pages\/111#wpcf7-f3146-o1\" method=\"post\" class=\"wpcf7-form init\" aria-label=\"Contact form\" novalidate=\"novalidate\" data-status=\"init\">\n<fieldset class=\"hidden-fields-container\"><input type=\"hidden\" name=\"_wpcf7\" value=\"3146\" \/><input type=\"hidden\" name=\"_wpcf7_version\" value=\"6.1.4\" \/><input type=\"hidden\" name=\"_wpcf7_locale\" value=\"en_US\" \/><input type=\"hidden\" name=\"_wpcf7_unit_tag\" value=\"wpcf7-f3146-o1\" \/><input type=\"hidden\" name=\"_wpcf7_container_post\" value=\"0\" \/><input type=\"hidden\" name=\"_wpcf7_posted_data_hash\" value=\"\" \/>\n<\/fieldset>\n<div class=\"contact-page-1-form-container\">\n\n<label><span class=\"wpcf7-form-control-wrap\" data-name=\"text-204\"><input size=\"40\" maxlength=\"400\" class=\"wpcf7-form-control wpcf7-text wpcf7-validates-as-required\" aria-required=\"true\" aria-invalid=\"false\" placeholder=\"Ad\u0131n\u0131z\" value=\"\" type=\"text\" name=\"text-204\" \/><\/span><\/label>\n<label><span class=\"wpcf7-form-control-wrap\" data-name=\"email-623\"><input size=\"40\" maxlength=\"400\" class=\"wpcf7-form-control wpcf7-email wpcf7-validates-as-required wpcf7-text wpcf7-validates-as-email\" aria-required=\"true\" aria-invalid=\"false\" placeholder=\"Mail Adresiniz\" value=\"\" type=\"email\" name=\"email-623\" \/><\/span><\/label>\n<label><span class=\"wpcf7-form-control-wrap\" data-name=\"menu-91\"><select class=\"wpcf7-form-control wpcf7-select wpcf7-validates-as-required\" aria-required=\"true\" aria-invalid=\"false\" name=\"menu-91\"><option value=\"Technical Help\">Technical Help<\/option><option value=\"Order\">Order<\/option><option value=\"Refund\">Refund<\/option><\/select><\/span><\/label>\n<span class=\"wpcf7-form-control-wrap\" data-name=\"textarea-999\"><textarea cols=\"40\" rows=\"10\" maxlength=\"2000\" class=\"wpcf7-form-control wpcf7-textarea wpcf7-validates-as-required\" aria-required=\"true\" aria-invalid=\"false\" placeholder=\"Mesaj\u0131n\u0131z\" name=\"textarea-999\"><\/textarea><\/span>\n<button class=\"styler-btn-medium styler-btn styler-bg-black wpcf7-submit\">G\u00f6nder<span class=\"loading-wrapper\"><span class=\"ajax-loading\"><\/span><\/span><\/button>\n<\/div><div class=\"wpcf7-response-output\" aria-hidden=\"true\"><\/div>\n<\/form>\n<\/div>\n<\/div>\t\t\t\t<\/div>\n\t\t\t\t<\/div>\n\t\t\t\t\t<\/div>\n\t\t<\/div>\n\t\t\t\t\t<\/div>\n\t\t<\/section>\n\t\t\t\t\t<\/div>\n\t\t<\/div>\n\t\t\t\t\t<\/div>\n\t\t<\/section>\n\t\t\t\t<\/div>\n\t\t","protected":false},"excerpt":{"rendered":"<p>Ofis \/ Depo Ofis Adresimiz: Bat\u0131\u015fehir K Blok No:2\/2 \u0130\u00e7 Kap\u0131 No: 115 Ba\u011fc\u0131lar\/\u0130stanbulWorkshop Adresimiz: G\u00f6ztepe Mah. 2356 Sk. No:19 Kat:4 Ba\u011fc\u0131lar\/\u0130stanbul +90(507) 120 29 44 Destek Yollar\u0131 \u00dcr\u00fcnlerimiz veya hizmetlerimiz hakk\u0131nda bilmek istedi\u011finiz her \u015feyi bu e-posta yoluyla sorabilirsiniz. artillatekstil@gmail.com Mesaj G\u00f6nder Technical HelpOrderRefund G\u00f6nder<\/p>\n","protected":false},"author":1,"featured_media":0,"parent":0,"menu_order":0,"comment_status":"closed","ping_status":"closed","template":"","meta":{"om_disable_all_campaigns":false,"footnotes":""},"class_list":{"0":"post-111","1":"page","2":"type-page","3":"status-publish","4":"hentry","5":"nt-post-class","6":"","7":"thumb-none","9":"excerpt-none"},"yoast_head":"<!-- This site is optimized with the Yoast SEO plugin v26.9 - https:\/\/yoast.com\/product\/yoast-seo-wordpress\/ -->\n<title>Bize Ula\u015f\u0131n - Marse<\/title>\n<meta name=\"description\" content=\"Marse ile ileti\u015fime ge\u00e7in. Sipari\u015f, destek veya i\u015f birli\u011fi i\u00e7in bize kolayca ula\u015fabilirsiniz.\" \/>\n<meta name=\"robots\" content=\"index, follow, max-snippet:-1, max-image-preview:large, max-video-preview:-1\" \/>\n<link rel=\"canonical\" href=\"https:\/\/marse.com.tr\/erkek\/bize-ulasin\/\" \/>\n<meta property=\"og:locale\" content=\"tr_TR\" \/>\n<meta property=\"og:type\" content=\"article\" \/>\n<meta property=\"og:title\" content=\"Bize Ula\u015f\u0131n - Marse\" \/>\n<meta property=\"og:description\" content=\"Marse ile ileti\u015fime ge\u00e7in. Sipari\u015f, destek veya i\u015f birli\u011fi i\u00e7in bize kolayca ula\u015fabilirsiniz.\" \/>\n<meta property=\"og:url\" content=\"https:\/\/marse.com.tr\/erkek\/bize-ulasin\/\" \/>\n<meta property=\"og:site_name\" content=\"Marse\" \/>\n<meta property=\"article:modified_time\" content=\"2025-11-13T08:55:35+00:00\" \/>\n<meta name=\"twitter:card\" content=\"summary_large_image\" \/>\n<meta name=\"twitter:label1\" content=\"Tahmini okuma s\u00fcresi\" \/>\n\t<meta name=\"twitter:data1\" content=\"1 dakika\" \/>\n<script type=\"application\/ld+json\" class=\"yoast-schema-graph\">{\"@context\":\"https:\/\/schema.org\",\"@graph\":[{\"@type\":\"WebPage\",\"@id\":\"https:\/\/marse.com.tr\/erkek\/bize-ulasin\/\",\"url\":\"https:\/\/marse.com.tr\/erkek\/bize-ulasin\/\",\"name\":\"Bize Ula\u015f\u0131n - Marse\",\"isPartOf\":{\"@id\":\"https:\/\/marse.com.tr\/erkek\/#website\"},\"datePublished\":\"2021-09-10T04:47:51+00:00\",\"dateModified\":\"2025-11-13T08:55:35+00:00\",\"description\":\"Marse ile ileti\u015fime ge\u00e7in. Sipari\u015f, destek veya i\u015f birli\u011fi i\u00e7in bize kolayca ula\u015fabilirsiniz.\",\"breadcrumb\":{\"@id\":\"https:\/\/marse.com.tr\/erkek\/bize-ulasin\/#breadcrumb\"},\"inLanguage\":\"tr\",\"potentialAction\":[{\"@type\":\"ReadAction\",\"target\":[\"https:\/\/marse.com.tr\/erkek\/bize-ulasin\/\"]}]},{\"@type\":\"BreadcrumbList\",\"@id\":\"https:\/\/marse.com.tr\/erkek\/bize-ulasin\/#breadcrumb\",\"itemListElement\":[{\"@type\":\"ListItem\",\"position\":1,\"name\":\"Anasayfa\",\"item\":\"https:\/\/marse.com.tr\/erkek\/\"},{\"@type\":\"ListItem\",\"position\":2,\"name\":\"Bize Ula\u015f\u0131n\"}]},{\"@type\":\"WebSite\",\"@id\":\"https:\/\/marse.com.tr\/erkek\/#website\",\"url\":\"https:\/\/marse.com.tr\/erkek\/\",\"name\":\"Marse\",\"description\":\"\",\"publisher\":{\"@id\":\"https:\/\/marse.com.tr\/erkek\/#organization\"},\"potentialAction\":[{\"@type\":\"SearchAction\",\"target\":{\"@type\":\"EntryPoint\",\"urlTemplate\":\"https:\/\/marse.com.tr\/erkek\/?s={search_term_string}\"},\"query-input\":{\"@type\":\"PropertyValueSpecification\",\"valueRequired\":true,\"valueName\":\"search_term_string\"}}],\"inLanguage\":\"tr\"},{\"@type\":\"Organization\",\"@id\":\"https:\/\/marse.com.tr\/erkek\/#organization\",\"name\":\"Artilla\",\"url\":\"https:\/\/marse.com.tr\/erkek\/\",\"logo\":{\"@type\":\"ImageObject\",\"inLanguage\":\"tr\",\"@id\":\"https:\/\/marse.com.tr\/erkek\/#\/schema\/logo\/image\/\",\"url\":\"https:\/\/www.marse.com.tr\/wp-content\/uploads\/2023\/09\/artilla-logo.jpg\",\"contentUrl\":\"https:\/\/www.marse.com.tr\/wp-content\/uploads\/2023\/09\/artilla-logo.jpg\",\"width\":2479,\"height\":744,\"caption\":\"Artilla\"},\"image\":{\"@id\":\"https:\/\/marse.com.tr\/erkek\/#\/schema\/logo\/image\/\"},\"sameAs\":[\"https:\/\/www.instagram.com\/artillatekstil\/\"]}]}<\/script>\n<!-- \/ Yoast SEO plugin. -->","yoast_head_json":{"title":"Bize Ula\u015f\u0131n - Marse","description":"Marse ile ileti\u015fime ge\u00e7in. Sipari\u015f, destek veya i\u015f birli\u011fi i\u00e7in bize kolayca ula\u015fabilirsiniz.","robots":{"index":"index","follow":"follow","max-snippet":"max-snippet:-1","max-image-preview":"max-image-preview:large","max-video-preview":"max-video-preview:-1"},"canonical":"https:\/\/marse.com.tr\/erkek\/bize-ulasin\/","og_locale":"tr_TR","og_type":"article","og_title":"Bize Ula\u015f\u0131n - Marse","og_description":"Marse ile ileti\u015fime ge\u00e7in. Sipari\u015f, destek veya i\u015f birli\u011fi i\u00e7in bize kolayca ula\u015fabilirsiniz.","og_url":"https:\/\/marse.com.tr\/erkek\/bize-ulasin\/","og_site_name":"Marse","article_modified_time":"2025-11-13T08:55:35+00:00","twitter_card":"summary_large_image","twitter_misc":{"Tahmini okuma s\u00fcresi":"1 dakika"},"schema":{"@context":"https:\/\/schema.org","@graph":[{"@type":"WebPage","@id":"https:\/\/marse.com.tr\/erkek\/bize-ulasin\/","url":"https:\/\/marse.com.tr\/erkek\/bize-ulasin\/","name":"Bize Ula\u015f\u0131n - Marse","isPartOf":{"@id":"https:\/\/marse.com.tr\/erkek\/#website"},"datePublished":"2021-09-10T04:47:51+00:00","dateModified":"2025-11-13T08:55:35+00:00","description":"Marse ile ileti\u015fime ge\u00e7in. Sipari\u015f, destek veya i\u015f birli\u011fi i\u00e7in bize kolayca ula\u015fabilirsiniz.","breadcrumb":{"@id":"https:\/\/marse.com.tr\/erkek\/bize-ulasin\/#breadcrumb"},"inLanguage":"tr","potentialAction":[{"@type":"ReadAction","target":["https:\/\/marse.com.tr\/erkek\/bize-ulasin\/"]}]},{"@type":"BreadcrumbList","@id":"https:\/\/marse.com.tr\/erkek\/bize-ulasin\/#breadcrumb","itemListElement":[{"@type":"ListItem","position":1,"name":"Anasayfa","item":"https:\/\/marse.com.tr\/erkek\/"},{"@type":"ListItem","position":2,"name":"Bize Ula\u015f\u0131n"}]},{"@type":"WebSite","@id":"https:\/\/marse.com.tr\/erkek\/#website","url":"https:\/\/marse.com.tr\/erkek\/","name":"Marse","description":"","publisher":{"@id":"https:\/\/marse.com.tr\/erkek\/#organization"},"potentialAction":[{"@type":"SearchAction","target":{"@type":"EntryPoint","urlTemplate":"https:\/\/marse.com.tr\/erkek\/?s={search_term_string}"},"query-input":{"@type":"PropertyValueSpecification","valueRequired":true,"valueName":"search_term_string"}}],"inLanguage":"tr"},{"@type":"Organization","@id":"https:\/\/marse.com.tr\/erkek\/#organization","name":"Artilla","url":"https:\/\/marse.com.tr\/erkek\/","logo":{"@type":"ImageObject","inLanguage":"tr","@id":"https:\/\/marse.com.tr\/erkek\/#\/schema\/logo\/image\/","url":"https:\/\/www.marse.com.tr\/wp-content\/uploads\/2023\/09\/artilla-logo.jpg","contentUrl":"https:\/\/www.marse.com.tr\/wp-content\/uploads\/2023\/09\/artilla-logo.jpg","width":2479,"height":744,"caption":"Artilla"},"image":{"@id":"https:\/\/marse.com.tr\/erkek\/#\/schema\/logo\/image\/"},"sameAs":["https:\/\/www.instagram.com\/artillatekstil\/"]}]}},"_links":{"self":[{"href":"https:\/\/marse.com.tr\/erkek\/wp-json\/wp\/v2\/pages\/111","targetHints":{"allow":["GET"]}}],"collection":[{"href":"https:\/\/marse.com.tr\/erkek\/wp-json\/wp\/v2\/pages"}],"about":[{"href":"https:\/\/marse.com.tr\/erkek\/wp-json\/wp\/v2\/types\/page"}],"author":[{"embeddable":true,"href":"https:\/\/marse.com.tr\/erkek\/wp-json\/wp\/v2\/users\/1"}],"replies":[{"embeddable":true,"href":"https:\/\/marse.com.tr\/erkek\/wp-json\/wp\/v2\/comments?post=111"}],"version-history":[{"count":14,"href":"https:\/\/marse.com.tr\/erkek\/wp-json\/wp\/v2\/pages\/111\/revisions"}],"predecessor-version":[{"id":7704,"href":"https:\/\/marse.com.tr\/erkek\/wp-json\/wp\/v2\/pages\/111\/revisions\/7704"}],"wp:attachment":[{"href":"https:\/\/marse.com.tr\/erkek\/wp-json\/wp\/v2\/media?parent=111"}],"curies":[{"name":"wp","href":"https:\/\/api.w.org\/{rel}","templated":true}]}}