{"id":13,"date":"2023-09-20T21:54:30","date_gmt":"2023-09-20T18:54:30","guid":{"rendered":"https:\/\/artillatekstil.com\/my-account\/"},"modified":"2025-05-06T10:35:05","modified_gmt":"2025-05-06T10:35:05","slug":"hesabim","status":"publish","type":"page","link":"https:\/\/marse.com.tr\/erkek\/hesabim\/","title":{"rendered":"Hesab\u0131m"},"content":{"rendered":"<div class=\"woocommerce\"><\/div>\n","protected":false},"excerpt":{"rendered":"","protected":false},"author":1,"featured_media":0,"parent":0,"menu_order":0,"comment_status":"closed","ping_status":"closed","template":"","meta":{"om_disable_all_campaigns":false,"footnotes":""},"class_list":{"0":"post-13","1":"page","2":"type-page","3":"status-publish","4":"hentry","5":"nt-post-class","6":"","7":"thumb-none","9":"excerpt-none"},"yoast_head":"<!-- This site is optimized with the Yoast SEO plugin v26.9 - https:\/\/yoast.com\/product\/yoast-seo-wordpress\/ -->\n<title>Hesab\u0131m - Marse<\/title>\n<meta name=\"description\" content=\"Sipari\u015flerinizi g\u00f6r\u00fcnt\u00fcleyin, adres bilgilerinizi y\u00f6netin ve hesab\u0131n\u0131z\u0131 g\u00fcncelleyin. Marse \u00fcye paneliyle her \u015fey elinizin alt\u0131nda!\" \/>\n<meta name=\"robots\" content=\"index, follow, max-snippet:-1, max-image-preview:large, max-video-preview:-1\" \/>\n<link rel=\"canonical\" href=\"https:\/\/marse.com.tr\/erkek\/hesabim\/\" \/>\n<meta property=\"og:locale\" content=\"tr_TR\" \/>\n<meta property=\"og:type\" content=\"article\" \/>\n<meta property=\"og:title\" content=\"Hesab\u0131m - Marse\" \/>\n<meta property=\"og:description\" content=\"Sipari\u015flerinizi g\u00f6r\u00fcnt\u00fcleyin, adres bilgilerinizi y\u00f6netin ve hesab\u0131n\u0131z\u0131 g\u00fcncelleyin. Marse \u00fcye paneliyle her \u015fey elinizin alt\u0131nda!\" \/>\n<meta property=\"og:url\" content=\"https:\/\/marse.com.tr\/erkek\/hesabim\/\" \/>\n<meta property=\"og:site_name\" content=\"Marse\" \/>\n<meta property=\"article:modified_time\" content=\"2025-05-06T10:35:05+00:00\" \/>\n<meta name=\"twitter:card\" content=\"summary_large_image\" \/>\n<meta name=\"twitter:label1\" content=\"Tahmini okuma s\u00fcresi\" \/>\n\t<meta name=\"twitter:data1\" content=\"1 dakika\" \/>\n<script type=\"application\/ld+json\" class=\"yoast-schema-graph\">{\"@context\":\"https:\/\/schema.org\",\"@graph\":[{\"@type\":\"WebPage\",\"@id\":\"https:\/\/marse.com.tr\/erkek\/hesabim\/\",\"url\":\"https:\/\/marse.com.tr\/erkek\/hesabim\/\",\"name\":\"Hesab\u0131m - Marse\",\"isPartOf\":{\"@id\":\"https:\/\/marse.com.tr\/erkek\/#website\"},\"datePublished\":\"2023-09-20T18:54:30+00:00\",\"dateModified\":\"2025-05-06T10:35:05+00:00\",\"description\":\"Sipari\u015flerinizi g\u00f6r\u00fcnt\u00fcleyin, adres bilgilerinizi y\u00f6netin ve hesab\u0131n\u0131z\u0131 g\u00fcncelleyin. Marse \u00fcye paneliyle her \u015fey elinizin alt\u0131nda!\",\"breadcrumb\":{\"@id\":\"https:\/\/marse.com.tr\/erkek\/hesabim\/#breadcrumb\"},\"inLanguage\":\"tr\",\"potentialAction\":[{\"@type\":\"ReadAction\",\"target\":[\"https:\/\/marse.com.tr\/erkek\/hesabim\/\"]}]},{\"@type\":\"BreadcrumbList\",\"@id\":\"https:\/\/marse.com.tr\/erkek\/hesabim\/#breadcrumb\",\"itemListElement\":[{\"@type\":\"ListItem\",\"position\":1,\"name\":\"Anasayfa\",\"item\":\"https:\/\/marse.com.tr\/erkek\/\"},{\"@type\":\"ListItem\",\"position\":2,\"name\":\"Hesab\u0131m\"}]},{\"@type\":\"WebSite\",\"@id\":\"https:\/\/marse.com.tr\/erkek\/#website\",\"url\":\"https:\/\/marse.com.tr\/erkek\/\",\"name\":\"Marse\",\"description\":\"\",\"publisher\":{\"@id\":\"https:\/\/marse.com.tr\/erkek\/#organization\"},\"potentialAction\":[{\"@type\":\"SearchAction\",\"target\":{\"@type\":\"EntryPoint\",\"urlTemplate\":\"https:\/\/marse.com.tr\/erkek\/?s={search_term_string}\"},\"query-input\":{\"@type\":\"PropertyValueSpecification\",\"valueRequired\":true,\"valueName\":\"search_term_string\"}}],\"inLanguage\":\"tr\"},{\"@type\":\"Organization\",\"@id\":\"https:\/\/marse.com.tr\/erkek\/#organization\",\"name\":\"Artilla\",\"url\":\"https:\/\/marse.com.tr\/erkek\/\",\"logo\":{\"@type\":\"ImageObject\",\"inLanguage\":\"tr\",\"@id\":\"https:\/\/marse.com.tr\/erkek\/#\/schema\/logo\/image\/\",\"url\":\"https:\/\/www.marse.com.tr\/wp-content\/uploads\/2023\/09\/artilla-logo.jpg\",\"contentUrl\":\"https:\/\/www.marse.com.tr\/wp-content\/uploads\/2023\/09\/artilla-logo.jpg\",\"width\":2479,\"height\":744,\"caption\":\"Artilla\"},\"image\":{\"@id\":\"https:\/\/marse.com.tr\/erkek\/#\/schema\/logo\/image\/\"},\"sameAs\":[\"https:\/\/www.instagram.com\/artillatekstil\/\"]}]}<\/script>\n<!-- \/ Yoast SEO plugin. -->","yoast_head_json":{"title":"Hesab\u0131m - Marse","description":"Sipari\u015flerinizi g\u00f6r\u00fcnt\u00fcleyin, adres bilgilerinizi y\u00f6netin ve hesab\u0131n\u0131z\u0131 g\u00fcncelleyin. Marse \u00fcye paneliyle her \u015fey elinizin alt\u0131nda!","robots":{"index":"index","follow":"follow","max-snippet":"max-snippet:-1","max-image-preview":"max-image-preview:large","max-video-preview":"max-video-preview:-1"},"canonical":"https:\/\/marse.com.tr\/erkek\/hesabim\/","og_locale":"tr_TR","og_type":"article","og_title":"Hesab\u0131m - Marse","og_description":"Sipari\u015flerinizi g\u00f6r\u00fcnt\u00fcleyin, adres bilgilerinizi y\u00f6netin ve hesab\u0131n\u0131z\u0131 g\u00fcncelleyin. Marse \u00fcye paneliyle her \u015fey elinizin alt\u0131nda!","og_url":"https:\/\/marse.com.tr\/erkek\/hesabim\/","og_site_name":"Marse","article_modified_time":"2025-05-06T10:35:05+00:00","twitter_card":"summary_large_image","twitter_misc":{"Tahmini okuma s\u00fcresi":"1 dakika"},"schema":{"@context":"https:\/\/schema.org","@graph":[{"@type":"WebPage","@id":"https:\/\/marse.com.tr\/erkek\/hesabim\/","url":"https:\/\/marse.com.tr\/erkek\/hesabim\/","name":"Hesab\u0131m - Marse","isPartOf":{"@id":"https:\/\/marse.com.tr\/erkek\/#website"},"datePublished":"2023-09-20T18:54:30+00:00","dateModified":"2025-05-06T10:35:05+00:00","description":"Sipari\u015flerinizi g\u00f6r\u00fcnt\u00fcleyin, adres bilgilerinizi y\u00f6netin ve hesab\u0131n\u0131z\u0131 g\u00fcncelleyin. Marse \u00fcye paneliyle her \u015fey elinizin alt\u0131nda!","breadcrumb":{"@id":"https:\/\/marse.com.tr\/erkek\/hesabim\/#breadcrumb"},"inLanguage":"tr","potentialAction":[{"@type":"ReadAction","target":["https:\/\/marse.com.tr\/erkek\/hesabim\/"]}]},{"@type":"BreadcrumbList","@id":"https:\/\/marse.com.tr\/erkek\/hesabim\/#breadcrumb","itemListElement":[{"@type":"ListItem","position":1,"name":"Anasayfa","item":"https:\/\/marse.com.tr\/erkek\/"},{"@type":"ListItem","position":2,"name":"Hesab\u0131m"}]},{"@type":"WebSite","@id":"https:\/\/marse.com.tr\/erkek\/#website","url":"https:\/\/marse.com.tr\/erkek\/","name":"Marse","description":"","publisher":{"@id":"https:\/\/marse.com.tr\/erkek\/#organization"},"potentialAction":[{"@type":"SearchAction","target":{"@type":"EntryPoint","urlTemplate":"https:\/\/marse.com.tr\/erkek\/?s={search_term_string}"},"query-input":{"@type":"PropertyValueSpecification","valueRequired":true,"valueName":"search_term_string"}}],"inLanguage":"tr"},{"@type":"Organization","@id":"https:\/\/marse.com.tr\/erkek\/#organization","name":"Artilla","url":"https:\/\/marse.com.tr\/erkek\/","logo":{"@type":"ImageObject","inLanguage":"tr","@id":"https:\/\/marse.com.tr\/erkek\/#\/schema\/logo\/image\/","url":"https:\/\/www.marse.com.tr\/wp-content\/uploads\/2023\/09\/artilla-logo.jpg","contentUrl":"https:\/\/www.marse.com.tr\/wp-content\/uploads\/2023\/09\/artilla-logo.jpg","width":2479,"height":744,"caption":"Artilla"},"image":{"@id":"https:\/\/marse.com.tr\/erkek\/#\/schema\/logo\/image\/"},"sameAs":["https:\/\/www.instagram.com\/artillatekstil\/"]}]}},"_links":{"self":[{"href":"https:\/\/marse.com.tr\/erkek\/wp-json\/wp\/v2\/pages\/13","targetHints":{"allow":["GET"]}}],"collection":[{"href":"https:\/\/marse.com.tr\/erkek\/wp-json\/wp\/v2\/pages"}],"about":[{"href":"https:\/\/marse.com.tr\/erkek\/wp-json\/wp\/v2\/types\/page"}],"author":[{"embeddable":true,"href":"https:\/\/marse.com.tr\/erkek\/wp-json\/wp\/v2\/users\/1"}],"replies":[{"embeddable":true,"href":"https:\/\/marse.com.tr\/erkek\/wp-json\/wp\/v2\/comments?post=13"}],"version-history":[{"count":1,"href":"https:\/\/marse.com.tr\/erkek\/wp-json\/wp\/v2\/pages\/13\/revisions"}],"predecessor-version":[{"id":6959,"href":"https:\/\/marse.com.tr\/erkek\/wp-json\/wp\/v2\/pages\/13\/revisions\/6959"}],"wp:attachment":[{"href":"https:\/\/marse.com.tr\/erkek\/wp-json\/wp\/v2\/media?parent=13"}],"curies":[{"name":"wp","href":"https:\/\/api.w.org\/{rel}","templated":true}]}}