{"id":7753,"date":"2025-11-13T13:20:53","date_gmt":"2025-11-13T13:20:53","guid":{"rendered":"https:\/\/marse.com.tr\/erkek\/?post_type=product&#038;p=7753"},"modified":"2026-03-16T21:16:38","modified_gmt":"2026-03-16T21:16:38","slug":"erkek-polo-yaka-triko-kazak-cepli-bordo","status":"publish","type":"product","link":"https:\/\/marse.com.tr\/erkek\/urun\/erkek-polo-yaka-triko-kazak-cepli-bordo\/","title":{"rendered":"Erkek Polo Yaka Triko Kazak Cepli \u2013 Bordo"},"content":{"rendered":"<p>Zamans\u0131z bir \u015f\u0131kl\u0131\u011f\u0131 yans\u0131tan bu bordo polo yaka triko kazak, sade ve modern tarz\u0131yla her erke\u011fin gard\u0131robunda yerini al\u0131yor.<br \/>\nYumu\u015fak dokusu ve esnek yap\u0131s\u0131yla g\u00fcn boyu konfor sunarken, nefes alabilen triko kuma\u015f\u0131yla mevsim ge\u00e7i\u015flerinde ideal bir tercihtir.<br \/>\nHem g\u00fcnl\u00fck hem de klasik kombinlerde kolayca kullan\u0131labilir.<\/p>\n","protected":false},"excerpt":{"rendered":"<p>Zamans\u0131z bir \u015f\u0131kl\u0131\u011f\u0131 yans\u0131tan bu bordo polo yaka triko kazak, sade ve modern tarz\u0131yla her erke\u011fin gard\u0131robunda yerini al\u0131yor. Yumu\u015fak dokusu ve esnek yap\u0131s\u0131yla g\u00fcn boyu konfor sunarken, nefes alabilen triko kuma\u015f\u0131yla mevsim ge\u00e7i\u015flerinde ideal bir tercihtir. Hem g\u00fcnl\u00fck hem de klasik kombinlerde kolayca kullan\u0131labilir.<\/p>\n","protected":false},"featured_media":7771,"comment_status":"open","ping_status":"closed","template":"","meta":{"om_disable_all_campaigns":false},"product_brand":[],"product_cat":[89,88],"product_tag":[],"class_list":{"0":"post-7753","1":"product","2":"type-product","3":"status-publish","4":"has-post-thumbnail","6":"product_cat-genel","7":"product_cat-kazak-ve-hirkalar","8":"nt-post-class","9":"","12":"excerpt-none","15":"first","16":"instock","17":"taxable","18":"shipping-taxable","19":"purchasable","20":"product-type-variable"},"yoast_head":"<!-- This site is optimized with the Yoast SEO plugin v26.9 - https:\/\/yoast.com\/product\/yoast-seo-wordpress\/ -->\n<title>Erkek Polo Yaka Triko Kazak Cepli \u2013 Bordo - Marse<\/title>\n<meta name=\"description\" content=\"Bordo polo yaka triko kazak, yumu\u015fak dokusu ve modern tasar\u0131m\u0131yla g\u00fcnl\u00fck ve klasik kombinlere uyum sa\u011flar. Cepli yap\u0131s\u0131yla kullan\u0131\u015fl\u0131 ve \u015f\u0131k bir modeldir.\" \/>\n<meta name=\"robots\" content=\"index, follow, max-snippet:-1, max-image-preview:large, max-video-preview:-1\" \/>\n<link rel=\"canonical\" href=\"https:\/\/marse.com.tr\/erkek\/urun\/erkek-polo-yaka-triko-kazak-cepli-bordo\/\" \/>\n<meta property=\"og:locale\" content=\"tr_TR\" \/>\n<meta property=\"og:type\" content=\"article\" \/>\n<meta property=\"og:title\" content=\"Erkek Polo Yaka Triko Kazak Cepli \u2013 Bordo - Marse\" \/>\n<meta property=\"og:description\" content=\"Bordo polo yaka triko kazak, yumu\u015fak dokusu ve modern tasar\u0131m\u0131yla g\u00fcnl\u00fck ve klasik kombinlere uyum sa\u011flar. Cepli yap\u0131s\u0131yla kullan\u0131\u015fl\u0131 ve \u015f\u0131k bir modeldir.\" \/>\n<meta property=\"og:url\" content=\"https:\/\/marse.com.tr\/erkek\/urun\/erkek-polo-yaka-triko-kazak-cepli-bordo\/\" \/>\n<meta property=\"og:site_name\" content=\"Marse\" \/>\n<meta property=\"article:modified_time\" content=\"2026-03-16T21:16:38+00:00\" \/>\n<meta property=\"og:image\" content=\"https:\/\/marse.com.tr\/erkek\/wp-content\/uploads\/2025\/11\/erkekurun3.jpg\" \/>\n\t<meta property=\"og:image:width\" content=\"1638\" \/>\n\t<meta property=\"og:image:height\" content=\"2048\" \/>\n\t<meta property=\"og:image:type\" content=\"image\/jpeg\" \/>\n<meta name=\"twitter:card\" content=\"summary_large_image\" \/>\n<meta name=\"twitter:label1\" content=\"Tahmini okuma s\u00fcresi\" \/>\n\t<meta name=\"twitter:data1\" content=\"1 dakika\" \/>\n<script type=\"application\/ld+json\" class=\"yoast-schema-graph\">{\"@context\":\"https:\/\/schema.org\",\"@graph\":[{\"@type\":\"WebPage\",\"@id\":\"https:\/\/marse.com.tr\/erkek\/urun\/erkek-polo-yaka-triko-kazak-cepli-bordo\/\",\"url\":\"https:\/\/marse.com.tr\/erkek\/urun\/erkek-polo-yaka-triko-kazak-cepli-bordo\/\",\"name\":\"Erkek Polo Yaka Triko Kazak Cepli \u2013 Bordo - Marse\",\"isPartOf\":{\"@id\":\"https:\/\/marse.com.tr\/erkek\/#website\"},\"primaryImageOfPage\":{\"@id\":\"https:\/\/marse.com.tr\/erkek\/urun\/erkek-polo-yaka-triko-kazak-cepli-bordo\/#primaryimage\"},\"image\":{\"@id\":\"https:\/\/marse.com.tr\/erkek\/urun\/erkek-polo-yaka-triko-kazak-cepli-bordo\/#primaryimage\"},\"thumbnailUrl\":\"https:\/\/marse.com.tr\/erkek\/wp-content\/uploads\/2025\/11\/erkekurun3.jpg\",\"datePublished\":\"2025-11-13T13:20:53+00:00\",\"dateModified\":\"2026-03-16T21:16:38+00:00\",\"description\":\"Bordo polo yaka triko kazak, yumu\u015fak dokusu ve modern tasar\u0131m\u0131yla g\u00fcnl\u00fck ve klasik kombinlere uyum sa\u011flar. Cepli yap\u0131s\u0131yla kullan\u0131\u015fl\u0131 ve \u015f\u0131k bir modeldir.\",\"breadcrumb\":{\"@id\":\"https:\/\/marse.com.tr\/erkek\/urun\/erkek-polo-yaka-triko-kazak-cepli-bordo\/#breadcrumb\"},\"inLanguage\":\"tr\",\"potentialAction\":[{\"@type\":\"ReadAction\",\"target\":[\"https:\/\/marse.com.tr\/erkek\/urun\/erkek-polo-yaka-triko-kazak-cepli-bordo\/\"]}]},{\"@type\":\"ImageObject\",\"inLanguage\":\"tr\",\"@id\":\"https:\/\/marse.com.tr\/erkek\/urun\/erkek-polo-yaka-triko-kazak-cepli-bordo\/#primaryimage\",\"url\":\"https:\/\/marse.com.tr\/erkek\/wp-content\/uploads\/2025\/11\/erkekurun3.jpg\",\"contentUrl\":\"https:\/\/marse.com.tr\/erkek\/wp-content\/uploads\/2025\/11\/erkekurun3.jpg\",\"width\":1638,\"height\":2048},{\"@type\":\"BreadcrumbList\",\"@id\":\"https:\/\/marse.com.tr\/erkek\/urun\/erkek-polo-yaka-triko-kazak-cepli-bordo\/#breadcrumb\",\"itemListElement\":[{\"@type\":\"ListItem\",\"position\":1,\"name\":\"Anasayfa\",\"item\":\"https:\/\/marse.com.tr\/erkek\/\"},{\"@type\":\"ListItem\",\"position\":2,\"name\":\"Ma\u011faza\",\"item\":\"https:\/\/marse.com.tr\/erkek\/erkek-magaza\/\"},{\"@type\":\"ListItem\",\"position\":3,\"name\":\"Erkek Polo Yaka Triko Kazak Cepli \u2013 Bordo\"}]},{\"@type\":\"WebSite\",\"@id\":\"https:\/\/marse.com.tr\/erkek\/#website\",\"url\":\"https:\/\/marse.com.tr\/erkek\/\",\"name\":\"Marse\",\"description\":\"\",\"publisher\":{\"@id\":\"https:\/\/marse.com.tr\/erkek\/#organization\"},\"potentialAction\":[{\"@type\":\"SearchAction\",\"target\":{\"@type\":\"EntryPoint\",\"urlTemplate\":\"https:\/\/marse.com.tr\/erkek\/?s={search_term_string}\"},\"query-input\":{\"@type\":\"PropertyValueSpecification\",\"valueRequired\":true,\"valueName\":\"search_term_string\"}}],\"inLanguage\":\"tr\"},{\"@type\":\"Organization\",\"@id\":\"https:\/\/marse.com.tr\/erkek\/#organization\",\"name\":\"Artilla\",\"url\":\"https:\/\/marse.com.tr\/erkek\/\",\"logo\":{\"@type\":\"ImageObject\",\"inLanguage\":\"tr\",\"@id\":\"https:\/\/marse.com.tr\/erkek\/#\/schema\/logo\/image\/\",\"url\":\"https:\/\/www.marse.com.tr\/wp-content\/uploads\/2023\/09\/artilla-logo.jpg\",\"contentUrl\":\"https:\/\/www.marse.com.tr\/wp-content\/uploads\/2023\/09\/artilla-logo.jpg\",\"width\":2479,\"height\":744,\"caption\":\"Artilla\"},\"image\":{\"@id\":\"https:\/\/marse.com.tr\/erkek\/#\/schema\/logo\/image\/\"},\"sameAs\":[\"https:\/\/www.instagram.com\/artillatekstil\/\"]}]}<\/script>\n<!-- \/ Yoast SEO plugin. -->","yoast_head_json":{"title":"Erkek Polo Yaka Triko Kazak Cepli \u2013 Bordo - Marse","description":"Bordo polo yaka triko kazak, yumu\u015fak dokusu ve modern tasar\u0131m\u0131yla g\u00fcnl\u00fck ve klasik kombinlere uyum sa\u011flar. Cepli yap\u0131s\u0131yla kullan\u0131\u015fl\u0131 ve \u015f\u0131k bir modeldir.","robots":{"index":"index","follow":"follow","max-snippet":"max-snippet:-1","max-image-preview":"max-image-preview:large","max-video-preview":"max-video-preview:-1"},"canonical":"https:\/\/marse.com.tr\/erkek\/urun\/erkek-polo-yaka-triko-kazak-cepli-bordo\/","og_locale":"tr_TR","og_type":"article","og_title":"Erkek Polo Yaka Triko Kazak Cepli \u2013 Bordo - Marse","og_description":"Bordo polo yaka triko kazak, yumu\u015fak dokusu ve modern tasar\u0131m\u0131yla g\u00fcnl\u00fck ve klasik kombinlere uyum sa\u011flar. Cepli yap\u0131s\u0131yla kullan\u0131\u015fl\u0131 ve \u015f\u0131k bir modeldir.","og_url":"https:\/\/marse.com.tr\/erkek\/urun\/erkek-polo-yaka-triko-kazak-cepli-bordo\/","og_site_name":"Marse","article_modified_time":"2026-03-16T21:16:38+00:00","og_image":[{"width":1638,"height":2048,"url":"https:\/\/marse.com.tr\/erkek\/wp-content\/uploads\/2025\/11\/erkekurun3.jpg","type":"image\/jpeg"}],"twitter_card":"summary_large_image","twitter_misc":{"Tahmini okuma s\u00fcresi":"1 dakika"},"schema":{"@context":"https:\/\/schema.org","@graph":[{"@type":"WebPage","@id":"https:\/\/marse.com.tr\/erkek\/urun\/erkek-polo-yaka-triko-kazak-cepli-bordo\/","url":"https:\/\/marse.com.tr\/erkek\/urun\/erkek-polo-yaka-triko-kazak-cepli-bordo\/","name":"Erkek Polo Yaka Triko Kazak Cepli \u2013 Bordo - Marse","isPartOf":{"@id":"https:\/\/marse.com.tr\/erkek\/#website"},"primaryImageOfPage":{"@id":"https:\/\/marse.com.tr\/erkek\/urun\/erkek-polo-yaka-triko-kazak-cepli-bordo\/#primaryimage"},"image":{"@id":"https:\/\/marse.com.tr\/erkek\/urun\/erkek-polo-yaka-triko-kazak-cepli-bordo\/#primaryimage"},"thumbnailUrl":"https:\/\/marse.com.tr\/erkek\/wp-content\/uploads\/2025\/11\/erkekurun3.jpg","datePublished":"2025-11-13T13:20:53+00:00","dateModified":"2026-03-16T21:16:38+00:00","description":"Bordo polo yaka triko kazak, yumu\u015fak dokusu ve modern tasar\u0131m\u0131yla g\u00fcnl\u00fck ve klasik kombinlere uyum sa\u011flar. Cepli yap\u0131s\u0131yla kullan\u0131\u015fl\u0131 ve \u015f\u0131k bir modeldir.","breadcrumb":{"@id":"https:\/\/marse.com.tr\/erkek\/urun\/erkek-polo-yaka-triko-kazak-cepli-bordo\/#breadcrumb"},"inLanguage":"tr","potentialAction":[{"@type":"ReadAction","target":["https:\/\/marse.com.tr\/erkek\/urun\/erkek-polo-yaka-triko-kazak-cepli-bordo\/"]}]},{"@type":"ImageObject","inLanguage":"tr","@id":"https:\/\/marse.com.tr\/erkek\/urun\/erkek-polo-yaka-triko-kazak-cepli-bordo\/#primaryimage","url":"https:\/\/marse.com.tr\/erkek\/wp-content\/uploads\/2025\/11\/erkekurun3.jpg","contentUrl":"https:\/\/marse.com.tr\/erkek\/wp-content\/uploads\/2025\/11\/erkekurun3.jpg","width":1638,"height":2048},{"@type":"BreadcrumbList","@id":"https:\/\/marse.com.tr\/erkek\/urun\/erkek-polo-yaka-triko-kazak-cepli-bordo\/#breadcrumb","itemListElement":[{"@type":"ListItem","position":1,"name":"Anasayfa","item":"https:\/\/marse.com.tr\/erkek\/"},{"@type":"ListItem","position":2,"name":"Ma\u011faza","item":"https:\/\/marse.com.tr\/erkek\/erkek-magaza\/"},{"@type":"ListItem","position":3,"name":"Erkek Polo Yaka Triko Kazak Cepli \u2013 Bordo"}]},{"@type":"WebSite","@id":"https:\/\/marse.com.tr\/erkek\/#website","url":"https:\/\/marse.com.tr\/erkek\/","name":"Marse","description":"","publisher":{"@id":"https:\/\/marse.com.tr\/erkek\/#organization"},"potentialAction":[{"@type":"SearchAction","target":{"@type":"EntryPoint","urlTemplate":"https:\/\/marse.com.tr\/erkek\/?s={search_term_string}"},"query-input":{"@type":"PropertyValueSpecification","valueRequired":true,"valueName":"search_term_string"}}],"inLanguage":"tr"},{"@type":"Organization","@id":"https:\/\/marse.com.tr\/erkek\/#organization","name":"Artilla","url":"https:\/\/marse.com.tr\/erkek\/","logo":{"@type":"ImageObject","inLanguage":"tr","@id":"https:\/\/marse.com.tr\/erkek\/#\/schema\/logo\/image\/","url":"https:\/\/www.marse.com.tr\/wp-content\/uploads\/2023\/09\/artilla-logo.jpg","contentUrl":"https:\/\/www.marse.com.tr\/wp-content\/uploads\/2023\/09\/artilla-logo.jpg","width":2479,"height":744,"caption":"Artilla"},"image":{"@id":"https:\/\/marse.com.tr\/erkek\/#\/schema\/logo\/image\/"},"sameAs":["https:\/\/www.instagram.com\/artillatekstil\/"]}]}},"_links":{"self":[{"href":"https:\/\/marse.com.tr\/erkek\/wp-json\/wp\/v2\/product\/7753","targetHints":{"allow":["GET"]}}],"collection":[{"href":"https:\/\/marse.com.tr\/erkek\/wp-json\/wp\/v2\/product"}],"about":[{"href":"https:\/\/marse.com.tr\/erkek\/wp-json\/wp\/v2\/types\/product"}],"replies":[{"embeddable":true,"href":"https:\/\/marse.com.tr\/erkek\/wp-json\/wp\/v2\/comments?post=7753"}],"version-history":[{"count":1,"href":"https:\/\/marse.com.tr\/erkek\/wp-json\/wp\/v2\/product\/7753\/revisions"}],"predecessor-version":[{"id":7773,"href":"https:\/\/marse.com.tr\/erkek\/wp-json\/wp\/v2\/product\/7753\/revisions\/7773"}],"wp:featuredmedia":[{"embeddable":true,"href":"https:\/\/marse.com.tr\/erkek\/wp-json\/wp\/v2\/media\/7771"}],"wp:attachment":[{"href":"https:\/\/marse.com.tr\/erkek\/wp-json\/wp\/v2\/media?parent=7753"}],"wp:term":[{"taxonomy":"product_brand","embeddable":true,"href":"https:\/\/marse.com.tr\/erkek\/wp-json\/wp\/v2\/product_brand?post=7753"},{"taxonomy":"product_cat","embeddable":true,"href":"https:\/\/marse.com.tr\/erkek\/wp-json\/wp\/v2\/product_cat?post=7753"},{"taxonomy":"product_tag","embeddable":true,"href":"https:\/\/marse.com.tr\/erkek\/wp-json\/wp\/v2\/product_tag?post=7753"}],"curies":[{"name":"wp","href":"https:\/\/api.w.org\/{rel}","templated":true}]}}