{"id":7797,"date":"2025-11-13T14:02:49","date_gmt":"2025-11-13T14:02:49","guid":{"rendered":"https:\/\/marse.com.tr\/erkek\/?post_type=product&#038;p=7797"},"modified":"2026-03-16T21:16:37","modified_gmt":"2026-03-16T21:16:37","slug":"erkek-polo-yaka-triko-kazak-siyah-2","status":"publish","type":"product","link":"https:\/\/marse.com.tr\/erkek\/urun\/erkek-polo-yaka-triko-kazak-siyah-2\/","title":{"rendered":"Erkek polo yaka triko kazak Siyah"},"content":{"rendered":"<p>Siyah polo yaka triko kazak, yumu\u015fak dokusu ve nefes alabilen yap\u0131s\u0131yla g\u00fcnl\u00fck ve ofis stiline uyum sa\u011flar. Zamans\u0131z ve \u015f\u0131k bir modeldir.<\/p>\n","protected":false},"excerpt":{"rendered":"<p>Siyah polo yaka triko kazak, yumu\u015fak dokusu ve nefes alabilen yap\u0131s\u0131yla g\u00fcnl\u00fck ve ofis stiline uyum sa\u011flar. Zamans\u0131z ve \u015f\u0131k bir modeldir.<\/p>\n","protected":false},"featured_media":7805,"comment_status":"open","ping_status":"closed","template":"","meta":{"om_disable_all_campaigns":false},"product_brand":[],"product_cat":[89,88],"product_tag":[],"class_list":{"0":"post-7797","1":"product","2":"type-product","3":"status-publish","4":"has-post-thumbnail","6":"product_cat-genel","7":"product_cat-kazak-ve-hirkalar","8":"nt-post-class","9":"","12":"excerpt-none","15":"first","16":"instock","17":"taxable","18":"shipping-taxable","19":"purchasable","20":"product-type-variable"},"yoast_head":"<!-- This site is optimized with the Yoast SEO plugin v26.9 - https:\/\/yoast.com\/product\/yoast-seo-wordpress\/ -->\n<title>Erkek polo yaka triko kazak Siyah - Marse<\/title>\n<meta name=\"description\" content=\"Siyah polo yaka triko kazak, yumu\u015fak dokusu ve nefes alabilen yap\u0131s\u0131yla g\u00fcnl\u00fck ve ofis stiline uyum sa\u011flar. Zamans\u0131z ve \u015f\u0131k bir modeldir.\" \/>\n<meta name=\"robots\" content=\"index, follow, max-snippet:-1, max-image-preview:large, max-video-preview:-1\" \/>\n<link rel=\"canonical\" href=\"https:\/\/marse.com.tr\/erkek\/urun\/erkek-polo-yaka-triko-kazak-siyah-2\/\" \/>\n<meta property=\"og:locale\" content=\"tr_TR\" \/>\n<meta property=\"og:type\" content=\"article\" \/>\n<meta property=\"og:title\" content=\"Erkek polo yaka triko kazak Siyah - Marse\" \/>\n<meta property=\"og:description\" content=\"Siyah polo yaka triko kazak, yumu\u015fak dokusu ve nefes alabilen yap\u0131s\u0131yla g\u00fcnl\u00fck ve ofis stiline uyum sa\u011flar. Zamans\u0131z ve \u015f\u0131k bir modeldir.\" \/>\n<meta property=\"og:url\" content=\"https:\/\/marse.com.tr\/erkek\/urun\/erkek-polo-yaka-triko-kazak-siyah-2\/\" \/>\n<meta property=\"og:site_name\" content=\"Marse\" \/>\n<meta property=\"article:modified_time\" content=\"2026-03-16T21:16:37+00:00\" \/>\n<meta property=\"og:image\" content=\"https:\/\/marse.com.tr\/erkek\/wp-content\/uploads\/2025\/11\/erkekurun12.jpg\" \/>\n\t<meta property=\"og:image:width\" content=\"1638\" \/>\n\t<meta property=\"og:image:height\" content=\"2048\" \/>\n\t<meta property=\"og:image:type\" content=\"image\/jpeg\" \/>\n<meta name=\"twitter:card\" content=\"summary_large_image\" \/>\n<meta name=\"twitter:label1\" content=\"Tahmini okuma s\u00fcresi\" \/>\n\t<meta name=\"twitter:data1\" content=\"1 dakika\" \/>\n<script type=\"application\/ld+json\" class=\"yoast-schema-graph\">{\"@context\":\"https:\/\/schema.org\",\"@graph\":[{\"@type\":\"WebPage\",\"@id\":\"https:\/\/marse.com.tr\/erkek\/urun\/erkek-polo-yaka-triko-kazak-siyah-2\/\",\"url\":\"https:\/\/marse.com.tr\/erkek\/urun\/erkek-polo-yaka-triko-kazak-siyah-2\/\",\"name\":\"Erkek polo yaka triko kazak Siyah - Marse\",\"isPartOf\":{\"@id\":\"https:\/\/marse.com.tr\/erkek\/#website\"},\"primaryImageOfPage\":{\"@id\":\"https:\/\/marse.com.tr\/erkek\/urun\/erkek-polo-yaka-triko-kazak-siyah-2\/#primaryimage\"},\"image\":{\"@id\":\"https:\/\/marse.com.tr\/erkek\/urun\/erkek-polo-yaka-triko-kazak-siyah-2\/#primaryimage\"},\"thumbnailUrl\":\"https:\/\/marse.com.tr\/erkek\/wp-content\/uploads\/2025\/11\/erkekurun12.jpg\",\"datePublished\":\"2025-11-13T14:02:49+00:00\",\"dateModified\":\"2026-03-16T21:16:37+00:00\",\"description\":\"Siyah polo yaka triko kazak, yumu\u015fak dokusu ve nefes alabilen yap\u0131s\u0131yla g\u00fcnl\u00fck ve ofis stiline uyum sa\u011flar. Zamans\u0131z ve \u015f\u0131k bir modeldir.\",\"breadcrumb\":{\"@id\":\"https:\/\/marse.com.tr\/erkek\/urun\/erkek-polo-yaka-triko-kazak-siyah-2\/#breadcrumb\"},\"inLanguage\":\"tr\",\"potentialAction\":[{\"@type\":\"ReadAction\",\"target\":[\"https:\/\/marse.com.tr\/erkek\/urun\/erkek-polo-yaka-triko-kazak-siyah-2\/\"]}]},{\"@type\":\"ImageObject\",\"inLanguage\":\"tr\",\"@id\":\"https:\/\/marse.com.tr\/erkek\/urun\/erkek-polo-yaka-triko-kazak-siyah-2\/#primaryimage\",\"url\":\"https:\/\/marse.com.tr\/erkek\/wp-content\/uploads\/2025\/11\/erkekurun12.jpg\",\"contentUrl\":\"https:\/\/marse.com.tr\/erkek\/wp-content\/uploads\/2025\/11\/erkekurun12.jpg\",\"width\":1638,\"height\":2048},{\"@type\":\"BreadcrumbList\",\"@id\":\"https:\/\/marse.com.tr\/erkek\/urun\/erkek-polo-yaka-triko-kazak-siyah-2\/#breadcrumb\",\"itemListElement\":[{\"@type\":\"ListItem\",\"position\":1,\"name\":\"Anasayfa\",\"item\":\"https:\/\/marse.com.tr\/erkek\/\"},{\"@type\":\"ListItem\",\"position\":2,\"name\":\"Ma\u011faza\",\"item\":\"https:\/\/marse.com.tr\/erkek\/erkek-magaza\/\"},{\"@type\":\"ListItem\",\"position\":3,\"name\":\"Erkek polo yaka triko kazak Siyah\"}]},{\"@type\":\"WebSite\",\"@id\":\"https:\/\/marse.com.tr\/erkek\/#website\",\"url\":\"https:\/\/marse.com.tr\/erkek\/\",\"name\":\"Marse\",\"description\":\"\",\"publisher\":{\"@id\":\"https:\/\/marse.com.tr\/erkek\/#organization\"},\"potentialAction\":[{\"@type\":\"SearchAction\",\"target\":{\"@type\":\"EntryPoint\",\"urlTemplate\":\"https:\/\/marse.com.tr\/erkek\/?s={search_term_string}\"},\"query-input\":{\"@type\":\"PropertyValueSpecification\",\"valueRequired\":true,\"valueName\":\"search_term_string\"}}],\"inLanguage\":\"tr\"},{\"@type\":\"Organization\",\"@id\":\"https:\/\/marse.com.tr\/erkek\/#organization\",\"name\":\"Artilla\",\"url\":\"https:\/\/marse.com.tr\/erkek\/\",\"logo\":{\"@type\":\"ImageObject\",\"inLanguage\":\"tr\",\"@id\":\"https:\/\/marse.com.tr\/erkek\/#\/schema\/logo\/image\/\",\"url\":\"https:\/\/www.marse.com.tr\/wp-content\/uploads\/2023\/09\/artilla-logo.jpg\",\"contentUrl\":\"https:\/\/www.marse.com.tr\/wp-content\/uploads\/2023\/09\/artilla-logo.jpg\",\"width\":2479,\"height\":744,\"caption\":\"Artilla\"},\"image\":{\"@id\":\"https:\/\/marse.com.tr\/erkek\/#\/schema\/logo\/image\/\"},\"sameAs\":[\"https:\/\/www.instagram.com\/artillatekstil\/\"]}]}<\/script>\n<!-- \/ Yoast SEO plugin. -->","yoast_head_json":{"title":"Erkek polo yaka triko kazak Siyah - Marse","description":"Siyah polo yaka triko kazak, yumu\u015fak dokusu ve nefes alabilen yap\u0131s\u0131yla g\u00fcnl\u00fck ve ofis stiline uyum sa\u011flar. Zamans\u0131z ve \u015f\u0131k bir modeldir.","robots":{"index":"index","follow":"follow","max-snippet":"max-snippet:-1","max-image-preview":"max-image-preview:large","max-video-preview":"max-video-preview:-1"},"canonical":"https:\/\/marse.com.tr\/erkek\/urun\/erkek-polo-yaka-triko-kazak-siyah-2\/","og_locale":"tr_TR","og_type":"article","og_title":"Erkek polo yaka triko kazak Siyah - Marse","og_description":"Siyah polo yaka triko kazak, yumu\u015fak dokusu ve nefes alabilen yap\u0131s\u0131yla g\u00fcnl\u00fck ve ofis stiline uyum sa\u011flar. Zamans\u0131z ve \u015f\u0131k bir modeldir.","og_url":"https:\/\/marse.com.tr\/erkek\/urun\/erkek-polo-yaka-triko-kazak-siyah-2\/","og_site_name":"Marse","article_modified_time":"2026-03-16T21:16:37+00:00","og_image":[{"width":1638,"height":2048,"url":"https:\/\/marse.com.tr\/erkek\/wp-content\/uploads\/2025\/11\/erkekurun12.jpg","type":"image\/jpeg"}],"twitter_card":"summary_large_image","twitter_misc":{"Tahmini okuma s\u00fcresi":"1 dakika"},"schema":{"@context":"https:\/\/schema.org","@graph":[{"@type":"WebPage","@id":"https:\/\/marse.com.tr\/erkek\/urun\/erkek-polo-yaka-triko-kazak-siyah-2\/","url":"https:\/\/marse.com.tr\/erkek\/urun\/erkek-polo-yaka-triko-kazak-siyah-2\/","name":"Erkek polo yaka triko kazak Siyah - Marse","isPartOf":{"@id":"https:\/\/marse.com.tr\/erkek\/#website"},"primaryImageOfPage":{"@id":"https:\/\/marse.com.tr\/erkek\/urun\/erkek-polo-yaka-triko-kazak-siyah-2\/#primaryimage"},"image":{"@id":"https:\/\/marse.com.tr\/erkek\/urun\/erkek-polo-yaka-triko-kazak-siyah-2\/#primaryimage"},"thumbnailUrl":"https:\/\/marse.com.tr\/erkek\/wp-content\/uploads\/2025\/11\/erkekurun12.jpg","datePublished":"2025-11-13T14:02:49+00:00","dateModified":"2026-03-16T21:16:37+00:00","description":"Siyah polo yaka triko kazak, yumu\u015fak dokusu ve nefes alabilen yap\u0131s\u0131yla g\u00fcnl\u00fck ve ofis stiline uyum sa\u011flar. Zamans\u0131z ve \u015f\u0131k bir modeldir.","breadcrumb":{"@id":"https:\/\/marse.com.tr\/erkek\/urun\/erkek-polo-yaka-triko-kazak-siyah-2\/#breadcrumb"},"inLanguage":"tr","potentialAction":[{"@type":"ReadAction","target":["https:\/\/marse.com.tr\/erkek\/urun\/erkek-polo-yaka-triko-kazak-siyah-2\/"]}]},{"@type":"ImageObject","inLanguage":"tr","@id":"https:\/\/marse.com.tr\/erkek\/urun\/erkek-polo-yaka-triko-kazak-siyah-2\/#primaryimage","url":"https:\/\/marse.com.tr\/erkek\/wp-content\/uploads\/2025\/11\/erkekurun12.jpg","contentUrl":"https:\/\/marse.com.tr\/erkek\/wp-content\/uploads\/2025\/11\/erkekurun12.jpg","width":1638,"height":2048},{"@type":"BreadcrumbList","@id":"https:\/\/marse.com.tr\/erkek\/urun\/erkek-polo-yaka-triko-kazak-siyah-2\/#breadcrumb","itemListElement":[{"@type":"ListItem","position":1,"name":"Anasayfa","item":"https:\/\/marse.com.tr\/erkek\/"},{"@type":"ListItem","position":2,"name":"Ma\u011faza","item":"https:\/\/marse.com.tr\/erkek\/erkek-magaza\/"},{"@type":"ListItem","position":3,"name":"Erkek polo yaka triko kazak Siyah"}]},{"@type":"WebSite","@id":"https:\/\/marse.com.tr\/erkek\/#website","url":"https:\/\/marse.com.tr\/erkek\/","name":"Marse","description":"","publisher":{"@id":"https:\/\/marse.com.tr\/erkek\/#organization"},"potentialAction":[{"@type":"SearchAction","target":{"@type":"EntryPoint","urlTemplate":"https:\/\/marse.com.tr\/erkek\/?s={search_term_string}"},"query-input":{"@type":"PropertyValueSpecification","valueRequired":true,"valueName":"search_term_string"}}],"inLanguage":"tr"},{"@type":"Organization","@id":"https:\/\/marse.com.tr\/erkek\/#organization","name":"Artilla","url":"https:\/\/marse.com.tr\/erkek\/","logo":{"@type":"ImageObject","inLanguage":"tr","@id":"https:\/\/marse.com.tr\/erkek\/#\/schema\/logo\/image\/","url":"https:\/\/www.marse.com.tr\/wp-content\/uploads\/2023\/09\/artilla-logo.jpg","contentUrl":"https:\/\/www.marse.com.tr\/wp-content\/uploads\/2023\/09\/artilla-logo.jpg","width":2479,"height":744,"caption":"Artilla"},"image":{"@id":"https:\/\/marse.com.tr\/erkek\/#\/schema\/logo\/image\/"},"sameAs":["https:\/\/www.instagram.com\/artillatekstil\/"]}]}},"_links":{"self":[{"href":"https:\/\/marse.com.tr\/erkek\/wp-json\/wp\/v2\/product\/7797","targetHints":{"allow":["GET"]}}],"collection":[{"href":"https:\/\/marse.com.tr\/erkek\/wp-json\/wp\/v2\/product"}],"about":[{"href":"https:\/\/marse.com.tr\/erkek\/wp-json\/wp\/v2\/types\/product"}],"replies":[{"embeddable":true,"href":"https:\/\/marse.com.tr\/erkek\/wp-json\/wp\/v2\/comments?post=7797"}],"version-history":[{"count":1,"href":"https:\/\/marse.com.tr\/erkek\/wp-json\/wp\/v2\/product\/7797\/revisions"}],"predecessor-version":[{"id":7806,"href":"https:\/\/marse.com.tr\/erkek\/wp-json\/wp\/v2\/product\/7797\/revisions\/7806"}],"wp:featuredmedia":[{"embeddable":true,"href":"https:\/\/marse.com.tr\/erkek\/wp-json\/wp\/v2\/media\/7805"}],"wp:attachment":[{"href":"https:\/\/marse.com.tr\/erkek\/wp-json\/wp\/v2\/media?parent=7797"}],"wp:term":[{"taxonomy":"product_brand","embeddable":true,"href":"https:\/\/marse.com.tr\/erkek\/wp-json\/wp\/v2\/product_brand?post=7797"},{"taxonomy":"product_cat","embeddable":true,"href":"https:\/\/marse.com.tr\/erkek\/wp-json\/wp\/v2\/product_cat?post=7797"},{"taxonomy":"product_tag","embeddable":true,"href":"https:\/\/marse.com.tr\/erkek\/wp-json\/wp\/v2\/product_tag?post=7797"}],"curies":[{"name":"wp","href":"https:\/\/api.w.org\/{rel}","templated":true}]}}