{"id":7890,"date":"2025-11-27T13:58:42","date_gmt":"2025-11-27T13:58:42","guid":{"rendered":"https:\/\/marse.com.tr\/erkek\/?post_type=product&#038;p=7890"},"modified":"2026-03-16T21:16:36","modified_gmt":"2026-03-16T21:16:36","slug":"erkek-yarim-fermuarli-fitilli-triko-kazak-antrasit","status":"publish","type":"product","link":"https:\/\/marse.com.tr\/erkek\/urun\/erkek-yarim-fermuarli-fitilli-triko-kazak-antrasit\/","title":{"rendered":"Erkek Yar\u0131m Fermuarl\u0131 Fitilli Triko Kazak \u2013 Antrasit"},"content":{"rendered":"<p>\u015e\u0131kl\u0131k ve rahatl\u0131\u011f\u0131 bir arada sunan yar\u0131m fermuarl\u0131 triko kazak, g\u00fcnl\u00fck kombinlerinize modern bir dokunu\u015f kat\u0131yor. Fitilli dokusu sayesinde hem s\u0131cak tutar hem de \u015f\u0131k bir g\u00f6r\u00fcn\u00fcm olu\u015fturur. Kaliteli triko yap\u0131s\u0131 ile uzun s\u00fcre formunu korur ve d\u00f6rt mevsime uyum sa\u011flar.<\/p>\n","protected":false},"excerpt":{"rendered":"<p>\u015e\u0131kl\u0131k ve rahatl\u0131\u011f\u0131 bir arada sunan yar\u0131m fermuarl\u0131 triko kazak, g\u00fcnl\u00fck kombinlerinize modern bir dokunu\u015f kat\u0131yor. Fitilli dokusu sayesinde hem s\u0131cak tutar hem de \u015f\u0131k bir g\u00f6r\u00fcn\u00fcm olu\u015fturur. Kaliteli triko yap\u0131s\u0131 ile uzun s\u00fcre formunu korur ve d\u00f6rt mevsime uyum sa\u011flar.<\/p>\n","protected":false},"featured_media":7896,"comment_status":"open","ping_status":"closed","template":"","meta":{"om_disable_all_campaigns":false},"product_brand":[],"product_cat":[88],"product_tag":[],"class_list":{"0":"post-7890","1":"product","2":"type-product","3":"status-publish","4":"has-post-thumbnail","6":"product_cat-kazak-ve-hirkalar","7":"nt-post-class","8":"","11":"excerpt-none","14":"first","15":"instock","16":"taxable","17":"shipping-taxable","18":"purchasable","19":"product-type-variable"},"yoast_head":"<!-- This site is optimized with the Yoast SEO plugin v26.9 - https:\/\/yoast.com\/product\/yoast-seo-wordpress\/ -->\n<title>Erkek Yar\u0131m Fermuarl\u0131 Fitilli Triko Kazak \u2013 Antrasit - Marse<\/title>\n<meta name=\"description\" content=\"Yar\u0131m fermuarl\u0131 fitilli triko kazak, modern tasar\u0131m\u0131 ve s\u0131cak tutan yap\u0131s\u0131yla d\u00f6rt mevsim rahat kullan\u0131m sunar.\" \/>\n<meta name=\"robots\" content=\"index, follow, max-snippet:-1, max-image-preview:large, max-video-preview:-1\" \/>\n<link rel=\"canonical\" href=\"https:\/\/marse.com.tr\/erkek\/urun\/erkek-yarim-fermuarli-fitilli-triko-kazak-antrasit\/\" \/>\n<meta property=\"og:locale\" content=\"tr_TR\" \/>\n<meta property=\"og:type\" content=\"article\" \/>\n<meta property=\"og:title\" content=\"Erkek Yar\u0131m Fermuarl\u0131 Fitilli Triko Kazak \u2013 Antrasit - Marse\" \/>\n<meta property=\"og:description\" content=\"Yar\u0131m fermuarl\u0131 fitilli triko kazak, modern tasar\u0131m\u0131 ve s\u0131cak tutan yap\u0131s\u0131yla d\u00f6rt mevsim rahat kullan\u0131m sunar.\" \/>\n<meta property=\"og:url\" content=\"https:\/\/marse.com.tr\/erkek\/urun\/erkek-yarim-fermuarli-fitilli-triko-kazak-antrasit\/\" \/>\n<meta property=\"og:site_name\" content=\"Marse\" \/>\n<meta property=\"article:modified_time\" content=\"2026-03-16T21:16:36+00:00\" \/>\n<meta property=\"og:image\" content=\"https:\/\/marse.com.tr\/erkek\/wp-content\/uploads\/2025\/11\/3-scaled.jpg\" \/>\n\t<meta property=\"og:image:width\" content=\"1440\" \/>\n\t<meta property=\"og:image:height\" content=\"2560\" \/>\n\t<meta property=\"og:image:type\" content=\"image\/jpeg\" \/>\n<meta name=\"twitter:card\" content=\"summary_large_image\" \/>\n<meta name=\"twitter:label1\" content=\"Tahmini okuma s\u00fcresi\" \/>\n\t<meta name=\"twitter:data1\" content=\"1 dakika\" \/>\n<script type=\"application\/ld+json\" class=\"yoast-schema-graph\">{\"@context\":\"https:\/\/schema.org\",\"@graph\":[{\"@type\":\"WebPage\",\"@id\":\"https:\/\/marse.com.tr\/erkek\/urun\/erkek-yarim-fermuarli-fitilli-triko-kazak-antrasit\/\",\"url\":\"https:\/\/marse.com.tr\/erkek\/urun\/erkek-yarim-fermuarli-fitilli-triko-kazak-antrasit\/\",\"name\":\"Erkek Yar\u0131m Fermuarl\u0131 Fitilli Triko Kazak \u2013 Antrasit - Marse\",\"isPartOf\":{\"@id\":\"https:\/\/marse.com.tr\/erkek\/#website\"},\"primaryImageOfPage\":{\"@id\":\"https:\/\/marse.com.tr\/erkek\/urun\/erkek-yarim-fermuarli-fitilli-triko-kazak-antrasit\/#primaryimage\"},\"image\":{\"@id\":\"https:\/\/marse.com.tr\/erkek\/urun\/erkek-yarim-fermuarli-fitilli-triko-kazak-antrasit\/#primaryimage\"},\"thumbnailUrl\":\"https:\/\/marse.com.tr\/erkek\/wp-content\/uploads\/2025\/11\/3-scaled.jpg\",\"datePublished\":\"2025-11-27T13:58:42+00:00\",\"dateModified\":\"2026-03-16T21:16:36+00:00\",\"description\":\"Yar\u0131m fermuarl\u0131 fitilli triko kazak, modern tasar\u0131m\u0131 ve s\u0131cak tutan yap\u0131s\u0131yla d\u00f6rt mevsim rahat kullan\u0131m sunar.\",\"breadcrumb\":{\"@id\":\"https:\/\/marse.com.tr\/erkek\/urun\/erkek-yarim-fermuarli-fitilli-triko-kazak-antrasit\/#breadcrumb\"},\"inLanguage\":\"tr\",\"potentialAction\":[{\"@type\":\"ReadAction\",\"target\":[\"https:\/\/marse.com.tr\/erkek\/urun\/erkek-yarim-fermuarli-fitilli-triko-kazak-antrasit\/\"]}]},{\"@type\":\"ImageObject\",\"inLanguage\":\"tr\",\"@id\":\"https:\/\/marse.com.tr\/erkek\/urun\/erkek-yarim-fermuarli-fitilli-triko-kazak-antrasit\/#primaryimage\",\"url\":\"https:\/\/marse.com.tr\/erkek\/wp-content\/uploads\/2025\/11\/3-scaled.jpg\",\"contentUrl\":\"https:\/\/marse.com.tr\/erkek\/wp-content\/uploads\/2025\/11\/3-scaled.jpg\",\"width\":1440,\"height\":2560},{\"@type\":\"BreadcrumbList\",\"@id\":\"https:\/\/marse.com.tr\/erkek\/urun\/erkek-yarim-fermuarli-fitilli-triko-kazak-antrasit\/#breadcrumb\",\"itemListElement\":[{\"@type\":\"ListItem\",\"position\":1,\"name\":\"Anasayfa\",\"item\":\"https:\/\/marse.com.tr\/erkek\/\"},{\"@type\":\"ListItem\",\"position\":2,\"name\":\"Ma\u011faza\",\"item\":\"https:\/\/marse.com.tr\/erkek\/erkek-magaza\/\"},{\"@type\":\"ListItem\",\"position\":3,\"name\":\"Erkek Yar\u0131m Fermuarl\u0131 Fitilli Triko Kazak \u2013 Antrasit\"}]},{\"@type\":\"WebSite\",\"@id\":\"https:\/\/marse.com.tr\/erkek\/#website\",\"url\":\"https:\/\/marse.com.tr\/erkek\/\",\"name\":\"Marse\",\"description\":\"\",\"publisher\":{\"@id\":\"https:\/\/marse.com.tr\/erkek\/#organization\"},\"potentialAction\":[{\"@type\":\"SearchAction\",\"target\":{\"@type\":\"EntryPoint\",\"urlTemplate\":\"https:\/\/marse.com.tr\/erkek\/?s={search_term_string}\"},\"query-input\":{\"@type\":\"PropertyValueSpecification\",\"valueRequired\":true,\"valueName\":\"search_term_string\"}}],\"inLanguage\":\"tr\"},{\"@type\":\"Organization\",\"@id\":\"https:\/\/marse.com.tr\/erkek\/#organization\",\"name\":\"Artilla\",\"url\":\"https:\/\/marse.com.tr\/erkek\/\",\"logo\":{\"@type\":\"ImageObject\",\"inLanguage\":\"tr\",\"@id\":\"https:\/\/marse.com.tr\/erkek\/#\/schema\/logo\/image\/\",\"url\":\"https:\/\/www.marse.com.tr\/wp-content\/uploads\/2023\/09\/artilla-logo.jpg\",\"contentUrl\":\"https:\/\/www.marse.com.tr\/wp-content\/uploads\/2023\/09\/artilla-logo.jpg\",\"width\":2479,\"height\":744,\"caption\":\"Artilla\"},\"image\":{\"@id\":\"https:\/\/marse.com.tr\/erkek\/#\/schema\/logo\/image\/\"},\"sameAs\":[\"https:\/\/www.instagram.com\/artillatekstil\/\"]}]}<\/script>\n<!-- \/ Yoast SEO plugin. -->","yoast_head_json":{"title":"Erkek Yar\u0131m Fermuarl\u0131 Fitilli Triko Kazak \u2013 Antrasit - Marse","description":"Yar\u0131m fermuarl\u0131 fitilli triko kazak, modern tasar\u0131m\u0131 ve s\u0131cak tutan yap\u0131s\u0131yla d\u00f6rt mevsim rahat kullan\u0131m sunar.","robots":{"index":"index","follow":"follow","max-snippet":"max-snippet:-1","max-image-preview":"max-image-preview:large","max-video-preview":"max-video-preview:-1"},"canonical":"https:\/\/marse.com.tr\/erkek\/urun\/erkek-yarim-fermuarli-fitilli-triko-kazak-antrasit\/","og_locale":"tr_TR","og_type":"article","og_title":"Erkek Yar\u0131m Fermuarl\u0131 Fitilli Triko Kazak \u2013 Antrasit - Marse","og_description":"Yar\u0131m fermuarl\u0131 fitilli triko kazak, modern tasar\u0131m\u0131 ve s\u0131cak tutan yap\u0131s\u0131yla d\u00f6rt mevsim rahat kullan\u0131m sunar.","og_url":"https:\/\/marse.com.tr\/erkek\/urun\/erkek-yarim-fermuarli-fitilli-triko-kazak-antrasit\/","og_site_name":"Marse","article_modified_time":"2026-03-16T21:16:36+00:00","og_image":[{"width":1440,"height":2560,"url":"https:\/\/marse.com.tr\/erkek\/wp-content\/uploads\/2025\/11\/3-scaled.jpg","type":"image\/jpeg"}],"twitter_card":"summary_large_image","twitter_misc":{"Tahmini okuma s\u00fcresi":"1 dakika"},"schema":{"@context":"https:\/\/schema.org","@graph":[{"@type":"WebPage","@id":"https:\/\/marse.com.tr\/erkek\/urun\/erkek-yarim-fermuarli-fitilli-triko-kazak-antrasit\/","url":"https:\/\/marse.com.tr\/erkek\/urun\/erkek-yarim-fermuarli-fitilli-triko-kazak-antrasit\/","name":"Erkek Yar\u0131m Fermuarl\u0131 Fitilli Triko Kazak \u2013 Antrasit - Marse","isPartOf":{"@id":"https:\/\/marse.com.tr\/erkek\/#website"},"primaryImageOfPage":{"@id":"https:\/\/marse.com.tr\/erkek\/urun\/erkek-yarim-fermuarli-fitilli-triko-kazak-antrasit\/#primaryimage"},"image":{"@id":"https:\/\/marse.com.tr\/erkek\/urun\/erkek-yarim-fermuarli-fitilli-triko-kazak-antrasit\/#primaryimage"},"thumbnailUrl":"https:\/\/marse.com.tr\/erkek\/wp-content\/uploads\/2025\/11\/3-scaled.jpg","datePublished":"2025-11-27T13:58:42+00:00","dateModified":"2026-03-16T21:16:36+00:00","description":"Yar\u0131m fermuarl\u0131 fitilli triko kazak, modern tasar\u0131m\u0131 ve s\u0131cak tutan yap\u0131s\u0131yla d\u00f6rt mevsim rahat kullan\u0131m sunar.","breadcrumb":{"@id":"https:\/\/marse.com.tr\/erkek\/urun\/erkek-yarim-fermuarli-fitilli-triko-kazak-antrasit\/#breadcrumb"},"inLanguage":"tr","potentialAction":[{"@type":"ReadAction","target":["https:\/\/marse.com.tr\/erkek\/urun\/erkek-yarim-fermuarli-fitilli-triko-kazak-antrasit\/"]}]},{"@type":"ImageObject","inLanguage":"tr","@id":"https:\/\/marse.com.tr\/erkek\/urun\/erkek-yarim-fermuarli-fitilli-triko-kazak-antrasit\/#primaryimage","url":"https:\/\/marse.com.tr\/erkek\/wp-content\/uploads\/2025\/11\/3-scaled.jpg","contentUrl":"https:\/\/marse.com.tr\/erkek\/wp-content\/uploads\/2025\/11\/3-scaled.jpg","width":1440,"height":2560},{"@type":"BreadcrumbList","@id":"https:\/\/marse.com.tr\/erkek\/urun\/erkek-yarim-fermuarli-fitilli-triko-kazak-antrasit\/#breadcrumb","itemListElement":[{"@type":"ListItem","position":1,"name":"Anasayfa","item":"https:\/\/marse.com.tr\/erkek\/"},{"@type":"ListItem","position":2,"name":"Ma\u011faza","item":"https:\/\/marse.com.tr\/erkek\/erkek-magaza\/"},{"@type":"ListItem","position":3,"name":"Erkek Yar\u0131m Fermuarl\u0131 Fitilli Triko Kazak \u2013 Antrasit"}]},{"@type":"WebSite","@id":"https:\/\/marse.com.tr\/erkek\/#website","url":"https:\/\/marse.com.tr\/erkek\/","name":"Marse","description":"","publisher":{"@id":"https:\/\/marse.com.tr\/erkek\/#organization"},"potentialAction":[{"@type":"SearchAction","target":{"@type":"EntryPoint","urlTemplate":"https:\/\/marse.com.tr\/erkek\/?s={search_term_string}"},"query-input":{"@type":"PropertyValueSpecification","valueRequired":true,"valueName":"search_term_string"}}],"inLanguage":"tr"},{"@type":"Organization","@id":"https:\/\/marse.com.tr\/erkek\/#organization","name":"Artilla","url":"https:\/\/marse.com.tr\/erkek\/","logo":{"@type":"ImageObject","inLanguage":"tr","@id":"https:\/\/marse.com.tr\/erkek\/#\/schema\/logo\/image\/","url":"https:\/\/www.marse.com.tr\/wp-content\/uploads\/2023\/09\/artilla-logo.jpg","contentUrl":"https:\/\/www.marse.com.tr\/wp-content\/uploads\/2023\/09\/artilla-logo.jpg","width":2479,"height":744,"caption":"Artilla"},"image":{"@id":"https:\/\/marse.com.tr\/erkek\/#\/schema\/logo\/image\/"},"sameAs":["https:\/\/www.instagram.com\/artillatekstil\/"]}]}},"_links":{"self":[{"href":"https:\/\/marse.com.tr\/erkek\/wp-json\/wp\/v2\/product\/7890","targetHints":{"allow":["GET"]}}],"collection":[{"href":"https:\/\/marse.com.tr\/erkek\/wp-json\/wp\/v2\/product"}],"about":[{"href":"https:\/\/marse.com.tr\/erkek\/wp-json\/wp\/v2\/types\/product"}],"replies":[{"embeddable":true,"href":"https:\/\/marse.com.tr\/erkek\/wp-json\/wp\/v2\/comments?post=7890"}],"version-history":[{"count":1,"href":"https:\/\/marse.com.tr\/erkek\/wp-json\/wp\/v2\/product\/7890\/revisions"}],"predecessor-version":[{"id":7930,"href":"https:\/\/marse.com.tr\/erkek\/wp-json\/wp\/v2\/product\/7890\/revisions\/7930"}],"wp:featuredmedia":[{"embeddable":true,"href":"https:\/\/marse.com.tr\/erkek\/wp-json\/wp\/v2\/media\/7896"}],"wp:attachment":[{"href":"https:\/\/marse.com.tr\/erkek\/wp-json\/wp\/v2\/media?parent=7890"}],"wp:term":[{"taxonomy":"product_brand","embeddable":true,"href":"https:\/\/marse.com.tr\/erkek\/wp-json\/wp\/v2\/product_brand?post=7890"},{"taxonomy":"product_cat","embeddable":true,"href":"https:\/\/marse.com.tr\/erkek\/wp-json\/wp\/v2\/product_cat?post=7890"},{"taxonomy":"product_tag","embeddable":true,"href":"https:\/\/marse.com.tr\/erkek\/wp-json\/wp\/v2\/product_tag?post=7890"}],"curies":[{"name":"wp","href":"https:\/\/api.w.org\/{rel}","templated":true}]}}