{"id":8090,"date":"2026-02-03T10:35:57","date_gmt":"2026-02-03T10:35:57","guid":{"rendered":"https:\/\/marse.com.tr\/erkek\/?post_type=product&#038;p=8090"},"modified":"2026-03-16T21:16:35","modified_gmt":"2026-03-16T21:16:35","slug":"erkek-premium-uzun-kollu-basic-t-shirt","status":"publish","type":"product","link":"https:\/\/marse.com.tr\/erkek\/urun\/erkek-premium-uzun-kollu-basic-t-shirt\/","title":{"rendered":"Erkek Premium Uzun Kollu Basic T-Shirt"},"content":{"rendered":"<p>Minimal tasar\u0131m\u0131 ve kusursuz kal\u0131b\u0131yla \u00f6ne \u00e7\u0131kan bu premium uzun kollu basic t-shirt, modern ve net bir stil anlay\u0131\u015f\u0131 sunar. P\u00fcr\u00fczs\u00fcz dokulu, esnek ve nefes alabilen kuma\u015f\u0131 sayesinde g\u00fcn boyu maksimum konfor sa\u011flar.<\/p>\n","protected":false},"excerpt":{"rendered":"<p>Minimal tasar\u0131m\u0131 ve kusursuz kal\u0131b\u0131yla \u00f6ne \u00e7\u0131kan bu premium uzun kollu basic t-shirt, modern ve net bir stil anlay\u0131\u015f\u0131 sunar. P\u00fcr\u00fczs\u00fcz dokulu, esnek ve nefes alabilen kuma\u015f\u0131 sayesinde g\u00fcn boyu maksimum konfor sa\u011flar.<\/p>\n","protected":false},"featured_media":8073,"comment_status":"open","ping_status":"closed","template":"","meta":{"om_disable_all_campaigns":false},"product_brand":[76],"product_cat":[88],"product_tag":[],"class_list":{"0":"post-8090","1":"product","2":"type-product","3":"status-publish","4":"has-post-thumbnail","6":"product_brand-marse","7":"product_cat-kazak-ve-hirkalar","8":"nt-post-class","9":"","12":"excerpt-none","15":"first","16":"instock","17":"taxable","18":"shipping-taxable","19":"purchasable","20":"product-type-variable"},"yoast_head":"<!-- This site is optimized with the Yoast SEO plugin v26.9 - https:\/\/yoast.com\/product\/yoast-seo-wordpress\/ -->\n<title>Erkek Premium Uzun Kollu Basic T-Shirt - Marse<\/title>\n<meta name=\"robots\" content=\"index, follow, max-snippet:-1, max-image-preview:large, max-video-preview:-1\" \/>\n<link rel=\"canonical\" href=\"https:\/\/marse.com.tr\/erkek\/urun\/erkek-premium-uzun-kollu-basic-t-shirt\/\" \/>\n<meta property=\"og:locale\" content=\"tr_TR\" \/>\n<meta property=\"og:type\" content=\"article\" \/>\n<meta property=\"og:title\" content=\"Erkek Premium Uzun Kollu Basic T-Shirt - Marse\" \/>\n<meta property=\"og:description\" content=\"Minimal tasar\u0131m\u0131 ve kusursuz kal\u0131b\u0131yla \u00f6ne \u00e7\u0131kan bu premium uzun kollu basic t-shirt, modern ve net bir stil anlay\u0131\u015f\u0131 sunar. P\u00fcr\u00fczs\u00fcz dokulu, esnek ve nefes alabilen kuma\u015f\u0131 sayesinde g\u00fcn boyu maksimum konfor sa\u011flar.\" \/>\n<meta property=\"og:url\" content=\"https:\/\/marse.com.tr\/erkek\/urun\/erkek-premium-uzun-kollu-basic-t-shirt\/\" \/>\n<meta property=\"og:site_name\" content=\"Marse\" \/>\n<meta property=\"article:modified_time\" content=\"2026-03-16T21:16:35+00:00\" \/>\n<meta property=\"og:image\" content=\"https:\/\/marse.com.tr\/erkek\/wp-content\/uploads\/2026\/02\/IMG_3645.jpg\" \/>\n\t<meta property=\"og:image:width\" content=\"1290\" \/>\n\t<meta property=\"og:image:height\" content=\"2293\" \/>\n\t<meta property=\"og:image:type\" content=\"image\/jpeg\" \/>\n<meta name=\"twitter:card\" content=\"summary_large_image\" \/>\n<meta name=\"twitter:label1\" content=\"Tahmini okuma s\u00fcresi\" \/>\n\t<meta name=\"twitter:data1\" content=\"1 dakika\" \/>\n<script type=\"application\/ld+json\" class=\"yoast-schema-graph\">{\"@context\":\"https:\/\/schema.org\",\"@graph\":[{\"@type\":\"WebPage\",\"@id\":\"https:\/\/marse.com.tr\/erkek\/urun\/erkek-premium-uzun-kollu-basic-t-shirt\/\",\"url\":\"https:\/\/marse.com.tr\/erkek\/urun\/erkek-premium-uzun-kollu-basic-t-shirt\/\",\"name\":\"Erkek Premium Uzun Kollu Basic T-Shirt - Marse\",\"isPartOf\":{\"@id\":\"https:\/\/marse.com.tr\/erkek\/#website\"},\"primaryImageOfPage\":{\"@id\":\"https:\/\/marse.com.tr\/erkek\/urun\/erkek-premium-uzun-kollu-basic-t-shirt\/#primaryimage\"},\"image\":{\"@id\":\"https:\/\/marse.com.tr\/erkek\/urun\/erkek-premium-uzun-kollu-basic-t-shirt\/#primaryimage\"},\"thumbnailUrl\":\"https:\/\/marse.com.tr\/erkek\/wp-content\/uploads\/2026\/02\/IMG_3645.jpg\",\"datePublished\":\"2026-02-03T10:35:57+00:00\",\"dateModified\":\"2026-03-16T21:16:35+00:00\",\"breadcrumb\":{\"@id\":\"https:\/\/marse.com.tr\/erkek\/urun\/erkek-premium-uzun-kollu-basic-t-shirt\/#breadcrumb\"},\"inLanguage\":\"tr\",\"potentialAction\":[{\"@type\":\"ReadAction\",\"target\":[\"https:\/\/marse.com.tr\/erkek\/urun\/erkek-premium-uzun-kollu-basic-t-shirt\/\"]}]},{\"@type\":\"ImageObject\",\"inLanguage\":\"tr\",\"@id\":\"https:\/\/marse.com.tr\/erkek\/urun\/erkek-premium-uzun-kollu-basic-t-shirt\/#primaryimage\",\"url\":\"https:\/\/marse.com.tr\/erkek\/wp-content\/uploads\/2026\/02\/IMG_3645.jpg\",\"contentUrl\":\"https:\/\/marse.com.tr\/erkek\/wp-content\/uploads\/2026\/02\/IMG_3645.jpg\",\"width\":1290,\"height\":2293},{\"@type\":\"BreadcrumbList\",\"@id\":\"https:\/\/marse.com.tr\/erkek\/urun\/erkek-premium-uzun-kollu-basic-t-shirt\/#breadcrumb\",\"itemListElement\":[{\"@type\":\"ListItem\",\"position\":1,\"name\":\"Anasayfa\",\"item\":\"https:\/\/marse.com.tr\/erkek\/\"},{\"@type\":\"ListItem\",\"position\":2,\"name\":\"Ma\u011faza\",\"item\":\"https:\/\/marse.com.tr\/erkek\/erkek-magaza\/\"},{\"@type\":\"ListItem\",\"position\":3,\"name\":\"Erkek Premium Uzun Kollu Basic T-Shirt\"}]},{\"@type\":\"WebSite\",\"@id\":\"https:\/\/marse.com.tr\/erkek\/#website\",\"url\":\"https:\/\/marse.com.tr\/erkek\/\",\"name\":\"Marse\",\"description\":\"\",\"publisher\":{\"@id\":\"https:\/\/marse.com.tr\/erkek\/#organization\"},\"potentialAction\":[{\"@type\":\"SearchAction\",\"target\":{\"@type\":\"EntryPoint\",\"urlTemplate\":\"https:\/\/marse.com.tr\/erkek\/?s={search_term_string}\"},\"query-input\":{\"@type\":\"PropertyValueSpecification\",\"valueRequired\":true,\"valueName\":\"search_term_string\"}}],\"inLanguage\":\"tr\"},{\"@type\":\"Organization\",\"@id\":\"https:\/\/marse.com.tr\/erkek\/#organization\",\"name\":\"Artilla\",\"url\":\"https:\/\/marse.com.tr\/erkek\/\",\"logo\":{\"@type\":\"ImageObject\",\"inLanguage\":\"tr\",\"@id\":\"https:\/\/marse.com.tr\/erkek\/#\/schema\/logo\/image\/\",\"url\":\"https:\/\/www.marse.com.tr\/wp-content\/uploads\/2023\/09\/artilla-logo.jpg\",\"contentUrl\":\"https:\/\/www.marse.com.tr\/wp-content\/uploads\/2023\/09\/artilla-logo.jpg\",\"width\":2479,\"height\":744,\"caption\":\"Artilla\"},\"image\":{\"@id\":\"https:\/\/marse.com.tr\/erkek\/#\/schema\/logo\/image\/\"},\"sameAs\":[\"https:\/\/www.instagram.com\/artillatekstil\/\"]}]}<\/script>\n<!-- \/ Yoast SEO plugin. -->","yoast_head_json":{"title":"Erkek Premium Uzun Kollu Basic T-Shirt - Marse","robots":{"index":"index","follow":"follow","max-snippet":"max-snippet:-1","max-image-preview":"max-image-preview:large","max-video-preview":"max-video-preview:-1"},"canonical":"https:\/\/marse.com.tr\/erkek\/urun\/erkek-premium-uzun-kollu-basic-t-shirt\/","og_locale":"tr_TR","og_type":"article","og_title":"Erkek Premium Uzun Kollu Basic T-Shirt - Marse","og_description":"Minimal tasar\u0131m\u0131 ve kusursuz kal\u0131b\u0131yla \u00f6ne \u00e7\u0131kan bu premium uzun kollu basic t-shirt, modern ve net bir stil anlay\u0131\u015f\u0131 sunar. P\u00fcr\u00fczs\u00fcz dokulu, esnek ve nefes alabilen kuma\u015f\u0131 sayesinde g\u00fcn boyu maksimum konfor sa\u011flar.","og_url":"https:\/\/marse.com.tr\/erkek\/urun\/erkek-premium-uzun-kollu-basic-t-shirt\/","og_site_name":"Marse","article_modified_time":"2026-03-16T21:16:35+00:00","og_image":[{"width":1290,"height":2293,"url":"https:\/\/marse.com.tr\/erkek\/wp-content\/uploads\/2026\/02\/IMG_3645.jpg","type":"image\/jpeg"}],"twitter_card":"summary_large_image","twitter_misc":{"Tahmini okuma s\u00fcresi":"1 dakika"},"schema":{"@context":"https:\/\/schema.org","@graph":[{"@type":"WebPage","@id":"https:\/\/marse.com.tr\/erkek\/urun\/erkek-premium-uzun-kollu-basic-t-shirt\/","url":"https:\/\/marse.com.tr\/erkek\/urun\/erkek-premium-uzun-kollu-basic-t-shirt\/","name":"Erkek Premium Uzun Kollu Basic T-Shirt - Marse","isPartOf":{"@id":"https:\/\/marse.com.tr\/erkek\/#website"},"primaryImageOfPage":{"@id":"https:\/\/marse.com.tr\/erkek\/urun\/erkek-premium-uzun-kollu-basic-t-shirt\/#primaryimage"},"image":{"@id":"https:\/\/marse.com.tr\/erkek\/urun\/erkek-premium-uzun-kollu-basic-t-shirt\/#primaryimage"},"thumbnailUrl":"https:\/\/marse.com.tr\/erkek\/wp-content\/uploads\/2026\/02\/IMG_3645.jpg","datePublished":"2026-02-03T10:35:57+00:00","dateModified":"2026-03-16T21:16:35+00:00","breadcrumb":{"@id":"https:\/\/marse.com.tr\/erkek\/urun\/erkek-premium-uzun-kollu-basic-t-shirt\/#breadcrumb"},"inLanguage":"tr","potentialAction":[{"@type":"ReadAction","target":["https:\/\/marse.com.tr\/erkek\/urun\/erkek-premium-uzun-kollu-basic-t-shirt\/"]}]},{"@type":"ImageObject","inLanguage":"tr","@id":"https:\/\/marse.com.tr\/erkek\/urun\/erkek-premium-uzun-kollu-basic-t-shirt\/#primaryimage","url":"https:\/\/marse.com.tr\/erkek\/wp-content\/uploads\/2026\/02\/IMG_3645.jpg","contentUrl":"https:\/\/marse.com.tr\/erkek\/wp-content\/uploads\/2026\/02\/IMG_3645.jpg","width":1290,"height":2293},{"@type":"BreadcrumbList","@id":"https:\/\/marse.com.tr\/erkek\/urun\/erkek-premium-uzun-kollu-basic-t-shirt\/#breadcrumb","itemListElement":[{"@type":"ListItem","position":1,"name":"Anasayfa","item":"https:\/\/marse.com.tr\/erkek\/"},{"@type":"ListItem","position":2,"name":"Ma\u011faza","item":"https:\/\/marse.com.tr\/erkek\/erkek-magaza\/"},{"@type":"ListItem","position":3,"name":"Erkek Premium Uzun Kollu Basic T-Shirt"}]},{"@type":"WebSite","@id":"https:\/\/marse.com.tr\/erkek\/#website","url":"https:\/\/marse.com.tr\/erkek\/","name":"Marse","description":"","publisher":{"@id":"https:\/\/marse.com.tr\/erkek\/#organization"},"potentialAction":[{"@type":"SearchAction","target":{"@type":"EntryPoint","urlTemplate":"https:\/\/marse.com.tr\/erkek\/?s={search_term_string}"},"query-input":{"@type":"PropertyValueSpecification","valueRequired":true,"valueName":"search_term_string"}}],"inLanguage":"tr"},{"@type":"Organization","@id":"https:\/\/marse.com.tr\/erkek\/#organization","name":"Artilla","url":"https:\/\/marse.com.tr\/erkek\/","logo":{"@type":"ImageObject","inLanguage":"tr","@id":"https:\/\/marse.com.tr\/erkek\/#\/schema\/logo\/image\/","url":"https:\/\/www.marse.com.tr\/wp-content\/uploads\/2023\/09\/artilla-logo.jpg","contentUrl":"https:\/\/www.marse.com.tr\/wp-content\/uploads\/2023\/09\/artilla-logo.jpg","width":2479,"height":744,"caption":"Artilla"},"image":{"@id":"https:\/\/marse.com.tr\/erkek\/#\/schema\/logo\/image\/"},"sameAs":["https:\/\/www.instagram.com\/artillatekstil\/"]}]}},"_links":{"self":[{"href":"https:\/\/marse.com.tr\/erkek\/wp-json\/wp\/v2\/product\/8090","targetHints":{"allow":["GET"]}}],"collection":[{"href":"https:\/\/marse.com.tr\/erkek\/wp-json\/wp\/v2\/product"}],"about":[{"href":"https:\/\/marse.com.tr\/erkek\/wp-json\/wp\/v2\/types\/product"}],"replies":[{"embeddable":true,"href":"https:\/\/marse.com.tr\/erkek\/wp-json\/wp\/v2\/comments?post=8090"}],"version-history":[{"count":1,"href":"https:\/\/marse.com.tr\/erkek\/wp-json\/wp\/v2\/product\/8090\/revisions"}],"predecessor-version":[{"id":8095,"href":"https:\/\/marse.com.tr\/erkek\/wp-json\/wp\/v2\/product\/8090\/revisions\/8095"}],"wp:featuredmedia":[{"embeddable":true,"href":"https:\/\/marse.com.tr\/erkek\/wp-json\/wp\/v2\/media\/8073"}],"wp:attachment":[{"href":"https:\/\/marse.com.tr\/erkek\/wp-json\/wp\/v2\/media?parent=8090"}],"wp:term":[{"taxonomy":"product_brand","embeddable":true,"href":"https:\/\/marse.com.tr\/erkek\/wp-json\/wp\/v2\/product_brand?post=8090"},{"taxonomy":"product_cat","embeddable":true,"href":"https:\/\/marse.com.tr\/erkek\/wp-json\/wp\/v2\/product_cat?post=8090"},{"taxonomy":"product_tag","embeddable":true,"href":"https:\/\/marse.com.tr\/erkek\/wp-json\/wp\/v2\/product_tag?post=8090"}],"curies":[{"name":"wp","href":"https:\/\/api.w.org\/{rel}","templated":true}]}}