{"id":109,"date":"2021-09-10T07:47:31","date_gmt":"2021-09-10T04:47:31","guid":{"rendered":"https:\/\/ninetheme.com\/themes\/styler\/fashion\/?page_id=109"},"modified":"2025-12-25T14:33:59","modified_gmt":"2025-12-25T14:33:59","slug":"hakkimizda","status":"publish","type":"page","link":"https:\/\/marse.com.tr\/kadin\/hakkimizda\/","title":{"rendered":"Hakk\u0131m\u0131zda"},"content":{"rendered":"\t\t<div data-elementor-type=\"wp-page\" data-elementor-id=\"109\" class=\"elementor elementor-109\">\n\t\t\t\t\t\t<section class=\"gap-extended elementor-section elementor-top-section elementor-element elementor-element-abc1d9c elementor-section-height-full nt-section section-padding elementor-section-boxed elementor-section-height-default elementor-section-items-middle\" data-id=\"abc1d9c\" data-element_type=\"section\" data-e-type=\"section\" data-settings=\"{&quot;background_background&quot;:&quot;classic&quot;}\">\n\t\t\t\t\t\t\t<div class=\"elementor-background-overlay\"><\/div>\n\t\t\t\t\t\t\t<div class=\"elementor-container elementor-column-gap-extended\">\n\t\t\t\t\t<div class=\"elementor-column elementor-col-50 elementor-top-column elementor-element elementor-element-1c56543\" data-id=\"1c56543\" data-element_type=\"column\" data-e-type=\"column\">\n\t\t\t<div class=\"elementor-widget-wrap\">\n\t\t\t\t\t\t\t<\/div>\n\t\t<\/div>\n\t\t\t\t<div class=\"elementor-column elementor-col-50 elementor-top-column elementor-element elementor-element-e9d4434\" data-id=\"e9d4434\" data-element_type=\"column\" data-e-type=\"column\">\n\t\t\t<div class=\"elementor-widget-wrap elementor-element-populated\">\n\t\t\t\t\t\t<div class=\"elementor-element elementor-element-5fc40e7 styler-transform transform-type-translate elementor-widget elementor-widget-heading\" data-id=\"5fc40e7\" data-element_type=\"widget\" data-e-type=\"widget\" data-widget_type=\"heading.default\">\n\t\t\t\t<div class=\"elementor-widget-container\">\n\t\t\t\t\t<h6 class=\"elementor-heading-title elementor-size-default\">ART\u0130LLA TEKST\u0130L<\/h6>\t\t\t\t<\/div>\n\t\t\t\t<\/div>\n\t\t\t\t<div class=\"elementor-element elementor-element-f12beab styler-transform transform-type-translate elementor-widget elementor-widget-heading\" data-id=\"f12beab\" data-element_type=\"widget\" data-e-type=\"widget\" data-widget_type=\"heading.default\">\n\t\t\t\t<div class=\"elementor-widget-container\">\n\t\t\t\t\t<h1 class=\"elementor-heading-title elementor-size-default\">\u00d6zg\u00fcn Tasar\u0131mlar<\/h1>\t\t\t\t<\/div>\n\t\t\t\t<\/div>\n\t\t\t\t<div class=\"elementor-element elementor-element-1cab06d styler-transform transform-type-translate elementor-widget elementor-widget-heading\" data-id=\"1cab06d\" data-element_type=\"widget\" data-e-type=\"widget\" data-widget_type=\"heading.default\">\n\t\t\t\t<div class=\"elementor-widget-container\">\n\t\t\t\t\t<p class=\"elementor-heading-title elementor-size-default\">Artilla Tekstil olarak sizler i\u00e7in yeni trendler olu\u015fturuyoruz. \u00d6zg\u00fcn tasar\u0131mlar\u0131m\u0131z ve kaliteli \u00fcr\u00fcnlerimizle modern ve rahat kullan\u0131m \u015fans\u0131n\u0131 tek bir \u00fcr\u00fcnde yakalaman\u0131z\u0131 sa\u011fl\u0131yor ve ihtiya\u00e7lar\u0131n\u0131za d\u00f6n\u00fck \u00fcr\u00fcnler \u00fcretiyoruz.<\/p>\t\t\t\t<\/div>\n\t\t\t\t<\/div>\n\t\t\t\t\t<\/div>\n\t\t<\/div>\n\t\t\t\t\t<\/div>\n\t\t<\/section>\n\t\t\t\t<section class=\"gap-extended elementor-section elementor-top-section elementor-element elementor-element-b884479 elementor-section-content-middle nt-section section-padding elementor-section-boxed elementor-section-height-default elementor-section-height-default\" data-id=\"b884479\" data-element_type=\"section\" data-e-type=\"section\">\n\t\t\t\t\t\t<div class=\"elementor-container elementor-column-gap-extended\">\n\t\t\t\t\t<div class=\"elementor-column elementor-col-50 elementor-top-column elementor-element elementor-element-535af7f\" data-id=\"535af7f\" data-element_type=\"column\" data-e-type=\"column\">\n\t\t\t<div class=\"elementor-widget-wrap elementor-element-populated\">\n\t\t\t\t\t\t<div class=\"elementor-element elementor-element-d2ee303 styler-transform transform-type-translate elementor-widget elementor-widget-heading\" data-id=\"d2ee303\" data-element_type=\"widget\" data-e-type=\"widget\" data-widget_type=\"heading.default\">\n\t\t\t\t<div class=\"elementor-widget-container\">\n\t\t\t\t\t<h2 class=\"elementor-heading-title elementor-size-default\">Farkl\u0131 Tarzlar<\/h2>\t\t\t\t<\/div>\n\t\t\t\t<\/div>\n\t\t\t\t<div class=\"elementor-element elementor-element-15c0dab elementor-widget__width-initial styler-transform transform-type-translate elementor-widget elementor-widget-heading\" data-id=\"15c0dab\" data-element_type=\"widget\" data-e-type=\"widget\" data-widget_type=\"heading.default\">\n\t\t\t\t<div class=\"elementor-widget-container\">\n\t\t\t\t\t<p class=\"elementor-heading-title elementor-size-default\">Artilla Tekstil, hem erkek hem de kad\u0131n \u00fczerine \u00fcretim yapan bir firmay\u0131z.<\/p>\t\t\t\t<\/div>\n\t\t\t\t<\/div>\n\t\t\t\t<div class=\"elementor-element elementor-element-9f012ad styler-transform transform-type-translate elementor-widget elementor-widget-heading\" data-id=\"9f012ad\" data-element_type=\"widget\" data-e-type=\"widget\" data-widget_type=\"heading.default\">\n\t\t\t\t<div class=\"elementor-widget-container\">\n\t\t\t\t\t<h6 class=\"elementor-heading-title elementor-size-default\"><a href=\"https:\/\/marse.com.tr\/kadin\/kadin-magaza\/\">Bizimle de\u011fi\u015fimi yakalamak ister misin!<\/a><\/h6>\t\t\t\t<\/div>\n\t\t\t\t<\/div>\n\t\t\t\t\t<\/div>\n\t\t<\/div>\n\t\t\t\t<div class=\"elementor-column elementor-col-50 elementor-top-column elementor-element elementor-element-c998a64\" data-id=\"c998a64\" data-element_type=\"column\" data-e-type=\"column\">\n\t\t\t<div class=\"elementor-widget-wrap elementor-element-populated\">\n\t\t\t\t\t\t<section class=\"gap-default elementor-section elementor-inner-section elementor-element elementor-element-74b0e31 elementor-section-boxed elementor-section-height-default elementor-section-height-default\" data-id=\"74b0e31\" data-element_type=\"section\" data-e-type=\"section\">\n\t\t\t\t\t\t<div class=\"elementor-container elementor-column-gap-default\">\n\t\t\t\t\t<div class=\"elementor-column elementor-col-25 elementor-inner-column elementor-element elementor-element-c5eef37\" data-id=\"c5eef37\" data-element_type=\"column\" data-e-type=\"column\">\n\t\t\t<div class=\"elementor-widget-wrap elementor-element-populated\">\n\t\t\t\t\t\t<div class=\"elementor-element elementor-element-f7e5943 elementor-widget elementor-widget-image\" data-id=\"f7e5943\" data-element_type=\"widget\" data-e-type=\"widget\" data-widget_type=\"image.default\">\n\t\t\t\t<div class=\"elementor-widget-container\">\n\t\t\t\t\t\t\t\t\t\t\t\t\t\t\t<img decoding=\"async\" src=\"https:\/\/marse.com.tr\/kadin\/wp-content\/uploads\/elementor\/thumbs\/fd-r57ndhcktnj8tu1lifheeebkqgyh6giv23ac7s131c.webp\" title=\"fd\" alt=\"fd\" loading=\"lazy\" \/>\t\t\t\t\t\t\t\t\t\t\t\t\t\t\t<\/div>\n\t\t\t\t<\/div>\n\t\t\t\t\t<\/div>\n\t\t<\/div>\n\t\t\t\t<div class=\"elementor-column elementor-col-25 elementor-inner-column elementor-element elementor-element-0b83681\" data-id=\"0b83681\" data-element_type=\"column\" data-e-type=\"column\">\n\t\t\t<div class=\"elementor-widget-wrap elementor-element-populated\">\n\t\t\t\t\t\t<div class=\"elementor-element elementor-element-728ea20 elementor-widget elementor-widget-image\" data-id=\"728ea20\" data-element_type=\"widget\" data-e-type=\"widget\" data-widget_type=\"image.default\">\n\t\t\t\t<div class=\"elementor-widget-container\">\n\t\t\t\t\t\t\t\t\t\t\t\t\t\t\t<img decoding=\"async\" src=\"https:\/\/marse.com.tr\/kadin\/wp-content\/uploads\/elementor\/thumbs\/1_org_zoom.jpg-17-r57nd0fhemw30uq698645ila1j9vbwnozrjlksq65c.webp\" title=\"1_org_zoom.jpg\" alt=\"1_org_zoom.jpg\" loading=\"lazy\" \/>\t\t\t\t\t\t\t\t\t\t\t\t\t\t\t<\/div>\n\t\t\t\t<\/div>\n\t\t\t\t\t<\/div>\n\t\t<\/div>\n\t\t\t\t<div class=\"elementor-column elementor-col-25 elementor-inner-column elementor-element elementor-element-b43f153\" data-id=\"b43f153\" data-element_type=\"column\" data-e-type=\"column\">\n\t\t\t<div class=\"elementor-widget-wrap elementor-element-populated\">\n\t\t\t\t\t\t<div class=\"elementor-element elementor-element-6a5472a elementor-widget elementor-widget-image\" data-id=\"6a5472a\" data-element_type=\"widget\" data-e-type=\"widget\" data-widget_type=\"image.default\">\n\t\t\t\t<div class=\"elementor-widget-container\">\n\t\t\t\t\t\t\t\t\t\t\t\t\t\t\t<img decoding=\"async\" src=\"https:\/\/marse.com.tr\/kadin\/wp-content\/uploads\/elementor\/thumbs\/2_org_zoom.jpg-6-r57nctum2sn2rkzqbnbq6291vu6au0xkmuz77uzxcw.webp\" title=\"2_org_zoom.jpg\" alt=\"2_org_zoom.jpg\" loading=\"lazy\" \/>\t\t\t\t\t\t\t\t\t\t\t\t\t\t\t<\/div>\n\t\t\t\t<\/div>\n\t\t\t\t\t<\/div>\n\t\t<\/div>\n\t\t\t\t<div class=\"elementor-column elementor-col-25 elementor-inner-column elementor-element elementor-element-d25c563\" data-id=\"d25c563\" data-element_type=\"column\" data-e-type=\"column\">\n\t\t\t<div class=\"elementor-widget-wrap elementor-element-populated\">\n\t\t\t\t\t\t<div class=\"elementor-element elementor-element-b90a854 elementor-widget elementor-widget-image\" data-id=\"b90a854\" data-element_type=\"widget\" data-e-type=\"widget\" data-widget_type=\"image.default\">\n\t\t\t\t<div class=\"elementor-widget-container\">\n\t\t\t\t\t\t\t\t\t\t\t\t\t\t\t<img decoding=\"async\" src=\"https:\/\/marse.com.tr\/kadin\/wp-content\/uploads\/elementor\/thumbs\/ww-r57ncbzogxymmzpo7xltcoralimbrryo8ekz3lqen4.webp\" title=\"ww\" alt=\"ww\" loading=\"lazy\" \/>\t\t\t\t\t\t\t\t\t\t\t\t\t\t\t<\/div>\n\t\t\t\t<\/div>\n\t\t\t\t\t<\/div>\n\t\t<\/div>\n\t\t\t\t\t<\/div>\n\t\t<\/section>\n\t\t\t\t\t<\/div>\n\t\t<\/div>\n\t\t\t\t\t<\/div>\n\t\t<\/section>\n\t\t\t\t<section class=\"gap-extended elementor-section elementor-top-section elementor-element elementor-element-452c709 elementor-section-content-middle nt-section section-padding elementor-section-boxed elementor-section-height-default elementor-section-height-default\" data-id=\"452c709\" data-element_type=\"section\" data-e-type=\"section\">\n\t\t\t\t\t\t<div class=\"elementor-container elementor-column-gap-extended\">\n\t\t\t\t\t<div class=\"elementor-column elementor-col-50 elementor-top-column elementor-element elementor-element-09d4350\" data-id=\"09d4350\" data-element_type=\"column\" data-e-type=\"column\">\n\t\t\t<div class=\"elementor-widget-wrap elementor-element-populated\">\n\t\t\t\t\t\t<div class=\"elementor-element elementor-element-0ecc75f elementor-widget elementor-widget-image\" data-id=\"0ecc75f\" data-element_type=\"widget\" data-e-type=\"widget\" data-widget_type=\"image.default\">\n\t\t\t\t<div class=\"elementor-widget-container\">\n\t\t\t\t\t\t\t\t\t\t\t\t\t\t\t<img fetchpriority=\"high\" decoding=\"async\" width=\"960\" height=\"624\" src=\"https:\/\/marse.com.tr\/kadin\/wp-content\/uploads\/2022\/02\/one-cikan-urun-scaled-1.jpg\" class=\"attachment-large size-large wp-image-6265\" alt=\"\" data-src=\"https:\/\/marse.com.tr\/kadin\/wp-content\/uploads\/2022\/02\/one-cikan-urun-scaled-1.jpg\" data-srcset=\"\" data-sizes=\"\" \/>\t\t\t\t\t\t\t\t\t\t\t\t\t\t\t<\/div>\n\t\t\t\t<\/div>\n\t\t\t\t\t<\/div>\n\t\t<\/div>\n\t\t\t\t<div class=\"elementor-column elementor-col-50 elementor-top-column elementor-element elementor-element-3d58a41\" data-id=\"3d58a41\" data-element_type=\"column\" data-e-type=\"column\">\n\t\t\t<div class=\"elementor-widget-wrap elementor-element-populated\">\n\t\t\t\t\t\t<div class=\"elementor-element elementor-element-c3daab7 styler-transform transform-type-translate elementor-widget elementor-widget-heading\" data-id=\"c3daab7\" data-element_type=\"widget\" data-e-type=\"widget\" data-widget_type=\"heading.default\">\n\t\t\t\t<div class=\"elementor-widget-container\">\n\t\t\t\t\t<h2 class=\"elementor-heading-title elementor-size-default\">Y\u0131llar\u0131n Deneyimi<\/h2>\t\t\t\t<\/div>\n\t\t\t\t<\/div>\n\t\t\t\t<div class=\"elementor-element elementor-element-d92df04 elementor-widget__width-initial styler-transform transform-type-translate elementor-widget elementor-widget-heading\" data-id=\"d92df04\" data-element_type=\"widget\" data-e-type=\"widget\" data-widget_type=\"heading.default\">\n\t\t\t\t<div class=\"elementor-widget-container\">\n\t\t\t\t\t<p class=\"elementor-heading-title elementor-size-default\">Artilla Tekstil olarak y\u0131llard\u0131r \u00fcretim kabiliyetimizle edindi\u011fimiz tecr\u00fcbemizi sat\u0131\u015f g\u00fcc\u00fcyle birle\u015ftirmek istedik. Bu istek sonucu Artilla markam\u0131z\u0131 hayata ge\u00e7irdik. Artilla ile y\u0131llar\u0131n deneyiminin \u00fcr\u00fcne d\u00f6n\u00fc\u015fm\u00fc\u015f halini sat\u0131n al\u0131n.<\/p>\t\t\t\t<\/div>\n\t\t\t\t<\/div>\n\t\t\t\t<div class=\"elementor-element elementor-element-5238369 styler-transform transform-type-translate elementor-widget elementor-widget-heading\" data-id=\"5238369\" data-element_type=\"widget\" data-e-type=\"widget\" data-widget_type=\"heading.default\">\n\t\t\t\t<div class=\"elementor-widget-container\">\n\t\t\t\t\t<h6 class=\"elementor-heading-title elementor-size-default\"><a href=\"https:\/\/marse.com.tr\/kadin\/kadin-magaza\/\">Ma\u011fazaya Git<\/a><\/h6>\t\t\t\t<\/div>\n\t\t\t\t<\/div>\n\t\t\t\t\t<\/div>\n\t\t<\/div>\n\t\t\t\t\t<\/div>\n\t\t<\/section>\n\t\t\t\t<section class=\"gap-default elementor-section elementor-top-section elementor-element elementor-element-1c7d399 nt-section section-padding elementor-section-boxed elementor-section-height-default elementor-section-height-default\" data-id=\"1c7d399\" data-element_type=\"section\" data-e-type=\"section\" data-settings=\"{&quot;background_background&quot;:&quot;classic&quot;}\">\n\t\t\t\t\t\t<div class=\"elementor-container elementor-column-gap-default\">\n\t\t\t\t\t<div class=\"elementor-column elementor-col-100 elementor-top-column elementor-element elementor-element-40dba44\" data-id=\"40dba44\" data-element_type=\"column\" data-e-type=\"column\">\n\t\t\t<div class=\"elementor-widget-wrap elementor-element-populated\">\n\t\t\t\t\t\t<div class=\"elementor-element elementor-element-d148147 styler-transform transform-type-translate elementor-widget elementor-widget-heading\" data-id=\"d148147\" data-element_type=\"widget\" data-e-type=\"widget\" data-widget_type=\"heading.default\">\n\t\t\t\t<div class=\"elementor-widget-container\">\n\t\t\t\t\t<h2 class=\"elementor-heading-title elementor-size-default\">Marse ile y\u0131llar\u0131n \u00fcretim deneyiminin \u00fcr\u00fcne d\u00f6n\u00fc\u015fm\u00fc\u015f halini sat\u0131n alacaks\u0131n\u0131z.<\/h2>\t\t\t\t<\/div>\n\t\t\t\t<\/div>\n\t\t\t\t\t<\/div>\n\t\t<\/div>\n\t\t\t\t\t<\/div>\n\t\t<\/section>\n\t\t\t\t<\/div>\n\t\t","protected":false},"excerpt":{"rendered":"<p>ART\u0130LLA TEKST\u0130L \u00d6zg\u00fcn Tasar\u0131mlar Artilla Tekstil olarak sizler i\u00e7in yeni trendler olu\u015fturuyoruz. \u00d6zg\u00fcn tasar\u0131mlar\u0131m\u0131z ve kaliteli \u00fcr\u00fcnlerimizle modern ve rahat kullan\u0131m \u015fans\u0131n\u0131 tek bir \u00fcr\u00fcnde yakalaman\u0131z\u0131 sa\u011fl\u0131yor ve ihtiya\u00e7lar\u0131n\u0131za d\u00f6n\u00fck \u00fcr\u00fcnler \u00fcretiyoruz. Farkl\u0131 Tarzlar Artilla Tekstil, hem erkek hem de kad\u0131n \u00fczerine \u00fcretim yapan bir firmay\u0131z. Bizimle de\u011fi\u015fimi yakalamak ister misin! Y\u0131llar\u0131n Deneyimi Artilla Tekstil&#8230;<\/p>\n","protected":false},"author":1,"featured_media":0,"parent":0,"menu_order":0,"comment_status":"closed","ping_status":"closed","template":"","meta":{"om_disable_all_campaigns":false,"footnotes":""},"class_list":{"0":"post-109","1":"page","2":"type-page","3":"status-publish","4":"hentry","5":"nt-post-class","6":"","7":"thumb-none","9":"excerpt-none"},"yoast_head":"<!-- This site is optimized with the Yoast SEO plugin v26.9 - https:\/\/yoast.com\/product\/yoast-seo-wordpress\/ -->\n<title>Hakk\u0131m\u0131zda - Marse<\/title>\n<meta name=\"description\" content=\"Marse, Artilla Tekstil g\u00fcvencesiyle \u00f6zg\u00fcn kad\u0131n giyim \u00fcr\u00fcnleri sunar. Moda, kalite ve rahatl\u0131\u011f\u0131 bir araya getiriyoruz.\" \/>\n<meta name=\"robots\" content=\"index, follow, max-snippet:-1, max-image-preview:large, max-video-preview:-1\" \/>\n<link rel=\"canonical\" href=\"https:\/\/marse.com.tr\/kadin\/hakkimizda\/\" \/>\n<meta property=\"og:locale\" content=\"tr_TR\" \/>\n<meta property=\"og:type\" content=\"article\" \/>\n<meta property=\"og:title\" content=\"Hakk\u0131m\u0131zda - Marse\" \/>\n<meta property=\"og:description\" content=\"Marse, Artilla Tekstil g\u00fcvencesiyle \u00f6zg\u00fcn kad\u0131n giyim \u00fcr\u00fcnleri sunar. Moda, kalite ve rahatl\u0131\u011f\u0131 bir araya getiriyoruz.\" \/>\n<meta property=\"og:url\" content=\"https:\/\/marse.com.tr\/kadin\/hakkimizda\/\" \/>\n<meta property=\"og:site_name\" content=\"Marse\" \/>\n<meta property=\"article:modified_time\" content=\"2025-12-25T14:33:59+00:00\" \/>\n<meta property=\"og:image\" content=\"https:\/\/marse.com.tr\/kadin\/wp-content\/uploads\/elementor\/thumbs\/fd-r57ndhcktnj8tu1lifheeebkqgyh6giv23ac7s131c.webp\" \/>\n<meta name=\"twitter:card\" content=\"summary_large_image\" \/>\n<meta name=\"twitter:label1\" content=\"Tahmini okuma s\u00fcresi\" \/>\n\t<meta name=\"twitter:data1\" content=\"2 dakika\" \/>\n<script type=\"application\/ld+json\" class=\"yoast-schema-graph\">{\"@context\":\"https:\/\/schema.org\",\"@graph\":[{\"@type\":\"WebPage\",\"@id\":\"https:\/\/marse.com.tr\/kadin\/hakkimizda\/\",\"url\":\"https:\/\/marse.com.tr\/kadin\/hakkimizda\/\",\"name\":\"Hakk\u0131m\u0131zda - Marse\",\"isPartOf\":{\"@id\":\"https:\/\/marse.com.tr\/kadin\/#website\"},\"primaryImageOfPage\":{\"@id\":\"https:\/\/marse.com.tr\/kadin\/hakkimizda\/#primaryimage\"},\"image\":{\"@id\":\"https:\/\/marse.com.tr\/kadin\/hakkimizda\/#primaryimage\"},\"thumbnailUrl\":\"https:\/\/marse.com.tr\/kadin\/wp-content\/uploads\/elementor\/thumbs\/fd-r57ndhcktnj8tu1lifheeebkqgyh6giv23ac7s131c.webp\",\"datePublished\":\"2021-09-10T04:47:31+00:00\",\"dateModified\":\"2025-12-25T14:33:59+00:00\",\"description\":\"Marse, Artilla Tekstil g\u00fcvencesiyle \u00f6zg\u00fcn kad\u0131n giyim \u00fcr\u00fcnleri sunar. Moda, kalite ve rahatl\u0131\u011f\u0131 bir araya getiriyoruz.\",\"breadcrumb\":{\"@id\":\"https:\/\/marse.com.tr\/kadin\/hakkimizda\/#breadcrumb\"},\"inLanguage\":\"tr\",\"potentialAction\":[{\"@type\":\"ReadAction\",\"target\":[\"https:\/\/marse.com.tr\/kadin\/hakkimizda\/\"]}]},{\"@type\":\"ImageObject\",\"inLanguage\":\"tr\",\"@id\":\"https:\/\/marse.com.tr\/kadin\/hakkimizda\/#primaryimage\",\"url\":\"https:\/\/marse.com.tr\/kadin\/wp-content\/uploads\/elementor\/thumbs\/fd-r57ndhcktnj8tu1lifheeebkqgyh6giv23ac7s131c.webp\",\"contentUrl\":\"https:\/\/marse.com.tr\/kadin\/wp-content\/uploads\/elementor\/thumbs\/fd-r57ndhcktnj8tu1lifheeebkqgyh6giv23ac7s131c.webp\"},{\"@type\":\"BreadcrumbList\",\"@id\":\"https:\/\/marse.com.tr\/kadin\/hakkimizda\/#breadcrumb\",\"itemListElement\":[{\"@type\":\"ListItem\",\"position\":1,\"name\":\"Anasayfa\",\"item\":\"https:\/\/marse.com.tr\/kadin\/\"},{\"@type\":\"ListItem\",\"position\":2,\"name\":\"Hakk\u0131m\u0131zda\"}]},{\"@type\":\"WebSite\",\"@id\":\"https:\/\/marse.com.tr\/kadin\/#website\",\"url\":\"https:\/\/marse.com.tr\/kadin\/\",\"name\":\"Marse\",\"description\":\"\",\"publisher\":{\"@id\":\"https:\/\/marse.com.tr\/kadin\/#organization\"},\"potentialAction\":[{\"@type\":\"SearchAction\",\"target\":{\"@type\":\"EntryPoint\",\"urlTemplate\":\"https:\/\/marse.com.tr\/kadin\/?s={search_term_string}\"},\"query-input\":{\"@type\":\"PropertyValueSpecification\",\"valueRequired\":true,\"valueName\":\"search_term_string\"}}],\"inLanguage\":\"tr\"},{\"@type\":\"Organization\",\"@id\":\"https:\/\/marse.com.tr\/kadin\/#organization\",\"name\":\"Artilla\",\"url\":\"https:\/\/marse.com.tr\/kadin\/\",\"logo\":{\"@type\":\"ImageObject\",\"inLanguage\":\"tr\",\"@id\":\"https:\/\/marse.com.tr\/kadin\/#\/schema\/logo\/image\/\",\"url\":\"https:\/\/www.marse.com.tr\/wp-content\/uploads\/2023\/09\/artilla-logo.jpg\",\"contentUrl\":\"https:\/\/www.marse.com.tr\/wp-content\/uploads\/2023\/09\/artilla-logo.jpg\",\"width\":2479,\"height\":744,\"caption\":\"Artilla\"},\"image\":{\"@id\":\"https:\/\/marse.com.tr\/kadin\/#\/schema\/logo\/image\/\"},\"sameAs\":[\"https:\/\/www.instagram.com\/artillatekstil\/\"]}]}<\/script>\n<!-- \/ Yoast SEO plugin. -->","yoast_head_json":{"title":"Hakk\u0131m\u0131zda - Marse","description":"Marse, Artilla Tekstil g\u00fcvencesiyle \u00f6zg\u00fcn kad\u0131n giyim \u00fcr\u00fcnleri sunar. Moda, kalite ve rahatl\u0131\u011f\u0131 bir araya getiriyoruz.","robots":{"index":"index","follow":"follow","max-snippet":"max-snippet:-1","max-image-preview":"max-image-preview:large","max-video-preview":"max-video-preview:-1"},"canonical":"https:\/\/marse.com.tr\/kadin\/hakkimizda\/","og_locale":"tr_TR","og_type":"article","og_title":"Hakk\u0131m\u0131zda - Marse","og_description":"Marse, Artilla Tekstil g\u00fcvencesiyle \u00f6zg\u00fcn kad\u0131n giyim \u00fcr\u00fcnleri sunar. Moda, kalite ve rahatl\u0131\u011f\u0131 bir araya getiriyoruz.","og_url":"https:\/\/marse.com.tr\/kadin\/hakkimizda\/","og_site_name":"Marse","article_modified_time":"2025-12-25T14:33:59+00:00","og_image":[{"url":"https:\/\/marse.com.tr\/kadin\/wp-content\/uploads\/elementor\/thumbs\/fd-r57ndhcktnj8tu1lifheeebkqgyh6giv23ac7s131c.webp","type":"","width":"","height":""}],"twitter_card":"summary_large_image","twitter_misc":{"Tahmini okuma s\u00fcresi":"2 dakika"},"schema":{"@context":"https:\/\/schema.org","@graph":[{"@type":"WebPage","@id":"https:\/\/marse.com.tr\/kadin\/hakkimizda\/","url":"https:\/\/marse.com.tr\/kadin\/hakkimizda\/","name":"Hakk\u0131m\u0131zda - Marse","isPartOf":{"@id":"https:\/\/marse.com.tr\/kadin\/#website"},"primaryImageOfPage":{"@id":"https:\/\/marse.com.tr\/kadin\/hakkimizda\/#primaryimage"},"image":{"@id":"https:\/\/marse.com.tr\/kadin\/hakkimizda\/#primaryimage"},"thumbnailUrl":"https:\/\/marse.com.tr\/kadin\/wp-content\/uploads\/elementor\/thumbs\/fd-r57ndhcktnj8tu1lifheeebkqgyh6giv23ac7s131c.webp","datePublished":"2021-09-10T04:47:31+00:00","dateModified":"2025-12-25T14:33:59+00:00","description":"Marse, Artilla Tekstil g\u00fcvencesiyle \u00f6zg\u00fcn kad\u0131n giyim \u00fcr\u00fcnleri sunar. Moda, kalite ve rahatl\u0131\u011f\u0131 bir araya getiriyoruz.","breadcrumb":{"@id":"https:\/\/marse.com.tr\/kadin\/hakkimizda\/#breadcrumb"},"inLanguage":"tr","potentialAction":[{"@type":"ReadAction","target":["https:\/\/marse.com.tr\/kadin\/hakkimizda\/"]}]},{"@type":"ImageObject","inLanguage":"tr","@id":"https:\/\/marse.com.tr\/kadin\/hakkimizda\/#primaryimage","url":"https:\/\/marse.com.tr\/kadin\/wp-content\/uploads\/elementor\/thumbs\/fd-r57ndhcktnj8tu1lifheeebkqgyh6giv23ac7s131c.webp","contentUrl":"https:\/\/marse.com.tr\/kadin\/wp-content\/uploads\/elementor\/thumbs\/fd-r57ndhcktnj8tu1lifheeebkqgyh6giv23ac7s131c.webp"},{"@type":"BreadcrumbList","@id":"https:\/\/marse.com.tr\/kadin\/hakkimizda\/#breadcrumb","itemListElement":[{"@type":"ListItem","position":1,"name":"Anasayfa","item":"https:\/\/marse.com.tr\/kadin\/"},{"@type":"ListItem","position":2,"name":"Hakk\u0131m\u0131zda"}]},{"@type":"WebSite","@id":"https:\/\/marse.com.tr\/kadin\/#website","url":"https:\/\/marse.com.tr\/kadin\/","name":"Marse","description":"","publisher":{"@id":"https:\/\/marse.com.tr\/kadin\/#organization"},"potentialAction":[{"@type":"SearchAction","target":{"@type":"EntryPoint","urlTemplate":"https:\/\/marse.com.tr\/kadin\/?s={search_term_string}"},"query-input":{"@type":"PropertyValueSpecification","valueRequired":true,"valueName":"search_term_string"}}],"inLanguage":"tr"},{"@type":"Organization","@id":"https:\/\/marse.com.tr\/kadin\/#organization","name":"Artilla","url":"https:\/\/marse.com.tr\/kadin\/","logo":{"@type":"ImageObject","inLanguage":"tr","@id":"https:\/\/marse.com.tr\/kadin\/#\/schema\/logo\/image\/","url":"https:\/\/www.marse.com.tr\/wp-content\/uploads\/2023\/09\/artilla-logo.jpg","contentUrl":"https:\/\/www.marse.com.tr\/wp-content\/uploads\/2023\/09\/artilla-logo.jpg","width":2479,"height":744,"caption":"Artilla"},"image":{"@id":"https:\/\/marse.com.tr\/kadin\/#\/schema\/logo\/image\/"},"sameAs":["https:\/\/www.instagram.com\/artillatekstil\/"]}]}},"_links":{"self":[{"href":"https:\/\/marse.com.tr\/kadin\/wp-json\/wp\/v2\/pages\/109","targetHints":{"allow":["GET"]}}],"collection":[{"href":"https:\/\/marse.com.tr\/kadin\/wp-json\/wp\/v2\/pages"}],"about":[{"href":"https:\/\/marse.com.tr\/kadin\/wp-json\/wp\/v2\/types\/page"}],"author":[{"embeddable":true,"href":"https:\/\/marse.com.tr\/kadin\/wp-json\/wp\/v2\/users\/1"}],"replies":[{"embeddable":true,"href":"https:\/\/marse.com.tr\/kadin\/wp-json\/wp\/v2\/comments?post=109"}],"version-history":[{"count":30,"href":"https:\/\/marse.com.tr\/kadin\/wp-json\/wp\/v2\/pages\/109\/revisions"}],"predecessor-version":[{"id":7905,"href":"https:\/\/marse.com.tr\/kadin\/wp-json\/wp\/v2\/pages\/109\/revisions\/7905"}],"wp:attachment":[{"href":"https:\/\/marse.com.tr\/kadin\/wp-json\/wp\/v2\/media?parent=109"}],"curies":[{"name":"wp","href":"https:\/\/api.w.org\/{rel}","templated":true}]}}