{"id":7219,"date":"2025-07-21T15:26:28","date_gmt":"2025-07-21T15:26:28","guid":{"rendered":"https:\/\/www.marse.com.tr\/?post_type=product&#038;p=7219"},"modified":"2025-11-11T15:38:18","modified_gmt":"2025-11-11T15:38:18","slug":"deri-gorunumlu-pliseli-etek","status":"publish","type":"product","link":"https:\/\/marse.com.tr\/kadin\/urun\/deri-gorunumlu-pliseli-etek\/","title":{"rendered":"deri g\u00f6r\u00fcn\u00fcml\u00fc pliseli etek"},"content":{"rendered":"<p>\u00fcr\u00fcn\u00fcm\u00fcz standart bedenden olu\u015fmaktad\u0131r 46 bedene kadar uyumludur.<\/p>\n<p>Gen\u00e7 ve dinamik tarz\u0131n\u0131z\u0131 yans\u0131tan, vizon rengindeki d\u00fcz desenli ince piliseli etek ile g\u00fcn boyu rahatl\u0131\u011f\u0131n\u0131zdan \u00f6d\u00fcn vermeyin.<\/p>\n<p>Suni deriden \u00fcretilmi\u015f olup, dayan\u0131kl\u0131 yap\u0131s\u0131yla uzun s\u00fcreli kullan\u0131m imkan\u0131 sunar.<\/p>\n<p>etek boyu:90 cm dir.<\/p>\n<p>&nbsp;<\/p>\n","protected":false},"excerpt":{"rendered":"<p>\u00fcr\u00fcn\u00fcm\u00fcz standart bedenden olu\u015fmaktad\u0131r 46 bedene kadar uyumludur. Gen\u00e7 ve dinamik tarz\u0131n\u0131z\u0131 yans\u0131tan, vizon rengindeki d\u00fcz desenli ince piliseli etek ile g\u00fcn boyu rahatl\u0131\u011f\u0131n\u0131zdan \u00f6d\u00fcn vermeyin. Suni deriden \u00fcretilmi\u015f olup, dayan\u0131kl\u0131 yap\u0131s\u0131yla uzun s\u00fcreli kullan\u0131m imkan\u0131 sunar. etek boyu:90 cm dir. &nbsp;<\/p>\n","protected":false},"featured_media":7220,"comment_status":"open","ping_status":"closed","template":"","meta":{"om_disable_all_campaigns":false},"product_brand":[76],"product_cat":[77],"product_tag":[],"class_list":{"0":"post-7219","1":"product","2":"type-product","3":"status-publish","4":"has-post-thumbnail","6":"product_brand-marse","7":"product_cat-etek","8":"nt-post-class","9":"","12":"excerpt-none","15":"first","16":"instock","17":"taxable","18":"shipping-taxable","19":"purchasable","20":"product-type-variable"},"yoast_head":"<!-- This site is optimized with the Yoast SEO plugin v26.9 - https:\/\/yoast.com\/product\/yoast-seo-wordpress\/ -->\n<title>deri g\u00f6r\u00fcn\u00fcml\u00fc pliseli etek - Marse<\/title>\n<meta name=\"robots\" content=\"index, follow, max-snippet:-1, max-image-preview:large, max-video-preview:-1\" \/>\n<link rel=\"canonical\" href=\"https:\/\/marse.com.tr\/kadin\/urun\/deri-gorunumlu-pliseli-etek\/\" \/>\n<meta property=\"og:locale\" content=\"tr_TR\" \/>\n<meta property=\"og:type\" content=\"article\" \/>\n<meta property=\"og:title\" content=\"deri g\u00f6r\u00fcn\u00fcml\u00fc pliseli etek - Marse\" \/>\n<meta property=\"og:description\" content=\"\u00fcr\u00fcn\u00fcm\u00fcz standart bedenden olu\u015fmaktad\u0131r 46 bedene kadar uyumludur. Gen\u00e7 ve dinamik tarz\u0131n\u0131z\u0131 yans\u0131tan, vizon rengindeki d\u00fcz desenli ince piliseli etek ile g\u00fcn boyu rahatl\u0131\u011f\u0131n\u0131zdan \u00f6d\u00fcn vermeyin. Suni deriden \u00fcretilmi\u015f olup, dayan\u0131kl\u0131 yap\u0131s\u0131yla uzun s\u00fcreli kullan\u0131m imkan\u0131 sunar. etek boyu:90 cm dir. &nbsp;\" \/>\n<meta property=\"og:url\" content=\"https:\/\/marse.com.tr\/kadin\/urun\/deri-gorunumlu-pliseli-etek\/\" \/>\n<meta property=\"og:site_name\" content=\"Marse\" \/>\n<meta property=\"article:modified_time\" content=\"2025-11-11T15:38:18+00:00\" \/>\n<meta property=\"og:image\" content=\"https:\/\/marse.com.tr\/kadin\/wp-content\/uploads\/2025\/07\/c4157792-0ce2-48c9-b2a0-2f974b6149a9.jpg\" \/>\n\t<meta property=\"og:image:width\" content=\"1179\" \/>\n\t<meta property=\"og:image:height\" content=\"1447\" \/>\n\t<meta property=\"og:image:type\" content=\"image\/jpeg\" \/>\n<meta name=\"twitter:card\" content=\"summary_large_image\" \/>\n<meta name=\"twitter:label1\" content=\"Tahmini okuma s\u00fcresi\" \/>\n\t<meta name=\"twitter:data1\" content=\"1 dakika\" \/>\n<script type=\"application\/ld+json\" class=\"yoast-schema-graph\">{\"@context\":\"https:\/\/schema.org\",\"@graph\":[{\"@type\":\"WebPage\",\"@id\":\"https:\/\/marse.com.tr\/kadin\/urun\/deri-gorunumlu-pliseli-etek\/\",\"url\":\"https:\/\/marse.com.tr\/kadin\/urun\/deri-gorunumlu-pliseli-etek\/\",\"name\":\"deri g\u00f6r\u00fcn\u00fcml\u00fc pliseli etek - Marse\",\"isPartOf\":{\"@id\":\"https:\/\/marse.com.tr\/kadin\/#website\"},\"primaryImageOfPage\":{\"@id\":\"https:\/\/marse.com.tr\/kadin\/urun\/deri-gorunumlu-pliseli-etek\/#primaryimage\"},\"image\":{\"@id\":\"https:\/\/marse.com.tr\/kadin\/urun\/deri-gorunumlu-pliseli-etek\/#primaryimage\"},\"thumbnailUrl\":\"https:\/\/marse.com.tr\/kadin\/wp-content\/uploads\/2025\/07\/c4157792-0ce2-48c9-b2a0-2f974b6149a9.jpg\",\"datePublished\":\"2025-07-21T15:26:28+00:00\",\"dateModified\":\"2025-11-11T15:38:18+00:00\",\"breadcrumb\":{\"@id\":\"https:\/\/marse.com.tr\/kadin\/urun\/deri-gorunumlu-pliseli-etek\/#breadcrumb\"},\"inLanguage\":\"tr\",\"potentialAction\":[{\"@type\":\"ReadAction\",\"target\":[\"https:\/\/marse.com.tr\/kadin\/urun\/deri-gorunumlu-pliseli-etek\/\"]}]},{\"@type\":\"ImageObject\",\"inLanguage\":\"tr\",\"@id\":\"https:\/\/marse.com.tr\/kadin\/urun\/deri-gorunumlu-pliseli-etek\/#primaryimage\",\"url\":\"https:\/\/marse.com.tr\/kadin\/wp-content\/uploads\/2025\/07\/c4157792-0ce2-48c9-b2a0-2f974b6149a9.jpg\",\"contentUrl\":\"https:\/\/marse.com.tr\/kadin\/wp-content\/uploads\/2025\/07\/c4157792-0ce2-48c9-b2a0-2f974b6149a9.jpg\",\"width\":1179,\"height\":1447},{\"@type\":\"BreadcrumbList\",\"@id\":\"https:\/\/marse.com.tr\/kadin\/urun\/deri-gorunumlu-pliseli-etek\/#breadcrumb\",\"itemListElement\":[{\"@type\":\"ListItem\",\"position\":1,\"name\":\"Anasayfa\",\"item\":\"https:\/\/marse.com.tr\/kadin\/\"},{\"@type\":\"ListItem\",\"position\":2,\"name\":\"Ma\u011faza\",\"item\":\"https:\/\/marse.com.tr\/kadin\/kadin-magaza\/\"},{\"@type\":\"ListItem\",\"position\":3,\"name\":\"deri g\u00f6r\u00fcn\u00fcml\u00fc pliseli etek\"}]},{\"@type\":\"WebSite\",\"@id\":\"https:\/\/marse.com.tr\/kadin\/#website\",\"url\":\"https:\/\/marse.com.tr\/kadin\/\",\"name\":\"Marse\",\"description\":\"\",\"publisher\":{\"@id\":\"https:\/\/marse.com.tr\/kadin\/#organization\"},\"potentialAction\":[{\"@type\":\"SearchAction\",\"target\":{\"@type\":\"EntryPoint\",\"urlTemplate\":\"https:\/\/marse.com.tr\/kadin\/?s={search_term_string}\"},\"query-input\":{\"@type\":\"PropertyValueSpecification\",\"valueRequired\":true,\"valueName\":\"search_term_string\"}}],\"inLanguage\":\"tr\"},{\"@type\":\"Organization\",\"@id\":\"https:\/\/marse.com.tr\/kadin\/#organization\",\"name\":\"Artilla\",\"url\":\"https:\/\/marse.com.tr\/kadin\/\",\"logo\":{\"@type\":\"ImageObject\",\"inLanguage\":\"tr\",\"@id\":\"https:\/\/marse.com.tr\/kadin\/#\/schema\/logo\/image\/\",\"url\":\"https:\/\/www.marse.com.tr\/wp-content\/uploads\/2023\/09\/artilla-logo.jpg\",\"contentUrl\":\"https:\/\/www.marse.com.tr\/wp-content\/uploads\/2023\/09\/artilla-logo.jpg\",\"width\":2479,\"height\":744,\"caption\":\"Artilla\"},\"image\":{\"@id\":\"https:\/\/marse.com.tr\/kadin\/#\/schema\/logo\/image\/\"},\"sameAs\":[\"https:\/\/www.instagram.com\/artillatekstil\/\"]}]}<\/script>\n<!-- \/ Yoast SEO plugin. -->","yoast_head_json":{"title":"deri g\u00f6r\u00fcn\u00fcml\u00fc pliseli etek - Marse","robots":{"index":"index","follow":"follow","max-snippet":"max-snippet:-1","max-image-preview":"max-image-preview:large","max-video-preview":"max-video-preview:-1"},"canonical":"https:\/\/marse.com.tr\/kadin\/urun\/deri-gorunumlu-pliseli-etek\/","og_locale":"tr_TR","og_type":"article","og_title":"deri g\u00f6r\u00fcn\u00fcml\u00fc pliseli etek - Marse","og_description":"\u00fcr\u00fcn\u00fcm\u00fcz standart bedenden olu\u015fmaktad\u0131r 46 bedene kadar uyumludur. Gen\u00e7 ve dinamik tarz\u0131n\u0131z\u0131 yans\u0131tan, vizon rengindeki d\u00fcz desenli ince piliseli etek ile g\u00fcn boyu rahatl\u0131\u011f\u0131n\u0131zdan \u00f6d\u00fcn vermeyin. Suni deriden \u00fcretilmi\u015f olup, dayan\u0131kl\u0131 yap\u0131s\u0131yla uzun s\u00fcreli kullan\u0131m imkan\u0131 sunar. etek boyu:90 cm dir. &nbsp;","og_url":"https:\/\/marse.com.tr\/kadin\/urun\/deri-gorunumlu-pliseli-etek\/","og_site_name":"Marse","article_modified_time":"2025-11-11T15:38:18+00:00","og_image":[{"width":1179,"height":1447,"url":"https:\/\/marse.com.tr\/kadin\/wp-content\/uploads\/2025\/07\/c4157792-0ce2-48c9-b2a0-2f974b6149a9.jpg","type":"image\/jpeg"}],"twitter_card":"summary_large_image","twitter_misc":{"Tahmini okuma s\u00fcresi":"1 dakika"},"schema":{"@context":"https:\/\/schema.org","@graph":[{"@type":"WebPage","@id":"https:\/\/marse.com.tr\/kadin\/urun\/deri-gorunumlu-pliseli-etek\/","url":"https:\/\/marse.com.tr\/kadin\/urun\/deri-gorunumlu-pliseli-etek\/","name":"deri g\u00f6r\u00fcn\u00fcml\u00fc pliseli etek - Marse","isPartOf":{"@id":"https:\/\/marse.com.tr\/kadin\/#website"},"primaryImageOfPage":{"@id":"https:\/\/marse.com.tr\/kadin\/urun\/deri-gorunumlu-pliseli-etek\/#primaryimage"},"image":{"@id":"https:\/\/marse.com.tr\/kadin\/urun\/deri-gorunumlu-pliseli-etek\/#primaryimage"},"thumbnailUrl":"https:\/\/marse.com.tr\/kadin\/wp-content\/uploads\/2025\/07\/c4157792-0ce2-48c9-b2a0-2f974b6149a9.jpg","datePublished":"2025-07-21T15:26:28+00:00","dateModified":"2025-11-11T15:38:18+00:00","breadcrumb":{"@id":"https:\/\/marse.com.tr\/kadin\/urun\/deri-gorunumlu-pliseli-etek\/#breadcrumb"},"inLanguage":"tr","potentialAction":[{"@type":"ReadAction","target":["https:\/\/marse.com.tr\/kadin\/urun\/deri-gorunumlu-pliseli-etek\/"]}]},{"@type":"ImageObject","inLanguage":"tr","@id":"https:\/\/marse.com.tr\/kadin\/urun\/deri-gorunumlu-pliseli-etek\/#primaryimage","url":"https:\/\/marse.com.tr\/kadin\/wp-content\/uploads\/2025\/07\/c4157792-0ce2-48c9-b2a0-2f974b6149a9.jpg","contentUrl":"https:\/\/marse.com.tr\/kadin\/wp-content\/uploads\/2025\/07\/c4157792-0ce2-48c9-b2a0-2f974b6149a9.jpg","width":1179,"height":1447},{"@type":"BreadcrumbList","@id":"https:\/\/marse.com.tr\/kadin\/urun\/deri-gorunumlu-pliseli-etek\/#breadcrumb","itemListElement":[{"@type":"ListItem","position":1,"name":"Anasayfa","item":"https:\/\/marse.com.tr\/kadin\/"},{"@type":"ListItem","position":2,"name":"Ma\u011faza","item":"https:\/\/marse.com.tr\/kadin\/kadin-magaza\/"},{"@type":"ListItem","position":3,"name":"deri g\u00f6r\u00fcn\u00fcml\u00fc pliseli etek"}]},{"@type":"WebSite","@id":"https:\/\/marse.com.tr\/kadin\/#website","url":"https:\/\/marse.com.tr\/kadin\/","name":"Marse","description":"","publisher":{"@id":"https:\/\/marse.com.tr\/kadin\/#organization"},"potentialAction":[{"@type":"SearchAction","target":{"@type":"EntryPoint","urlTemplate":"https:\/\/marse.com.tr\/kadin\/?s={search_term_string}"},"query-input":{"@type":"PropertyValueSpecification","valueRequired":true,"valueName":"search_term_string"}}],"inLanguage":"tr"},{"@type":"Organization","@id":"https:\/\/marse.com.tr\/kadin\/#organization","name":"Artilla","url":"https:\/\/marse.com.tr\/kadin\/","logo":{"@type":"ImageObject","inLanguage":"tr","@id":"https:\/\/marse.com.tr\/kadin\/#\/schema\/logo\/image\/","url":"https:\/\/www.marse.com.tr\/wp-content\/uploads\/2023\/09\/artilla-logo.jpg","contentUrl":"https:\/\/www.marse.com.tr\/wp-content\/uploads\/2023\/09\/artilla-logo.jpg","width":2479,"height":744,"caption":"Artilla"},"image":{"@id":"https:\/\/marse.com.tr\/kadin\/#\/schema\/logo\/image\/"},"sameAs":["https:\/\/www.instagram.com\/artillatekstil\/"]}]}},"_links":{"self":[{"href":"https:\/\/marse.com.tr\/kadin\/wp-json\/wp\/v2\/product\/7219","targetHints":{"allow":["GET"]}}],"collection":[{"href":"https:\/\/marse.com.tr\/kadin\/wp-json\/wp\/v2\/product"}],"about":[{"href":"https:\/\/marse.com.tr\/kadin\/wp-json\/wp\/v2\/types\/product"}],"replies":[{"embeddable":true,"href":"https:\/\/marse.com.tr\/kadin\/wp-json\/wp\/v2\/comments?post=7219"}],"version-history":[{"count":1,"href":"https:\/\/marse.com.tr\/kadin\/wp-json\/wp\/v2\/product\/7219\/revisions"}],"predecessor-version":[{"id":7229,"href":"https:\/\/marse.com.tr\/kadin\/wp-json\/wp\/v2\/product\/7219\/revisions\/7229"}],"wp:featuredmedia":[{"embeddable":true,"href":"https:\/\/marse.com.tr\/kadin\/wp-json\/wp\/v2\/media\/7220"}],"wp:attachment":[{"href":"https:\/\/marse.com.tr\/kadin\/wp-json\/wp\/v2\/media?parent=7219"}],"wp:term":[{"taxonomy":"product_brand","embeddable":true,"href":"https:\/\/marse.com.tr\/kadin\/wp-json\/wp\/v2\/product_brand?post=7219"},{"taxonomy":"product_cat","embeddable":true,"href":"https:\/\/marse.com.tr\/kadin\/wp-json\/wp\/v2\/product_cat?post=7219"},{"taxonomy":"product_tag","embeddable":true,"href":"https:\/\/marse.com.tr\/kadin\/wp-json\/wp\/v2\/product_tag?post=7219"}],"curies":[{"name":"wp","href":"https:\/\/api.w.org\/{rel}","templated":true}]}}