{"id":8009,"date":"2026-01-19T13:49:36","date_gmt":"2026-01-19T13:49:36","guid":{"rendered":"https:\/\/marse.com.tr\/kadin\/?post_type=product&#038;p=8009"},"modified":"2026-04-03T15:23:34","modified_gmt":"2026-04-03T15:23:34","slug":"zamansiz-siklik","status":"publish","type":"product","link":"https:\/\/marse.com.tr\/kadin\/urun\/zamansiz-siklik\/","title":{"rendered":"Zamans\u0131z \u015e\u0131kl\u0131k"},"content":{"rendered":"<p data-start=\"112\" data-end=\"335\">Zamans\u0131z \u015f\u0131kl\u0131\u011f\u0131 modern detaylarla bulu\u015fturan bu ikili tak\u0131m, fermuarl\u0131 ceket ve A kesim etekten olu\u015fmaktad\u0131r. Konforlu kal\u0131b\u0131 sayesinde g\u00fcn boyu rahat bir kullan\u0131m sunarken, net ve g\u00fc\u00e7l\u00fc siluetiyle stilinizi \u00f6ne \u00e7\u0131kar\u0131r.<\/p>\n<p data-start=\"337\" data-end=\"611\">Scuba kuma\u015f yap\u0131s\u0131; formunu koruyan duru\u015fu, p\u00fcr\u00fczs\u00fcz dokusu ve tok yap\u0131s\u0131yla hem g\u00fcnl\u00fck kullan\u0131m hem de daha \u00f6zenli kombinler i\u00e7in ideal bir alternatiftir. Spor par\u00e7alarla rahat bir g\u00f6r\u00fcn\u00fcm elde edebilir, klasik aksesuarlarla daha \u015f\u0131k bir stile kolayca uyarlayabilirsiniz.<\/p>\n<p data-start=\"337\" data-end=\"611\">Beden se\u00e7enekleri: S, M, L, XL<br data-start=\"821\" data-end=\"824\" \/>Kuma\u015f: Scuba<\/p>\n","protected":false},"excerpt":{"rendered":"<p>Zamans\u0131z \u015f\u0131kl\u0131\u011f\u0131 modern detaylarla bulu\u015fturan bu ikili tak\u0131m, fermuarl\u0131 ceket ve A kesim etekten olu\u015fmaktad\u0131r. Konforlu kal\u0131b\u0131 sayesinde g\u00fcn boyu rahat bir kullan\u0131m sunarken, net ve g\u00fc\u00e7l\u00fc siluetiyle stilinizi \u00f6ne \u00e7\u0131kar\u0131r. Scuba kuma\u015f yap\u0131s\u0131; formunu koruyan duru\u015fu, p\u00fcr\u00fczs\u00fcz dokusu ve tok yap\u0131s\u0131yla hem g\u00fcnl\u00fck kullan\u0131m hem de daha \u00f6zenli kombinler i\u00e7in ideal bir alternatiftir. Spor&#8230;<\/p>\n","protected":false},"featured_media":8022,"comment_status":"open","ping_status":"closed","template":"","meta":{"om_disable_all_campaigns":false},"product_brand":[76],"product_cat":[84],"product_tag":[],"class_list":{"0":"post-8009","1":"product","2":"type-product","3":"status-publish","4":"has-post-thumbnail","6":"product_brand-marse","7":"product_cat-etekli-takim","8":"nt-post-class","9":"","12":"excerpt-none","15":"first","16":"outofstock","17":"taxable","18":"shipping-taxable","19":"purchasable","20":"product-type-variable"},"yoast_head":"<!-- This site is optimized with the Yoast SEO plugin v26.9 - https:\/\/yoast.com\/product\/yoast-seo-wordpress\/ -->\n<title>Zamans\u0131z \u015e\u0131kl\u0131k - Marse<\/title>\n<meta name=\"description\" content=\"Zamans\u0131z tasar\u0131ma sahip fermuarl\u0131 ceket ve A kesim etekten olu\u015fan scuba kuma\u015f ikili tak\u0131m. G\u00fcnl\u00fck ve \u015f\u0131k kombinler i\u00e7in idealdir.\" \/>\n<meta name=\"robots\" content=\"index, follow, max-snippet:-1, max-image-preview:large, max-video-preview:-1\" \/>\n<link rel=\"canonical\" href=\"https:\/\/marse.com.tr\/kadin\/urun\/zamansiz-siklik\/\" \/>\n<meta property=\"og:locale\" content=\"tr_TR\" \/>\n<meta property=\"og:type\" content=\"article\" \/>\n<meta property=\"og:title\" content=\"Zamans\u0131z \u015e\u0131kl\u0131k - Marse\" \/>\n<meta property=\"og:description\" content=\"Zamans\u0131z tasar\u0131ma sahip fermuarl\u0131 ceket ve A kesim etekten olu\u015fan scuba kuma\u015f ikili tak\u0131m. G\u00fcnl\u00fck ve \u015f\u0131k kombinler i\u00e7in idealdir.\" \/>\n<meta property=\"og:url\" content=\"https:\/\/marse.com.tr\/kadin\/urun\/zamansiz-siklik\/\" \/>\n<meta property=\"og:site_name\" content=\"Marse\" \/>\n<meta property=\"article:modified_time\" content=\"2026-04-03T15:23:34+00:00\" \/>\n<meta property=\"og:image\" content=\"https:\/\/marse.com.tr\/kadin\/wp-content\/uploads\/2026\/01\/zamansiz.jpeg\" \/>\n\t<meta property=\"og:image:width\" content=\"1200\" \/>\n\t<meta property=\"og:image:height\" content=\"1600\" \/>\n\t<meta property=\"og:image:type\" content=\"image\/jpeg\" \/>\n<meta name=\"twitter:card\" content=\"summary_large_image\" \/>\n<meta name=\"twitter:label1\" content=\"Tahmini okuma s\u00fcresi\" \/>\n\t<meta name=\"twitter:data1\" content=\"1 dakika\" \/>\n<script type=\"application\/ld+json\" class=\"yoast-schema-graph\">{\"@context\":\"https:\/\/schema.org\",\"@graph\":[{\"@type\":\"WebPage\",\"@id\":\"https:\/\/marse.com.tr\/kadin\/urun\/zamansiz-siklik\/\",\"url\":\"https:\/\/marse.com.tr\/kadin\/urun\/zamansiz-siklik\/\",\"name\":\"Zamans\u0131z \u015e\u0131kl\u0131k - Marse\",\"isPartOf\":{\"@id\":\"https:\/\/marse.com.tr\/kadin\/#website\"},\"primaryImageOfPage\":{\"@id\":\"https:\/\/marse.com.tr\/kadin\/urun\/zamansiz-siklik\/#primaryimage\"},\"image\":{\"@id\":\"https:\/\/marse.com.tr\/kadin\/urun\/zamansiz-siklik\/#primaryimage\"},\"thumbnailUrl\":\"https:\/\/marse.com.tr\/kadin\/wp-content\/uploads\/2026\/01\/zamansiz.jpeg\",\"datePublished\":\"2026-01-19T13:49:36+00:00\",\"dateModified\":\"2026-04-03T15:23:34+00:00\",\"description\":\"Zamans\u0131z tasar\u0131ma sahip fermuarl\u0131 ceket ve A kesim etekten olu\u015fan scuba kuma\u015f ikili tak\u0131m. G\u00fcnl\u00fck ve \u015f\u0131k kombinler i\u00e7in idealdir.\",\"breadcrumb\":{\"@id\":\"https:\/\/marse.com.tr\/kadin\/urun\/zamansiz-siklik\/#breadcrumb\"},\"inLanguage\":\"tr\",\"potentialAction\":[{\"@type\":\"ReadAction\",\"target\":[\"https:\/\/marse.com.tr\/kadin\/urun\/zamansiz-siklik\/\"]}]},{\"@type\":\"ImageObject\",\"inLanguage\":\"tr\",\"@id\":\"https:\/\/marse.com.tr\/kadin\/urun\/zamansiz-siklik\/#primaryimage\",\"url\":\"https:\/\/marse.com.tr\/kadin\/wp-content\/uploads\/2026\/01\/zamansiz.jpeg\",\"contentUrl\":\"https:\/\/marse.com.tr\/kadin\/wp-content\/uploads\/2026\/01\/zamansiz.jpeg\",\"width\":1200,\"height\":1600},{\"@type\":\"BreadcrumbList\",\"@id\":\"https:\/\/marse.com.tr\/kadin\/urun\/zamansiz-siklik\/#breadcrumb\",\"itemListElement\":[{\"@type\":\"ListItem\",\"position\":1,\"name\":\"Anasayfa\",\"item\":\"https:\/\/marse.com.tr\/kadin\/\"},{\"@type\":\"ListItem\",\"position\":2,\"name\":\"Ma\u011faza\",\"item\":\"https:\/\/marse.com.tr\/kadin\/kadin-magaza\/\"},{\"@type\":\"ListItem\",\"position\":3,\"name\":\"Zamans\u0131z \u015e\u0131kl\u0131k\"}]},{\"@type\":\"WebSite\",\"@id\":\"https:\/\/marse.com.tr\/kadin\/#website\",\"url\":\"https:\/\/marse.com.tr\/kadin\/\",\"name\":\"Marse\",\"description\":\"\",\"publisher\":{\"@id\":\"https:\/\/marse.com.tr\/kadin\/#organization\"},\"potentialAction\":[{\"@type\":\"SearchAction\",\"target\":{\"@type\":\"EntryPoint\",\"urlTemplate\":\"https:\/\/marse.com.tr\/kadin\/?s={search_term_string}\"},\"query-input\":{\"@type\":\"PropertyValueSpecification\",\"valueRequired\":true,\"valueName\":\"search_term_string\"}}],\"inLanguage\":\"tr\"},{\"@type\":\"Organization\",\"@id\":\"https:\/\/marse.com.tr\/kadin\/#organization\",\"name\":\"Artilla\",\"url\":\"https:\/\/marse.com.tr\/kadin\/\",\"logo\":{\"@type\":\"ImageObject\",\"inLanguage\":\"tr\",\"@id\":\"https:\/\/marse.com.tr\/kadin\/#\/schema\/logo\/image\/\",\"url\":\"https:\/\/www.marse.com.tr\/wp-content\/uploads\/2023\/09\/artilla-logo.jpg\",\"contentUrl\":\"https:\/\/www.marse.com.tr\/wp-content\/uploads\/2023\/09\/artilla-logo.jpg\",\"width\":2479,\"height\":744,\"caption\":\"Artilla\"},\"image\":{\"@id\":\"https:\/\/marse.com.tr\/kadin\/#\/schema\/logo\/image\/\"},\"sameAs\":[\"https:\/\/www.instagram.com\/artillatekstil\/\"]}]}<\/script>\n<!-- \/ Yoast SEO plugin. -->","yoast_head_json":{"title":"Zamans\u0131z \u015e\u0131kl\u0131k - Marse","description":"Zamans\u0131z tasar\u0131ma sahip fermuarl\u0131 ceket ve A kesim etekten olu\u015fan scuba kuma\u015f ikili tak\u0131m. G\u00fcnl\u00fck ve \u015f\u0131k kombinler i\u00e7in idealdir.","robots":{"index":"index","follow":"follow","max-snippet":"max-snippet:-1","max-image-preview":"max-image-preview:large","max-video-preview":"max-video-preview:-1"},"canonical":"https:\/\/marse.com.tr\/kadin\/urun\/zamansiz-siklik\/","og_locale":"tr_TR","og_type":"article","og_title":"Zamans\u0131z \u015e\u0131kl\u0131k - Marse","og_description":"Zamans\u0131z tasar\u0131ma sahip fermuarl\u0131 ceket ve A kesim etekten olu\u015fan scuba kuma\u015f ikili tak\u0131m. G\u00fcnl\u00fck ve \u015f\u0131k kombinler i\u00e7in idealdir.","og_url":"https:\/\/marse.com.tr\/kadin\/urun\/zamansiz-siklik\/","og_site_name":"Marse","article_modified_time":"2026-04-03T15:23:34+00:00","og_image":[{"width":1200,"height":1600,"url":"https:\/\/marse.com.tr\/kadin\/wp-content\/uploads\/2026\/01\/zamansiz.jpeg","type":"image\/jpeg"}],"twitter_card":"summary_large_image","twitter_misc":{"Tahmini okuma s\u00fcresi":"1 dakika"},"schema":{"@context":"https:\/\/schema.org","@graph":[{"@type":"WebPage","@id":"https:\/\/marse.com.tr\/kadin\/urun\/zamansiz-siklik\/","url":"https:\/\/marse.com.tr\/kadin\/urun\/zamansiz-siklik\/","name":"Zamans\u0131z \u015e\u0131kl\u0131k - Marse","isPartOf":{"@id":"https:\/\/marse.com.tr\/kadin\/#website"},"primaryImageOfPage":{"@id":"https:\/\/marse.com.tr\/kadin\/urun\/zamansiz-siklik\/#primaryimage"},"image":{"@id":"https:\/\/marse.com.tr\/kadin\/urun\/zamansiz-siklik\/#primaryimage"},"thumbnailUrl":"https:\/\/marse.com.tr\/kadin\/wp-content\/uploads\/2026\/01\/zamansiz.jpeg","datePublished":"2026-01-19T13:49:36+00:00","dateModified":"2026-04-03T15:23:34+00:00","description":"Zamans\u0131z tasar\u0131ma sahip fermuarl\u0131 ceket ve A kesim etekten olu\u015fan scuba kuma\u015f ikili tak\u0131m. G\u00fcnl\u00fck ve \u015f\u0131k kombinler i\u00e7in idealdir.","breadcrumb":{"@id":"https:\/\/marse.com.tr\/kadin\/urun\/zamansiz-siklik\/#breadcrumb"},"inLanguage":"tr","potentialAction":[{"@type":"ReadAction","target":["https:\/\/marse.com.tr\/kadin\/urun\/zamansiz-siklik\/"]}]},{"@type":"ImageObject","inLanguage":"tr","@id":"https:\/\/marse.com.tr\/kadin\/urun\/zamansiz-siklik\/#primaryimage","url":"https:\/\/marse.com.tr\/kadin\/wp-content\/uploads\/2026\/01\/zamansiz.jpeg","contentUrl":"https:\/\/marse.com.tr\/kadin\/wp-content\/uploads\/2026\/01\/zamansiz.jpeg","width":1200,"height":1600},{"@type":"BreadcrumbList","@id":"https:\/\/marse.com.tr\/kadin\/urun\/zamansiz-siklik\/#breadcrumb","itemListElement":[{"@type":"ListItem","position":1,"name":"Anasayfa","item":"https:\/\/marse.com.tr\/kadin\/"},{"@type":"ListItem","position":2,"name":"Ma\u011faza","item":"https:\/\/marse.com.tr\/kadin\/kadin-magaza\/"},{"@type":"ListItem","position":3,"name":"Zamans\u0131z \u015e\u0131kl\u0131k"}]},{"@type":"WebSite","@id":"https:\/\/marse.com.tr\/kadin\/#website","url":"https:\/\/marse.com.tr\/kadin\/","name":"Marse","description":"","publisher":{"@id":"https:\/\/marse.com.tr\/kadin\/#organization"},"potentialAction":[{"@type":"SearchAction","target":{"@type":"EntryPoint","urlTemplate":"https:\/\/marse.com.tr\/kadin\/?s={search_term_string}"},"query-input":{"@type":"PropertyValueSpecification","valueRequired":true,"valueName":"search_term_string"}}],"inLanguage":"tr"},{"@type":"Organization","@id":"https:\/\/marse.com.tr\/kadin\/#organization","name":"Artilla","url":"https:\/\/marse.com.tr\/kadin\/","logo":{"@type":"ImageObject","inLanguage":"tr","@id":"https:\/\/marse.com.tr\/kadin\/#\/schema\/logo\/image\/","url":"https:\/\/www.marse.com.tr\/wp-content\/uploads\/2023\/09\/artilla-logo.jpg","contentUrl":"https:\/\/www.marse.com.tr\/wp-content\/uploads\/2023\/09\/artilla-logo.jpg","width":2479,"height":744,"caption":"Artilla"},"image":{"@id":"https:\/\/marse.com.tr\/kadin\/#\/schema\/logo\/image\/"},"sameAs":["https:\/\/www.instagram.com\/artillatekstil\/"]}]}},"_links":{"self":[{"href":"https:\/\/marse.com.tr\/kadin\/wp-json\/wp\/v2\/product\/8009","targetHints":{"allow":["GET"]}}],"collection":[{"href":"https:\/\/marse.com.tr\/kadin\/wp-json\/wp\/v2\/product"}],"about":[{"href":"https:\/\/marse.com.tr\/kadin\/wp-json\/wp\/v2\/types\/product"}],"replies":[{"embeddable":true,"href":"https:\/\/marse.com.tr\/kadin\/wp-json\/wp\/v2\/comments?post=8009"}],"version-history":[{"count":2,"href":"https:\/\/marse.com.tr\/kadin\/wp-json\/wp\/v2\/product\/8009\/revisions"}],"predecessor-version":[{"id":8019,"href":"https:\/\/marse.com.tr\/kadin\/wp-json\/wp\/v2\/product\/8009\/revisions\/8019"}],"wp:featuredmedia":[{"embeddable":true,"href":"https:\/\/marse.com.tr\/kadin\/wp-json\/wp\/v2\/media\/8022"}],"wp:attachment":[{"href":"https:\/\/marse.com.tr\/kadin\/wp-json\/wp\/v2\/media?parent=8009"}],"wp:term":[{"taxonomy":"product_brand","embeddable":true,"href":"https:\/\/marse.com.tr\/kadin\/wp-json\/wp\/v2\/product_brand?post=8009"},{"taxonomy":"product_cat","embeddable":true,"href":"https:\/\/marse.com.tr\/kadin\/wp-json\/wp\/v2\/product_cat?post=8009"},{"taxonomy":"product_tag","embeddable":true,"href":"https:\/\/marse.com.tr\/kadin\/wp-json\/wp\/v2\/product_tag?post=8009"}],"curies":[{"name":"wp","href":"https:\/\/api.w.org\/{rel}","templated":true}]}}