{"id":8095,"date":"2026-02-02T22:29:32","date_gmt":"2026-02-02T22:29:32","guid":{"rendered":"https:\/\/marse.com.tr\/kadin\/?post_type=product&#038;p=8095"},"modified":"2026-04-03T15:23:34","modified_gmt":"2026-04-03T15:23:34","slug":"ekose-desen-etek","status":"publish","type":"product","link":"https:\/\/marse.com.tr\/kadin\/urun\/ekose-desen-etek\/","title":{"rendered":"Ekose Desen Etek"},"content":{"rendered":"<p data-start=\"614\" data-end=\"648\"><strong data-start=\"614\" data-end=\"636\">Beden se\u00e7enekleri:<\/strong> S, M, L, XL<\/p>\n","protected":false},"excerpt":{"rendered":"<p data-start=\"614\" data-end=\"648\"><strong data-start=\"614\" data-end=\"636\">Beden se\u00e7enekleri:<\/strong> S, M, L, XL<\/p>\n","protected":false},"featured_media":8100,"comment_status":"open","ping_status":"closed","template":"","meta":{"om_disable_all_campaigns":false},"product_brand":[76],"product_cat":[77],"product_tag":[],"class_list":{"0":"post-8095","1":"product","2":"type-product","3":"status-publish","4":"has-post-thumbnail","6":"product_brand-marse","7":"product_cat-etek","8":"nt-post-class","9":"","15":"first","16":"outofstock","17":"taxable","18":"shipping-taxable","19":"purchasable","20":"product-type-variable"},"yoast_head":"<!-- This site is optimized with the Yoast SEO plugin v26.9 - https:\/\/yoast.com\/product\/yoast-seo-wordpress\/ -->\n<title>Ekose Desen Etek - Marse<\/title>\n<meta name=\"description\" content=\"Zamans\u0131z tasar\u0131ma sahip fermuarl\u0131 ceket ve A kesim etekten olu\u015fan scuba kuma\u015f ikili tak\u0131m. G\u00fcnl\u00fck ve \u015f\u0131k kombinler i\u00e7in idealdir.\" \/>\n<meta name=\"robots\" content=\"index, follow, max-snippet:-1, max-image-preview:large, max-video-preview:-1\" \/>\n<link rel=\"canonical\" href=\"https:\/\/marse.com.tr\/kadin\/urun\/ekose-desen-etek\/\" \/>\n<meta property=\"og:locale\" content=\"tr_TR\" \/>\n<meta property=\"og:type\" content=\"article\" \/>\n<meta property=\"og:title\" content=\"Ekose Desen Etek - Marse\" \/>\n<meta property=\"og:description\" content=\"Zamans\u0131z tasar\u0131ma sahip fermuarl\u0131 ceket ve A kesim etekten olu\u015fan scuba kuma\u015f ikili tak\u0131m. G\u00fcnl\u00fck ve \u015f\u0131k kombinler i\u00e7in idealdir.\" \/>\n<meta property=\"og:url\" content=\"https:\/\/marse.com.tr\/kadin\/urun\/ekose-desen-etek\/\" \/>\n<meta property=\"og:site_name\" content=\"Marse\" \/>\n<meta property=\"article:modified_time\" content=\"2026-04-03T15:23:34+00:00\" \/>\n<meta property=\"og:image\" content=\"https:\/\/marse.com.tr\/kadin\/wp-content\/uploads\/2026\/02\/WhatsApp-Image-2026-02-03-at-00.08.06-1.jpeg\" \/>\n\t<meta property=\"og:image:width\" content=\"1179\" \/>\n\t<meta property=\"og:image:height\" content=\"1415\" \/>\n\t<meta property=\"og:image:type\" content=\"image\/jpeg\" \/>\n<meta name=\"twitter:card\" content=\"summary_large_image\" \/>\n<meta name=\"twitter:label1\" content=\"Tahmini okuma s\u00fcresi\" \/>\n\t<meta name=\"twitter:data1\" content=\"1 dakika\" \/>\n<script type=\"application\/ld+json\" class=\"yoast-schema-graph\">{\"@context\":\"https:\/\/schema.org\",\"@graph\":[{\"@type\":\"WebPage\",\"@id\":\"https:\/\/marse.com.tr\/kadin\/urun\/ekose-desen-etek\/\",\"url\":\"https:\/\/marse.com.tr\/kadin\/urun\/ekose-desen-etek\/\",\"name\":\"Ekose Desen Etek - Marse\",\"isPartOf\":{\"@id\":\"https:\/\/marse.com.tr\/kadin\/#website\"},\"primaryImageOfPage\":{\"@id\":\"https:\/\/marse.com.tr\/kadin\/urun\/ekose-desen-etek\/#primaryimage\"},\"image\":{\"@id\":\"https:\/\/marse.com.tr\/kadin\/urun\/ekose-desen-etek\/#primaryimage\"},\"thumbnailUrl\":\"https:\/\/marse.com.tr\/kadin\/wp-content\/uploads\/2026\/02\/WhatsApp-Image-2026-02-03-at-00.08.06-1.jpeg\",\"datePublished\":\"2026-02-02T22:29:32+00:00\",\"dateModified\":\"2026-04-03T15:23:34+00:00\",\"description\":\"Zamans\u0131z tasar\u0131ma sahip fermuarl\u0131 ceket ve A kesim etekten olu\u015fan scuba kuma\u015f ikili tak\u0131m. G\u00fcnl\u00fck ve \u015f\u0131k kombinler i\u00e7in idealdir.\",\"breadcrumb\":{\"@id\":\"https:\/\/marse.com.tr\/kadin\/urun\/ekose-desen-etek\/#breadcrumb\"},\"inLanguage\":\"tr\",\"potentialAction\":[{\"@type\":\"ReadAction\",\"target\":[\"https:\/\/marse.com.tr\/kadin\/urun\/ekose-desen-etek\/\"]}]},{\"@type\":\"ImageObject\",\"inLanguage\":\"tr\",\"@id\":\"https:\/\/marse.com.tr\/kadin\/urun\/ekose-desen-etek\/#primaryimage\",\"url\":\"https:\/\/marse.com.tr\/kadin\/wp-content\/uploads\/2026\/02\/WhatsApp-Image-2026-02-03-at-00.08.06-1.jpeg\",\"contentUrl\":\"https:\/\/marse.com.tr\/kadin\/wp-content\/uploads\/2026\/02\/WhatsApp-Image-2026-02-03-at-00.08.06-1.jpeg\",\"width\":1179,\"height\":1415},{\"@type\":\"BreadcrumbList\",\"@id\":\"https:\/\/marse.com.tr\/kadin\/urun\/ekose-desen-etek\/#breadcrumb\",\"itemListElement\":[{\"@type\":\"ListItem\",\"position\":1,\"name\":\"Anasayfa\",\"item\":\"https:\/\/marse.com.tr\/kadin\/\"},{\"@type\":\"ListItem\",\"position\":2,\"name\":\"Ma\u011faza\",\"item\":\"https:\/\/marse.com.tr\/kadin\/kadin-magaza\/\"},{\"@type\":\"ListItem\",\"position\":3,\"name\":\"Ekose Desen Etek\"}]},{\"@type\":\"WebSite\",\"@id\":\"https:\/\/marse.com.tr\/kadin\/#website\",\"url\":\"https:\/\/marse.com.tr\/kadin\/\",\"name\":\"Marse\",\"description\":\"\",\"publisher\":{\"@id\":\"https:\/\/marse.com.tr\/kadin\/#organization\"},\"potentialAction\":[{\"@type\":\"SearchAction\",\"target\":{\"@type\":\"EntryPoint\",\"urlTemplate\":\"https:\/\/marse.com.tr\/kadin\/?s={search_term_string}\"},\"query-input\":{\"@type\":\"PropertyValueSpecification\",\"valueRequired\":true,\"valueName\":\"search_term_string\"}}],\"inLanguage\":\"tr\"},{\"@type\":\"Organization\",\"@id\":\"https:\/\/marse.com.tr\/kadin\/#organization\",\"name\":\"Artilla\",\"url\":\"https:\/\/marse.com.tr\/kadin\/\",\"logo\":{\"@type\":\"ImageObject\",\"inLanguage\":\"tr\",\"@id\":\"https:\/\/marse.com.tr\/kadin\/#\/schema\/logo\/image\/\",\"url\":\"https:\/\/www.marse.com.tr\/wp-content\/uploads\/2023\/09\/artilla-logo.jpg\",\"contentUrl\":\"https:\/\/www.marse.com.tr\/wp-content\/uploads\/2023\/09\/artilla-logo.jpg\",\"width\":2479,\"height\":744,\"caption\":\"Artilla\"},\"image\":{\"@id\":\"https:\/\/marse.com.tr\/kadin\/#\/schema\/logo\/image\/\"},\"sameAs\":[\"https:\/\/www.instagram.com\/artillatekstil\/\"]}]}<\/script>\n<!-- \/ Yoast SEO plugin. -->","yoast_head_json":{"title":"Ekose Desen Etek - Marse","description":"Zamans\u0131z tasar\u0131ma sahip fermuarl\u0131 ceket ve A kesim etekten olu\u015fan scuba kuma\u015f ikili tak\u0131m. G\u00fcnl\u00fck ve \u015f\u0131k kombinler i\u00e7in idealdir.","robots":{"index":"index","follow":"follow","max-snippet":"max-snippet:-1","max-image-preview":"max-image-preview:large","max-video-preview":"max-video-preview:-1"},"canonical":"https:\/\/marse.com.tr\/kadin\/urun\/ekose-desen-etek\/","og_locale":"tr_TR","og_type":"article","og_title":"Ekose Desen Etek - Marse","og_description":"Zamans\u0131z tasar\u0131ma sahip fermuarl\u0131 ceket ve A kesim etekten olu\u015fan scuba kuma\u015f ikili tak\u0131m. G\u00fcnl\u00fck ve \u015f\u0131k kombinler i\u00e7in idealdir.","og_url":"https:\/\/marse.com.tr\/kadin\/urun\/ekose-desen-etek\/","og_site_name":"Marse","article_modified_time":"2026-04-03T15:23:34+00:00","og_image":[{"width":1179,"height":1415,"url":"https:\/\/marse.com.tr\/kadin\/wp-content\/uploads\/2026\/02\/WhatsApp-Image-2026-02-03-at-00.08.06-1.jpeg","type":"image\/jpeg"}],"twitter_card":"summary_large_image","twitter_misc":{"Tahmini okuma s\u00fcresi":"1 dakika"},"schema":{"@context":"https:\/\/schema.org","@graph":[{"@type":"WebPage","@id":"https:\/\/marse.com.tr\/kadin\/urun\/ekose-desen-etek\/","url":"https:\/\/marse.com.tr\/kadin\/urun\/ekose-desen-etek\/","name":"Ekose Desen Etek - Marse","isPartOf":{"@id":"https:\/\/marse.com.tr\/kadin\/#website"},"primaryImageOfPage":{"@id":"https:\/\/marse.com.tr\/kadin\/urun\/ekose-desen-etek\/#primaryimage"},"image":{"@id":"https:\/\/marse.com.tr\/kadin\/urun\/ekose-desen-etek\/#primaryimage"},"thumbnailUrl":"https:\/\/marse.com.tr\/kadin\/wp-content\/uploads\/2026\/02\/WhatsApp-Image-2026-02-03-at-00.08.06-1.jpeg","datePublished":"2026-02-02T22:29:32+00:00","dateModified":"2026-04-03T15:23:34+00:00","description":"Zamans\u0131z tasar\u0131ma sahip fermuarl\u0131 ceket ve A kesim etekten olu\u015fan scuba kuma\u015f ikili tak\u0131m. G\u00fcnl\u00fck ve \u015f\u0131k kombinler i\u00e7in idealdir.","breadcrumb":{"@id":"https:\/\/marse.com.tr\/kadin\/urun\/ekose-desen-etek\/#breadcrumb"},"inLanguage":"tr","potentialAction":[{"@type":"ReadAction","target":["https:\/\/marse.com.tr\/kadin\/urun\/ekose-desen-etek\/"]}]},{"@type":"ImageObject","inLanguage":"tr","@id":"https:\/\/marse.com.tr\/kadin\/urun\/ekose-desen-etek\/#primaryimage","url":"https:\/\/marse.com.tr\/kadin\/wp-content\/uploads\/2026\/02\/WhatsApp-Image-2026-02-03-at-00.08.06-1.jpeg","contentUrl":"https:\/\/marse.com.tr\/kadin\/wp-content\/uploads\/2026\/02\/WhatsApp-Image-2026-02-03-at-00.08.06-1.jpeg","width":1179,"height":1415},{"@type":"BreadcrumbList","@id":"https:\/\/marse.com.tr\/kadin\/urun\/ekose-desen-etek\/#breadcrumb","itemListElement":[{"@type":"ListItem","position":1,"name":"Anasayfa","item":"https:\/\/marse.com.tr\/kadin\/"},{"@type":"ListItem","position":2,"name":"Ma\u011faza","item":"https:\/\/marse.com.tr\/kadin\/kadin-magaza\/"},{"@type":"ListItem","position":3,"name":"Ekose Desen Etek"}]},{"@type":"WebSite","@id":"https:\/\/marse.com.tr\/kadin\/#website","url":"https:\/\/marse.com.tr\/kadin\/","name":"Marse","description":"","publisher":{"@id":"https:\/\/marse.com.tr\/kadin\/#organization"},"potentialAction":[{"@type":"SearchAction","target":{"@type":"EntryPoint","urlTemplate":"https:\/\/marse.com.tr\/kadin\/?s={search_term_string}"},"query-input":{"@type":"PropertyValueSpecification","valueRequired":true,"valueName":"search_term_string"}}],"inLanguage":"tr"},{"@type":"Organization","@id":"https:\/\/marse.com.tr\/kadin\/#organization","name":"Artilla","url":"https:\/\/marse.com.tr\/kadin\/","logo":{"@type":"ImageObject","inLanguage":"tr","@id":"https:\/\/marse.com.tr\/kadin\/#\/schema\/logo\/image\/","url":"https:\/\/www.marse.com.tr\/wp-content\/uploads\/2023\/09\/artilla-logo.jpg","contentUrl":"https:\/\/www.marse.com.tr\/wp-content\/uploads\/2023\/09\/artilla-logo.jpg","width":2479,"height":744,"caption":"Artilla"},"image":{"@id":"https:\/\/marse.com.tr\/kadin\/#\/schema\/logo\/image\/"},"sameAs":["https:\/\/www.instagram.com\/artillatekstil\/"]}]}},"_links":{"self":[{"href":"https:\/\/marse.com.tr\/kadin\/wp-json\/wp\/v2\/product\/8095","targetHints":{"allow":["GET"]}}],"collection":[{"href":"https:\/\/marse.com.tr\/kadin\/wp-json\/wp\/v2\/product"}],"about":[{"href":"https:\/\/marse.com.tr\/kadin\/wp-json\/wp\/v2\/types\/product"}],"replies":[{"embeddable":true,"href":"https:\/\/marse.com.tr\/kadin\/wp-json\/wp\/v2\/comments?post=8095"}],"version-history":[{"count":1,"href":"https:\/\/marse.com.tr\/kadin\/wp-json\/wp\/v2\/product\/8095\/revisions"}],"predecessor-version":[{"id":8105,"href":"https:\/\/marse.com.tr\/kadin\/wp-json\/wp\/v2\/product\/8095\/revisions\/8105"}],"wp:featuredmedia":[{"embeddable":true,"href":"https:\/\/marse.com.tr\/kadin\/wp-json\/wp\/v2\/media\/8100"}],"wp:attachment":[{"href":"https:\/\/marse.com.tr\/kadin\/wp-json\/wp\/v2\/media?parent=8095"}],"wp:term":[{"taxonomy":"product_brand","embeddable":true,"href":"https:\/\/marse.com.tr\/kadin\/wp-json\/wp\/v2\/product_brand?post=8095"},{"taxonomy":"product_cat","embeddable":true,"href":"https:\/\/marse.com.tr\/kadin\/wp-json\/wp\/v2\/product_cat?post=8095"},{"taxonomy":"product_tag","embeddable":true,"href":"https:\/\/marse.com.tr\/kadin\/wp-json\/wp\/v2\/product_tag?post=8095"}],"curies":[{"name":"wp","href":"https:\/\/api.w.org\/{rel}","templated":true}]}}