{"id":8184,"date":"2026-02-18T21:46:17","date_gmt":"2026-02-18T21:46:17","guid":{"rendered":"https:\/\/marse.com.tr\/kadin\/?post_type=product&#038;p=8184"},"modified":"2026-02-18T21:46:19","modified_gmt":"2026-02-18T21:46:19","slug":"dugme-detayli-mevlana-uzun-elbise","status":"publish","type":"product","link":"https:\/\/marse.com.tr\/kadin\/urun\/dugme-detayli-mevlana-uzun-elbise\/","title":{"rendered":"D\u00fc\u011fme Detayl\u0131 mevlana Uzun Elbise"},"content":{"rendered":"<p>ayrobin kuma\u015ftan \u00fcretilmi\u015ftir.<\/p>\n<p>38-40\/42-44\/46-48\/50-52 beden aral\u0131\u011f\u0131ndad\u0131r<\/p>\n<p>Zamans\u0131z \u015f\u0131kl\u0131\u011f\u0131n modern yorumu olan bu uzun elbise, sade ve zarif tasar\u0131m\u0131yla g\u00fcnl\u00fck stilinize sofistike bir dokunu\u015f kat\u0131yor. \u00d6n k\u0131sm\u0131ndaki d\u00fc\u011fme detaylar\u0131 klasik bir g\u00f6r\u00fcn\u00fcm sunarken, katl\u0131 etek formu elbiseye hareketli ve feminen bir duru\u015f kazand\u0131r\u0131r.<\/p>\n<p>Yumu\u015fak dokulu kuma\u015f\u0131 sayesinde g\u00fcn boyu konfor sa\u011flarken, rahat kal\u0131b\u0131 ile \u00f6zg\u00fcr hareket imkan\u0131 sunar. Hem g\u00fcnl\u00fck kombinlerde hem de \u00f6zel davetlerde \u015f\u0131kl\u0131kla tercih edebilece\u011finiz bu par\u00e7a, minimal ama etkileyici bir stil arayanlar i\u00e7in ideal bir se\u00e7imdir.<\/p>\n","protected":false},"excerpt":{"rendered":"<p>Zamans\u0131z \u015f\u0131kl\u0131\u011f\u0131n modern yorumu olan bu uzun elbise, sade ve zarif tasar\u0131m\u0131yla g\u00fcnl\u00fck stilinize sofistike bir dokunu\u015f kat\u0131yor. \u00d6n k\u0131sm\u0131ndaki d\u00fc\u011fme detaylar\u0131 klasik bir g\u00f6r\u00fcn\u00fcm sunarken, katl\u0131 etek formu elbiseye hareketli ve feminen bir duru\u015f kazand\u0131r\u0131r.<\/p>\n<p>Yumu\u015fak dokulu kuma\u015f\u0131 sayesinde g\u00fcn boyu konfor sa\u011flarken, rahat kal\u0131b\u0131 ile \u00f6zg\u00fcr hareket imkan\u0131 sunar. Hem g\u00fcnl\u00fck kombinlerde hem de \u00f6zel davetlerde \u015f\u0131kl\u0131kla tercih edebilece\u011finiz bu par\u00e7a, minimal ama etkileyici bir stil arayanlar i\u00e7in ideal bir se\u00e7imdir.<\/p>\n","protected":false},"featured_media":8187,"comment_status":"open","ping_status":"closed","template":"","meta":{"om_disable_all_campaigns":false},"product_brand":[76],"product_cat":[86],"product_tag":[],"class_list":{"0":"post-8184","1":"product","2":"type-product","3":"status-publish","4":"has-post-thumbnail","6":"product_brand-marse","7":"product_cat-elbise","8":"nt-post-class","9":"","15":"first","16":"instock","17":"taxable","18":"shipping-taxable","19":"purchasable","20":"product-type-variable"},"yoast_head":"<!-- This site is optimized with the Yoast SEO plugin v26.9 - https:\/\/yoast.com\/product\/yoast-seo-wordpress\/ -->\n<title>D\u00fc\u011fme Detayl\u0131 mevlana Uzun Elbise - Marse<\/title>\n<meta name=\"description\" content=\"Zamans\u0131z \u015f\u0131kl\u0131\u011f\u0131n modern yorumu olan bu uzun elbise, sade ve zarif tasar\u0131m\u0131yla g\u00fcnl\u00fck stilinize sofistike bir dokunu\u015f kat\u0131yor. \u00d6n k\u0131sm\u0131ndaki d\u00fc\u011fme detaylar\u0131 klasik bir g\u00f6r\u00fcn\u00fcm sunarken, katl\u0131 etek formu elbiseye hareketli ve feminen bir duru\u015f kazand\u0131r\u0131r.Yumu\u015fak dokulu kuma\u015f\u0131 sayesinde g\u00fcn boyu konfor sa\u011flarken, rahat kal\u0131b\u0131 ile \u00f6zg\u00fcr hareket imkan\u0131 sunar. Hem g\u00fcnl\u00fck kombinlerde hem de \u00f6zel davetlerde \u015f\u0131kl\u0131kla tercih edebilece\u011finiz bu par\u00e7a, minimal ama etkileyici bir stil arayanlar i\u00e7in ideal bir se\u00e7imdir.\" \/>\n<meta name=\"robots\" content=\"index, follow, max-snippet:-1, max-image-preview:large, max-video-preview:-1\" \/>\n<link rel=\"canonical\" href=\"https:\/\/marse.com.tr\/kadin\/urun\/dugme-detayli-mevlana-uzun-elbise\/\" \/>\n<meta property=\"og:locale\" content=\"tr_TR\" \/>\n<meta property=\"og:type\" content=\"article\" \/>\n<meta property=\"og:title\" content=\"D\u00fc\u011fme Detayl\u0131 mevlana Uzun Elbise - Marse\" \/>\n<meta property=\"og:description\" content=\"Zamans\u0131z \u015f\u0131kl\u0131\u011f\u0131n modern yorumu olan bu uzun elbise, sade ve zarif tasar\u0131m\u0131yla g\u00fcnl\u00fck stilinize sofistike bir dokunu\u015f kat\u0131yor. \u00d6n k\u0131sm\u0131ndaki d\u00fc\u011fme detaylar\u0131 klasik bir g\u00f6r\u00fcn\u00fcm sunarken, katl\u0131 etek formu elbiseye hareketli ve feminen bir duru\u015f kazand\u0131r\u0131r.Yumu\u015fak dokulu kuma\u015f\u0131 sayesinde g\u00fcn boyu konfor sa\u011flarken, rahat kal\u0131b\u0131 ile \u00f6zg\u00fcr hareket imkan\u0131 sunar. Hem g\u00fcnl\u00fck kombinlerde hem de \u00f6zel davetlerde \u015f\u0131kl\u0131kla tercih edebilece\u011finiz bu par\u00e7a, minimal ama etkileyici bir stil arayanlar i\u00e7in ideal bir se\u00e7imdir.\" \/>\n<meta property=\"og:url\" content=\"https:\/\/marse.com.tr\/kadin\/urun\/dugme-detayli-mevlana-uzun-elbise\/\" \/>\n<meta property=\"og:site_name\" content=\"Marse\" \/>\n<meta property=\"article:modified_time\" content=\"2026-02-18T21:46:19+00:00\" \/>\n<meta property=\"og:image\" content=\"https:\/\/marse.com.tr\/kadin\/wp-content\/uploads\/2026\/02\/WhatsApp-Image-2026-02-19-at-00.37.08-7.jpeg\" \/>\n\t<meta property=\"og:image:width\" content=\"1638\" \/>\n\t<meta property=\"og:image:height\" content=\"2048\" \/>\n\t<meta property=\"og:image:type\" content=\"image\/jpeg\" \/>\n<meta name=\"twitter:card\" content=\"summary_large_image\" \/>\n<meta name=\"twitter:label1\" content=\"Tahmini okuma s\u00fcresi\" \/>\n\t<meta name=\"twitter:data1\" content=\"1 dakika\" \/>\n<script type=\"application\/ld+json\" class=\"yoast-schema-graph\">{\"@context\":\"https:\/\/schema.org\",\"@graph\":[{\"@type\":\"WebPage\",\"@id\":\"https:\/\/marse.com.tr\/kadin\/urun\/dugme-detayli-mevlana-uzun-elbise\/\",\"url\":\"https:\/\/marse.com.tr\/kadin\/urun\/dugme-detayli-mevlana-uzun-elbise\/\",\"name\":\"D\u00fc\u011fme Detayl\u0131 mevlana Uzun Elbise - Marse\",\"isPartOf\":{\"@id\":\"https:\/\/marse.com.tr\/kadin\/#website\"},\"primaryImageOfPage\":{\"@id\":\"https:\/\/marse.com.tr\/kadin\/urun\/dugme-detayli-mevlana-uzun-elbise\/#primaryimage\"},\"image\":{\"@id\":\"https:\/\/marse.com.tr\/kadin\/urun\/dugme-detayli-mevlana-uzun-elbise\/#primaryimage\"},\"thumbnailUrl\":\"https:\/\/marse.com.tr\/kadin\/wp-content\/uploads\/2026\/02\/WhatsApp-Image-2026-02-19-at-00.37.08-7-e1773694094977.jpeg\",\"datePublished\":\"2026-02-18T21:46:17+00:00\",\"dateModified\":\"2026-02-18T21:46:19+00:00\",\"description\":\"Zamans\u0131z \u015f\u0131kl\u0131\u011f\u0131n modern yorumu olan bu uzun elbise, sade ve zarif tasar\u0131m\u0131yla g\u00fcnl\u00fck stilinize sofistike bir dokunu\u015f kat\u0131yor. \u00d6n k\u0131sm\u0131ndaki d\u00fc\u011fme detaylar\u0131 klasik bir g\u00f6r\u00fcn\u00fcm sunarken, katl\u0131 etek formu elbiseye hareketli ve feminen bir duru\u015f kazand\u0131r\u0131r.Yumu\u015fak dokulu kuma\u015f\u0131 sayesinde g\u00fcn boyu konfor sa\u011flarken, rahat kal\u0131b\u0131 ile \u00f6zg\u00fcr hareket imkan\u0131 sunar. Hem g\u00fcnl\u00fck kombinlerde hem de \u00f6zel davetlerde \u015f\u0131kl\u0131kla tercih edebilece\u011finiz bu par\u00e7a, minimal ama etkileyici bir stil arayanlar i\u00e7in ideal bir se\u00e7imdir.\",\"breadcrumb\":{\"@id\":\"https:\/\/marse.com.tr\/kadin\/urun\/dugme-detayli-mevlana-uzun-elbise\/#breadcrumb\"},\"inLanguage\":\"tr\",\"potentialAction\":[{\"@type\":\"ReadAction\",\"target\":[\"https:\/\/marse.com.tr\/kadin\/urun\/dugme-detayli-mevlana-uzun-elbise\/\"]}]},{\"@type\":\"ImageObject\",\"inLanguage\":\"tr\",\"@id\":\"https:\/\/marse.com.tr\/kadin\/urun\/dugme-detayli-mevlana-uzun-elbise\/#primaryimage\",\"url\":\"https:\/\/marse.com.tr\/kadin\/wp-content\/uploads\/2026\/02\/WhatsApp-Image-2026-02-19-at-00.37.08-7-e1773694094977.jpeg\",\"contentUrl\":\"https:\/\/marse.com.tr\/kadin\/wp-content\/uploads\/2026\/02\/WhatsApp-Image-2026-02-19-at-00.37.08-7-e1773694094977.jpeg\",\"width\":935,\"height\":1184},{\"@type\":\"BreadcrumbList\",\"@id\":\"https:\/\/marse.com.tr\/kadin\/urun\/dugme-detayli-mevlana-uzun-elbise\/#breadcrumb\",\"itemListElement\":[{\"@type\":\"ListItem\",\"position\":1,\"name\":\"Anasayfa\",\"item\":\"https:\/\/marse.com.tr\/kadin\/\"},{\"@type\":\"ListItem\",\"position\":2,\"name\":\"Ma\u011faza\",\"item\":\"https:\/\/marse.com.tr\/kadin\/kadin-magaza\/\"},{\"@type\":\"ListItem\",\"position\":3,\"name\":\"D\u00fc\u011fme Detayl\u0131 mevlana Uzun Elbise\"}]},{\"@type\":\"WebSite\",\"@id\":\"https:\/\/marse.com.tr\/kadin\/#website\",\"url\":\"https:\/\/marse.com.tr\/kadin\/\",\"name\":\"Marse\",\"description\":\"\",\"publisher\":{\"@id\":\"https:\/\/marse.com.tr\/kadin\/#organization\"},\"potentialAction\":[{\"@type\":\"SearchAction\",\"target\":{\"@type\":\"EntryPoint\",\"urlTemplate\":\"https:\/\/marse.com.tr\/kadin\/?s={search_term_string}\"},\"query-input\":{\"@type\":\"PropertyValueSpecification\",\"valueRequired\":true,\"valueName\":\"search_term_string\"}}],\"inLanguage\":\"tr\"},{\"@type\":\"Organization\",\"@id\":\"https:\/\/marse.com.tr\/kadin\/#organization\",\"name\":\"Artilla\",\"url\":\"https:\/\/marse.com.tr\/kadin\/\",\"logo\":{\"@type\":\"ImageObject\",\"inLanguage\":\"tr\",\"@id\":\"https:\/\/marse.com.tr\/kadin\/#\/schema\/logo\/image\/\",\"url\":\"https:\/\/www.marse.com.tr\/wp-content\/uploads\/2023\/09\/artilla-logo.jpg\",\"contentUrl\":\"https:\/\/www.marse.com.tr\/wp-content\/uploads\/2023\/09\/artilla-logo.jpg\",\"width\":2479,\"height\":744,\"caption\":\"Artilla\"},\"image\":{\"@id\":\"https:\/\/marse.com.tr\/kadin\/#\/schema\/logo\/image\/\"},\"sameAs\":[\"https:\/\/www.instagram.com\/artillatekstil\/\"]}]}<\/script>\n<!-- \/ Yoast SEO plugin. -->","yoast_head_json":{"title":"D\u00fc\u011fme Detayl\u0131 mevlana Uzun Elbise - Marse","description":"Zamans\u0131z \u015f\u0131kl\u0131\u011f\u0131n modern yorumu olan bu uzun elbise, sade ve zarif tasar\u0131m\u0131yla g\u00fcnl\u00fck stilinize sofistike bir dokunu\u015f kat\u0131yor. \u00d6n k\u0131sm\u0131ndaki d\u00fc\u011fme detaylar\u0131 klasik bir g\u00f6r\u00fcn\u00fcm sunarken, katl\u0131 etek formu elbiseye hareketli ve feminen bir duru\u015f kazand\u0131r\u0131r.Yumu\u015fak dokulu kuma\u015f\u0131 sayesinde g\u00fcn boyu konfor sa\u011flarken, rahat kal\u0131b\u0131 ile \u00f6zg\u00fcr hareket imkan\u0131 sunar. Hem g\u00fcnl\u00fck kombinlerde hem de \u00f6zel davetlerde \u015f\u0131kl\u0131kla tercih edebilece\u011finiz bu par\u00e7a, minimal ama etkileyici bir stil arayanlar i\u00e7in ideal bir se\u00e7imdir.","robots":{"index":"index","follow":"follow","max-snippet":"max-snippet:-1","max-image-preview":"max-image-preview:large","max-video-preview":"max-video-preview:-1"},"canonical":"https:\/\/marse.com.tr\/kadin\/urun\/dugme-detayli-mevlana-uzun-elbise\/","og_locale":"tr_TR","og_type":"article","og_title":"D\u00fc\u011fme Detayl\u0131 mevlana Uzun Elbise - Marse","og_description":"Zamans\u0131z \u015f\u0131kl\u0131\u011f\u0131n modern yorumu olan bu uzun elbise, sade ve zarif tasar\u0131m\u0131yla g\u00fcnl\u00fck stilinize sofistike bir dokunu\u015f kat\u0131yor. \u00d6n k\u0131sm\u0131ndaki d\u00fc\u011fme detaylar\u0131 klasik bir g\u00f6r\u00fcn\u00fcm sunarken, katl\u0131 etek formu elbiseye hareketli ve feminen bir duru\u015f kazand\u0131r\u0131r.Yumu\u015fak dokulu kuma\u015f\u0131 sayesinde g\u00fcn boyu konfor sa\u011flarken, rahat kal\u0131b\u0131 ile \u00f6zg\u00fcr hareket imkan\u0131 sunar. Hem g\u00fcnl\u00fck kombinlerde hem de \u00f6zel davetlerde \u015f\u0131kl\u0131kla tercih edebilece\u011finiz bu par\u00e7a, minimal ama etkileyici bir stil arayanlar i\u00e7in ideal bir se\u00e7imdir.","og_url":"https:\/\/marse.com.tr\/kadin\/urun\/dugme-detayli-mevlana-uzun-elbise\/","og_site_name":"Marse","article_modified_time":"2026-02-18T21:46:19+00:00","og_image":[{"width":1638,"height":2048,"url":"https:\/\/marse.com.tr\/kadin\/wp-content\/uploads\/2026\/02\/WhatsApp-Image-2026-02-19-at-00.37.08-7.jpeg","type":"image\/jpeg"}],"twitter_card":"summary_large_image","twitter_misc":{"Tahmini okuma s\u00fcresi":"1 dakika"},"schema":{"@context":"https:\/\/schema.org","@graph":[{"@type":"WebPage","@id":"https:\/\/marse.com.tr\/kadin\/urun\/dugme-detayli-mevlana-uzun-elbise\/","url":"https:\/\/marse.com.tr\/kadin\/urun\/dugme-detayli-mevlana-uzun-elbise\/","name":"D\u00fc\u011fme Detayl\u0131 mevlana Uzun Elbise - Marse","isPartOf":{"@id":"https:\/\/marse.com.tr\/kadin\/#website"},"primaryImageOfPage":{"@id":"https:\/\/marse.com.tr\/kadin\/urun\/dugme-detayli-mevlana-uzun-elbise\/#primaryimage"},"image":{"@id":"https:\/\/marse.com.tr\/kadin\/urun\/dugme-detayli-mevlana-uzun-elbise\/#primaryimage"},"thumbnailUrl":"https:\/\/marse.com.tr\/kadin\/wp-content\/uploads\/2026\/02\/WhatsApp-Image-2026-02-19-at-00.37.08-7-e1773694094977.jpeg","datePublished":"2026-02-18T21:46:17+00:00","dateModified":"2026-02-18T21:46:19+00:00","description":"Zamans\u0131z \u015f\u0131kl\u0131\u011f\u0131n modern yorumu olan bu uzun elbise, sade ve zarif tasar\u0131m\u0131yla g\u00fcnl\u00fck stilinize sofistike bir dokunu\u015f kat\u0131yor. \u00d6n k\u0131sm\u0131ndaki d\u00fc\u011fme detaylar\u0131 klasik bir g\u00f6r\u00fcn\u00fcm sunarken, katl\u0131 etek formu elbiseye hareketli ve feminen bir duru\u015f kazand\u0131r\u0131r.Yumu\u015fak dokulu kuma\u015f\u0131 sayesinde g\u00fcn boyu konfor sa\u011flarken, rahat kal\u0131b\u0131 ile \u00f6zg\u00fcr hareket imkan\u0131 sunar. Hem g\u00fcnl\u00fck kombinlerde hem de \u00f6zel davetlerde \u015f\u0131kl\u0131kla tercih edebilece\u011finiz bu par\u00e7a, minimal ama etkileyici bir stil arayanlar i\u00e7in ideal bir se\u00e7imdir.","breadcrumb":{"@id":"https:\/\/marse.com.tr\/kadin\/urun\/dugme-detayli-mevlana-uzun-elbise\/#breadcrumb"},"inLanguage":"tr","potentialAction":[{"@type":"ReadAction","target":["https:\/\/marse.com.tr\/kadin\/urun\/dugme-detayli-mevlana-uzun-elbise\/"]}]},{"@type":"ImageObject","inLanguage":"tr","@id":"https:\/\/marse.com.tr\/kadin\/urun\/dugme-detayli-mevlana-uzun-elbise\/#primaryimage","url":"https:\/\/marse.com.tr\/kadin\/wp-content\/uploads\/2026\/02\/WhatsApp-Image-2026-02-19-at-00.37.08-7-e1773694094977.jpeg","contentUrl":"https:\/\/marse.com.tr\/kadin\/wp-content\/uploads\/2026\/02\/WhatsApp-Image-2026-02-19-at-00.37.08-7-e1773694094977.jpeg","width":935,"height":1184},{"@type":"BreadcrumbList","@id":"https:\/\/marse.com.tr\/kadin\/urun\/dugme-detayli-mevlana-uzun-elbise\/#breadcrumb","itemListElement":[{"@type":"ListItem","position":1,"name":"Anasayfa","item":"https:\/\/marse.com.tr\/kadin\/"},{"@type":"ListItem","position":2,"name":"Ma\u011faza","item":"https:\/\/marse.com.tr\/kadin\/kadin-magaza\/"},{"@type":"ListItem","position":3,"name":"D\u00fc\u011fme Detayl\u0131 mevlana Uzun Elbise"}]},{"@type":"WebSite","@id":"https:\/\/marse.com.tr\/kadin\/#website","url":"https:\/\/marse.com.tr\/kadin\/","name":"Marse","description":"","publisher":{"@id":"https:\/\/marse.com.tr\/kadin\/#organization"},"potentialAction":[{"@type":"SearchAction","target":{"@type":"EntryPoint","urlTemplate":"https:\/\/marse.com.tr\/kadin\/?s={search_term_string}"},"query-input":{"@type":"PropertyValueSpecification","valueRequired":true,"valueName":"search_term_string"}}],"inLanguage":"tr"},{"@type":"Organization","@id":"https:\/\/marse.com.tr\/kadin\/#organization","name":"Artilla","url":"https:\/\/marse.com.tr\/kadin\/","logo":{"@type":"ImageObject","inLanguage":"tr","@id":"https:\/\/marse.com.tr\/kadin\/#\/schema\/logo\/image\/","url":"https:\/\/www.marse.com.tr\/wp-content\/uploads\/2023\/09\/artilla-logo.jpg","contentUrl":"https:\/\/www.marse.com.tr\/wp-content\/uploads\/2023\/09\/artilla-logo.jpg","width":2479,"height":744,"caption":"Artilla"},"image":{"@id":"https:\/\/marse.com.tr\/kadin\/#\/schema\/logo\/image\/"},"sameAs":["https:\/\/www.instagram.com\/artillatekstil\/"]}]}},"_links":{"self":[{"href":"https:\/\/marse.com.tr\/kadin\/wp-json\/wp\/v2\/product\/8184","targetHints":{"allow":["GET"]}}],"collection":[{"href":"https:\/\/marse.com.tr\/kadin\/wp-json\/wp\/v2\/product"}],"about":[{"href":"https:\/\/marse.com.tr\/kadin\/wp-json\/wp\/v2\/types\/product"}],"replies":[{"embeddable":true,"href":"https:\/\/marse.com.tr\/kadin\/wp-json\/wp\/v2\/comments?post=8184"}],"version-history":[{"count":1,"href":"https:\/\/marse.com.tr\/kadin\/wp-json\/wp\/v2\/product\/8184\/revisions"}],"predecessor-version":[{"id":8235,"href":"https:\/\/marse.com.tr\/kadin\/wp-json\/wp\/v2\/product\/8184\/revisions\/8235"}],"wp:featuredmedia":[{"embeddable":true,"href":"https:\/\/marse.com.tr\/kadin\/wp-json\/wp\/v2\/media\/8187"}],"wp:attachment":[{"href":"https:\/\/marse.com.tr\/kadin\/wp-json\/wp\/v2\/media?parent=8184"}],"wp:term":[{"taxonomy":"product_brand","embeddable":true,"href":"https:\/\/marse.com.tr\/kadin\/wp-json\/wp\/v2\/product_brand?post=8184"},{"taxonomy":"product_cat","embeddable":true,"href":"https:\/\/marse.com.tr\/kadin\/wp-json\/wp\/v2\/product_cat?post=8184"},{"taxonomy":"product_tag","embeddable":true,"href":"https:\/\/marse.com.tr\/kadin\/wp-json\/wp\/v2\/product_tag?post=8184"}],"curies":[{"name":"wp","href":"https:\/\/api.w.org\/{rel}","templated":true}]}}