{"id":8350,"date":"2026-04-03T17:04:12","date_gmt":"2026-04-03T17:04:12","guid":{"rendered":"https:\/\/marse.com.tr\/kadin\/?post_type=product&#038;p=8350"},"modified":"2026-04-03T17:04:12","modified_gmt":"2026-04-03T17:04:12","slug":"etnik-desen-etekli-takim","status":"publish","type":"product","link":"https:\/\/marse.com.tr\/kadin\/urun\/etnik-desen-etekli-takim\/","title":{"rendered":"etnik desen etekli tak\u0131m"},"content":{"rendered":"<p>Zarif dokusu ve ak\u0131\u015fkan formu ile \u00f6ne \u00e7\u0131kan bu desenli etek, klasik \u015f\u0131kl\u0131\u011f\u0131 modern bir dokunu\u015fla bulu\u015fturuyor. Hafif yap\u0131s\u0131 sayesinde g\u00fcn boyu konfor sunarken, d\u00f6k\u00fcml\u00fc kesimi feminen ve zarif bir siluet olu\u015fturur.<\/p>\n<p>G\u00f6mleklerle kolayca kombinlenebilen tasar\u0131m\u0131, hem g\u00fcnl\u00fck kullan\u0131mda hem de \u00f6zel g\u00fcnlerde \u015f\u0131k bir g\u00f6r\u00fcn\u00fcm elde etmenizi sa\u011flar. Desenli yap\u0131s\u0131 ile sade kombinlere hareket katarken, bel formu sayesinde v\u00fccuda uyumlu bir duru\u015f sunar.<\/p>\n<p>Marse kalitesiyle stilinizi tamamlayan zamans\u0131z bir par\u00e7a.<\/p>\n","protected":false},"excerpt":{"rendered":"<p>Zarif dokusu ve ak\u0131\u015fkan formu ile \u00f6ne \u00e7\u0131kan bu desenli etek, klasik \u015f\u0131kl\u0131\u011f\u0131 modern bir dokunu\u015fla bulu\u015fturuyor. Hafif yap\u0131s\u0131 sayesinde g\u00fcn boyu konfor sunarken, d\u00f6k\u00fcml\u00fc kesimi feminen ve zarif bir siluet olu\u015fturur. G\u00f6mleklerle kolayca kombinlenebilen tasar\u0131m\u0131, hem g\u00fcnl\u00fck kullan\u0131mda hem de \u00f6zel g\u00fcnlerde \u015f\u0131k bir g\u00f6r\u00fcn\u00fcm elde etmenizi sa\u011flar. Desenli yap\u0131s\u0131 ile sade kombinlere hareket&#8230;<\/p>\n","protected":false},"featured_media":8356,"comment_status":"open","ping_status":"closed","template":"","meta":{"om_disable_all_campaigns":false},"product_brand":[],"product_cat":[84],"product_tag":[],"class_list":{"0":"post-8350","1":"product","2":"type-product","3":"status-publish","4":"has-post-thumbnail","6":"product_cat-etekli-takim","7":"styler_product_brands-artilla-tekstil","8":"nt-post-class","9":"","12":"excerpt-none","15":"first","16":"instock","17":"taxable","18":"shipping-taxable","19":"purchasable","20":"product-type-variable"},"yoast_head":"<!-- This site is optimized with the Yoast SEO plugin v26.9 - https:\/\/yoast.com\/product\/yoast-seo-wordpress\/ -->\n<title>etnik desen etekli tak\u0131m - Marse<\/title>\n<meta name=\"robots\" content=\"index, follow, max-snippet:-1, max-image-preview:large, max-video-preview:-1\" \/>\n<link rel=\"canonical\" href=\"https:\/\/marse.com.tr\/kadin\/urun\/etnik-desen-etekli-takim\/\" \/>\n<meta property=\"og:locale\" content=\"tr_TR\" \/>\n<meta property=\"og:type\" content=\"article\" \/>\n<meta property=\"og:title\" content=\"etnik desen etekli tak\u0131m - Marse\" \/>\n<meta property=\"og:description\" content=\"Zarif dokusu ve ak\u0131\u015fkan formu ile \u00f6ne \u00e7\u0131kan bu desenli etek, klasik \u015f\u0131kl\u0131\u011f\u0131 modern bir dokunu\u015fla bulu\u015fturuyor. Hafif yap\u0131s\u0131 sayesinde g\u00fcn boyu konfor sunarken, d\u00f6k\u00fcml\u00fc kesimi feminen ve zarif bir siluet olu\u015fturur. G\u00f6mleklerle kolayca kombinlenebilen tasar\u0131m\u0131, hem g\u00fcnl\u00fck kullan\u0131mda hem de \u00f6zel g\u00fcnlerde \u015f\u0131k bir g\u00f6r\u00fcn\u00fcm elde etmenizi sa\u011flar. Desenli yap\u0131s\u0131 ile sade kombinlere hareket...\" \/>\n<meta property=\"og:url\" content=\"https:\/\/marse.com.tr\/kadin\/urun\/etnik-desen-etekli-takim\/\" \/>\n<meta property=\"og:site_name\" content=\"Marse\" \/>\n<meta property=\"og:image\" content=\"https:\/\/marse.com.tr\/kadin\/wp-content\/uploads\/2026\/04\/ekru.jpg\" \/>\n\t<meta property=\"og:image:width\" content=\"1366\" \/>\n\t<meta property=\"og:image:height\" content=\"2048\" \/>\n\t<meta property=\"og:image:type\" content=\"image\/jpeg\" \/>\n<meta name=\"twitter:card\" content=\"summary_large_image\" \/>\n<meta name=\"twitter:label1\" content=\"Tahmini okuma s\u00fcresi\" \/>\n\t<meta name=\"twitter:data1\" content=\"1 dakika\" \/>\n<script type=\"application\/ld+json\" class=\"yoast-schema-graph\">{\"@context\":\"https:\/\/schema.org\",\"@graph\":[{\"@type\":\"WebPage\",\"@id\":\"https:\/\/marse.com.tr\/kadin\/urun\/etnik-desen-etekli-takim\/\",\"url\":\"https:\/\/marse.com.tr\/kadin\/urun\/etnik-desen-etekli-takim\/\",\"name\":\"etnik desen etekli tak\u0131m - Marse\",\"isPartOf\":{\"@id\":\"https:\/\/marse.com.tr\/kadin\/#website\"},\"primaryImageOfPage\":{\"@id\":\"https:\/\/marse.com.tr\/kadin\/urun\/etnik-desen-etekli-takim\/#primaryimage\"},\"image\":{\"@id\":\"https:\/\/marse.com.tr\/kadin\/urun\/etnik-desen-etekli-takim\/#primaryimage\"},\"thumbnailUrl\":\"https:\/\/marse.com.tr\/kadin\/wp-content\/uploads\/2026\/04\/ekru.jpg\",\"datePublished\":\"2026-04-03T17:04:12+00:00\",\"breadcrumb\":{\"@id\":\"https:\/\/marse.com.tr\/kadin\/urun\/etnik-desen-etekli-takim\/#breadcrumb\"},\"inLanguage\":\"tr\",\"potentialAction\":[{\"@type\":\"ReadAction\",\"target\":[\"https:\/\/marse.com.tr\/kadin\/urun\/etnik-desen-etekli-takim\/\"]}]},{\"@type\":\"ImageObject\",\"inLanguage\":\"tr\",\"@id\":\"https:\/\/marse.com.tr\/kadin\/urun\/etnik-desen-etekli-takim\/#primaryimage\",\"url\":\"https:\/\/marse.com.tr\/kadin\/wp-content\/uploads\/2026\/04\/ekru.jpg\",\"contentUrl\":\"https:\/\/marse.com.tr\/kadin\/wp-content\/uploads\/2026\/04\/ekru.jpg\",\"width\":1366,\"height\":2048},{\"@type\":\"BreadcrumbList\",\"@id\":\"https:\/\/marse.com.tr\/kadin\/urun\/etnik-desen-etekli-takim\/#breadcrumb\",\"itemListElement\":[{\"@type\":\"ListItem\",\"position\":1,\"name\":\"Anasayfa\",\"item\":\"https:\/\/marse.com.tr\/kadin\/\"},{\"@type\":\"ListItem\",\"position\":2,\"name\":\"Ma\u011faza\",\"item\":\"https:\/\/marse.com.tr\/kadin\/kadin-magaza\/\"},{\"@type\":\"ListItem\",\"position\":3,\"name\":\"etnik desen etekli tak\u0131m\"}]},{\"@type\":\"WebSite\",\"@id\":\"https:\/\/marse.com.tr\/kadin\/#website\",\"url\":\"https:\/\/marse.com.tr\/kadin\/\",\"name\":\"Marse\",\"description\":\"\",\"publisher\":{\"@id\":\"https:\/\/marse.com.tr\/kadin\/#organization\"},\"potentialAction\":[{\"@type\":\"SearchAction\",\"target\":{\"@type\":\"EntryPoint\",\"urlTemplate\":\"https:\/\/marse.com.tr\/kadin\/?s={search_term_string}\"},\"query-input\":{\"@type\":\"PropertyValueSpecification\",\"valueRequired\":true,\"valueName\":\"search_term_string\"}}],\"inLanguage\":\"tr\"},{\"@type\":\"Organization\",\"@id\":\"https:\/\/marse.com.tr\/kadin\/#organization\",\"name\":\"Artilla\",\"url\":\"https:\/\/marse.com.tr\/kadin\/\",\"logo\":{\"@type\":\"ImageObject\",\"inLanguage\":\"tr\",\"@id\":\"https:\/\/marse.com.tr\/kadin\/#\/schema\/logo\/image\/\",\"url\":\"https:\/\/www.marse.com.tr\/wp-content\/uploads\/2023\/09\/artilla-logo.jpg\",\"contentUrl\":\"https:\/\/www.marse.com.tr\/wp-content\/uploads\/2023\/09\/artilla-logo.jpg\",\"width\":2479,\"height\":744,\"caption\":\"Artilla\"},\"image\":{\"@id\":\"https:\/\/marse.com.tr\/kadin\/#\/schema\/logo\/image\/\"},\"sameAs\":[\"https:\/\/www.instagram.com\/artillatekstil\/\"]}]}<\/script>\n<!-- \/ Yoast SEO plugin. -->","yoast_head_json":{"title":"etnik desen etekli tak\u0131m - Marse","robots":{"index":"index","follow":"follow","max-snippet":"max-snippet:-1","max-image-preview":"max-image-preview:large","max-video-preview":"max-video-preview:-1"},"canonical":"https:\/\/marse.com.tr\/kadin\/urun\/etnik-desen-etekli-takim\/","og_locale":"tr_TR","og_type":"article","og_title":"etnik desen etekli tak\u0131m - Marse","og_description":"Zarif dokusu ve ak\u0131\u015fkan formu ile \u00f6ne \u00e7\u0131kan bu desenli etek, klasik \u015f\u0131kl\u0131\u011f\u0131 modern bir dokunu\u015fla bulu\u015fturuyor. Hafif yap\u0131s\u0131 sayesinde g\u00fcn boyu konfor sunarken, d\u00f6k\u00fcml\u00fc kesimi feminen ve zarif bir siluet olu\u015fturur. G\u00f6mleklerle kolayca kombinlenebilen tasar\u0131m\u0131, hem g\u00fcnl\u00fck kullan\u0131mda hem de \u00f6zel g\u00fcnlerde \u015f\u0131k bir g\u00f6r\u00fcn\u00fcm elde etmenizi sa\u011flar. Desenli yap\u0131s\u0131 ile sade kombinlere hareket...","og_url":"https:\/\/marse.com.tr\/kadin\/urun\/etnik-desen-etekli-takim\/","og_site_name":"Marse","og_image":[{"width":1366,"height":2048,"url":"https:\/\/marse.com.tr\/kadin\/wp-content\/uploads\/2026\/04\/ekru.jpg","type":"image\/jpeg"}],"twitter_card":"summary_large_image","twitter_misc":{"Tahmini okuma s\u00fcresi":"1 dakika"},"schema":{"@context":"https:\/\/schema.org","@graph":[{"@type":"WebPage","@id":"https:\/\/marse.com.tr\/kadin\/urun\/etnik-desen-etekli-takim\/","url":"https:\/\/marse.com.tr\/kadin\/urun\/etnik-desen-etekli-takim\/","name":"etnik desen etekli tak\u0131m - Marse","isPartOf":{"@id":"https:\/\/marse.com.tr\/kadin\/#website"},"primaryImageOfPage":{"@id":"https:\/\/marse.com.tr\/kadin\/urun\/etnik-desen-etekli-takim\/#primaryimage"},"image":{"@id":"https:\/\/marse.com.tr\/kadin\/urun\/etnik-desen-etekli-takim\/#primaryimage"},"thumbnailUrl":"https:\/\/marse.com.tr\/kadin\/wp-content\/uploads\/2026\/04\/ekru.jpg","datePublished":"2026-04-03T17:04:12+00:00","breadcrumb":{"@id":"https:\/\/marse.com.tr\/kadin\/urun\/etnik-desen-etekli-takim\/#breadcrumb"},"inLanguage":"tr","potentialAction":[{"@type":"ReadAction","target":["https:\/\/marse.com.tr\/kadin\/urun\/etnik-desen-etekli-takim\/"]}]},{"@type":"ImageObject","inLanguage":"tr","@id":"https:\/\/marse.com.tr\/kadin\/urun\/etnik-desen-etekli-takim\/#primaryimage","url":"https:\/\/marse.com.tr\/kadin\/wp-content\/uploads\/2026\/04\/ekru.jpg","contentUrl":"https:\/\/marse.com.tr\/kadin\/wp-content\/uploads\/2026\/04\/ekru.jpg","width":1366,"height":2048},{"@type":"BreadcrumbList","@id":"https:\/\/marse.com.tr\/kadin\/urun\/etnik-desen-etekli-takim\/#breadcrumb","itemListElement":[{"@type":"ListItem","position":1,"name":"Anasayfa","item":"https:\/\/marse.com.tr\/kadin\/"},{"@type":"ListItem","position":2,"name":"Ma\u011faza","item":"https:\/\/marse.com.tr\/kadin\/kadin-magaza\/"},{"@type":"ListItem","position":3,"name":"etnik desen etekli tak\u0131m"}]},{"@type":"WebSite","@id":"https:\/\/marse.com.tr\/kadin\/#website","url":"https:\/\/marse.com.tr\/kadin\/","name":"Marse","description":"","publisher":{"@id":"https:\/\/marse.com.tr\/kadin\/#organization"},"potentialAction":[{"@type":"SearchAction","target":{"@type":"EntryPoint","urlTemplate":"https:\/\/marse.com.tr\/kadin\/?s={search_term_string}"},"query-input":{"@type":"PropertyValueSpecification","valueRequired":true,"valueName":"search_term_string"}}],"inLanguage":"tr"},{"@type":"Organization","@id":"https:\/\/marse.com.tr\/kadin\/#organization","name":"Artilla","url":"https:\/\/marse.com.tr\/kadin\/","logo":{"@type":"ImageObject","inLanguage":"tr","@id":"https:\/\/marse.com.tr\/kadin\/#\/schema\/logo\/image\/","url":"https:\/\/www.marse.com.tr\/wp-content\/uploads\/2023\/09\/artilla-logo.jpg","contentUrl":"https:\/\/www.marse.com.tr\/wp-content\/uploads\/2023\/09\/artilla-logo.jpg","width":2479,"height":744,"caption":"Artilla"},"image":{"@id":"https:\/\/marse.com.tr\/kadin\/#\/schema\/logo\/image\/"},"sameAs":["https:\/\/www.instagram.com\/artillatekstil\/"]}]}},"_links":{"self":[{"href":"https:\/\/marse.com.tr\/kadin\/wp-json\/wp\/v2\/product\/8350","targetHints":{"allow":["GET"]}}],"collection":[{"href":"https:\/\/marse.com.tr\/kadin\/wp-json\/wp\/v2\/product"}],"about":[{"href":"https:\/\/marse.com.tr\/kadin\/wp-json\/wp\/v2\/types\/product"}],"replies":[{"embeddable":true,"href":"https:\/\/marse.com.tr\/kadin\/wp-json\/wp\/v2\/comments?post=8350"}],"version-history":[{"count":1,"href":"https:\/\/marse.com.tr\/kadin\/wp-json\/wp\/v2\/product\/8350\/revisions"}],"predecessor-version":[{"id":8369,"href":"https:\/\/marse.com.tr\/kadin\/wp-json\/wp\/v2\/product\/8350\/revisions\/8369"}],"wp:featuredmedia":[{"embeddable":true,"href":"https:\/\/marse.com.tr\/kadin\/wp-json\/wp\/v2\/media\/8356"}],"wp:attachment":[{"href":"https:\/\/marse.com.tr\/kadin\/wp-json\/wp\/v2\/media?parent=8350"}],"wp:term":[{"taxonomy":"product_brand","embeddable":true,"href":"https:\/\/marse.com.tr\/kadin\/wp-json\/wp\/v2\/product_brand?post=8350"},{"taxonomy":"product_cat","embeddable":true,"href":"https:\/\/marse.com.tr\/kadin\/wp-json\/wp\/v2\/product_cat?post=8350"},{"taxonomy":"product_tag","embeddable":true,"href":"https:\/\/marse.com.tr\/kadin\/wp-json\/wp\/v2\/product_tag?post=8350"}],"curies":[{"name":"wp","href":"https:\/\/api.w.org\/{rel}","templated":true}]}}