{"id":8608,"date":"2026-04-14T18:05:37","date_gmt":"2026-04-14T18:05:37","guid":{"rendered":"https:\/\/marse.com.tr\/kadin\/?post_type=product&#038;p=8608"},"modified":"2026-04-14T18:05:38","modified_gmt":"2026-04-14T18:05:38","slug":"ceketli-elbise-takim-2","status":"publish","type":"product","link":"https:\/\/marse.com.tr\/kadin\/urun\/ceketli-elbise-takim-2\/","title":{"rendered":"Ceketli elbise tak\u0131m"},"content":{"rendered":"<p>Modern \u00e7izgilerle tasarlanm\u0131\u015f bu \u015f\u0131k tesett\u00fcr tak\u0131m, g\u00fc\u00e7l\u00fc ve zarif bir g\u00f6r\u00fcn\u00fcm sunar. Ceket ve elbiseden olu\u015fan kombin, sade \u015f\u0131kl\u0131\u011f\u0131 diki\u015f detaylar\u0131yla \u00f6n plana \u00e7\u0131kar\u0131r. G\u00fcnl\u00fck kullan\u0131mdan \u00f6zel davetlere kadar geni\u015f bir kullan\u0131m alan\u0131na sahiptir.<\/p>\n<p>Minimal tasar\u0131m\u0131 sayesinde kolay kombinlenir, zamans\u0131z duru\u015fuyla dolab\u0131n\u0131z\u0131n vazge\u00e7ilmez par\u00e7alar\u0131ndan biri olmaya adayd\u0131r.<\/p>\n<p>\u2728 \u00dcr\u00fcn \u00d6zellikleri:<br \/>\n\u2022 \u0130kili set: Ceket + Elbise<br \/>\n\u2022 \u00d6n\u00fc d\u00fc\u011fmeli ceket tasar\u0131m\u0131<br \/>\n\u2022 Boydan uzun elbise formu<br \/>\n\u2022 Dikkat \u00e7eken diki\u015f detaylar\u0131<br \/>\n\u2022 Rahat ve d\u00f6k\u00fcml\u00fc kal\u0131p<br \/>\n\u2022 G\u00fcnl\u00fck ve \u015f\u0131k kombinlere uygun<\/p>\n<p>\ud83e\uddf5 Kuma\u015f \u00d6zelli\u011fi:<br \/>\nKaliteli dokusu sayesinde g\u00fcn boyu konfor sa\u011flar. Mevsim ge\u00e7i\u015flerinde rahatl\u0131kla tercih edilebilir.<\/p>\n<p>\ud83d\udccc Kullan\u0131m Alan\u0131:<br \/>\nG\u00fcnl\u00fck stil, ofis kombinleri, \u00f6zel g\u00fcn ve davetler i\u00e7in uygundur.<\/p>\n<p>\ud83e\uddfc Y\u0131kama Talimat\u0131:<br \/>\nUzun \u00f6m\u00fcrl\u00fc kullan\u0131m i\u00e7in d\u00fc\u015f\u00fck \u0131s\u0131da hassas y\u0131kama \u00f6nerilir.<\/p>\n","protected":false},"excerpt":{"rendered":"<p>Modern \u00e7izgilerle tasarlanm\u0131\u015f bu \u015f\u0131k tesett\u00fcr tak\u0131m, g\u00fc\u00e7l\u00fc ve zarif bir g\u00f6r\u00fcn\u00fcm sunar. Ceket ve elbiseden olu\u015fan kombin, sade \u015f\u0131kl\u0131\u011f\u0131 diki\u015f detaylar\u0131yla \u00f6n plana \u00e7\u0131kar\u0131r. G\u00fcnl\u00fck kullan\u0131mdan \u00f6zel davetlere kadar geni\u015f bir kullan\u0131m alan\u0131na sahiptir. Minimal tasar\u0131m\u0131 sayesinde kolay kombinlenir, zamans\u0131z duru\u015fuyla dolab\u0131n\u0131z\u0131n vazge\u00e7ilmez par\u00e7alar\u0131ndan biri olmaya adayd\u0131r. \u2728 \u00dcr\u00fcn \u00d6zellikleri: \u2022 \u0130kili set: Ceket&#8230;<\/p>\n","protected":false},"featured_media":8591,"comment_status":"open","ping_status":"closed","template":"","meta":{"om_disable_all_campaigns":false},"product_brand":[76],"product_cat":[86],"product_tag":[],"class_list":{"0":"post-8608","1":"product","2":"type-product","3":"status-publish","4":"has-post-thumbnail","6":"product_brand-marse","7":"product_cat-elbise","8":"nt-post-class","9":"","12":"excerpt-none","15":"first","16":"instock","17":"taxable","18":"shipping-taxable","19":"purchasable","20":"product-type-variable"},"yoast_head":"<!-- This site is optimized with the Yoast SEO plugin v26.9 - https:\/\/yoast.com\/product\/yoast-seo-wordpress\/ -->\n<title>Ceketli elbise tak\u0131m - Marse<\/title>\n<meta name=\"robots\" content=\"index, follow, max-snippet:-1, max-image-preview:large, max-video-preview:-1\" \/>\n<link rel=\"canonical\" href=\"https:\/\/marse.com.tr\/kadin\/urun\/ceketli-elbise-takim-2\/\" \/>\n<meta property=\"og:locale\" content=\"tr_TR\" \/>\n<meta property=\"og:type\" content=\"article\" \/>\n<meta property=\"og:title\" content=\"Ceketli elbise tak\u0131m - Marse\" \/>\n<meta property=\"og:description\" content=\"Modern \u00e7izgilerle tasarlanm\u0131\u015f bu \u015f\u0131k tesett\u00fcr tak\u0131m, g\u00fc\u00e7l\u00fc ve zarif bir g\u00f6r\u00fcn\u00fcm sunar. Ceket ve elbiseden olu\u015fan kombin, sade \u015f\u0131kl\u0131\u011f\u0131 diki\u015f detaylar\u0131yla \u00f6n plana \u00e7\u0131kar\u0131r. G\u00fcnl\u00fck kullan\u0131mdan \u00f6zel davetlere kadar geni\u015f bir kullan\u0131m alan\u0131na sahiptir. Minimal tasar\u0131m\u0131 sayesinde kolay kombinlenir, zamans\u0131z duru\u015fuyla dolab\u0131n\u0131z\u0131n vazge\u00e7ilmez par\u00e7alar\u0131ndan biri olmaya adayd\u0131r. \u2728 \u00dcr\u00fcn \u00d6zellikleri: \u2022 \u0130kili set: Ceket...\" \/>\n<meta property=\"og:url\" content=\"https:\/\/marse.com.tr\/kadin\/urun\/ceketli-elbise-takim-2\/\" \/>\n<meta property=\"og:site_name\" content=\"Marse\" \/>\n<meta property=\"article:modified_time\" content=\"2026-04-14T18:05:38+00:00\" \/>\n<meta property=\"og:image\" content=\"https:\/\/marse.com.tr\/kadin\/wp-content\/uploads\/2026\/04\/9.jpeg\" \/>\n\t<meta property=\"og:image:width\" content=\"1200\" \/>\n\t<meta property=\"og:image:height\" content=\"1600\" \/>\n\t<meta property=\"og:image:type\" content=\"image\/jpeg\" \/>\n<meta name=\"twitter:card\" content=\"summary_large_image\" \/>\n<meta name=\"twitter:label1\" content=\"Tahmini okuma s\u00fcresi\" \/>\n\t<meta name=\"twitter:data1\" content=\"1 dakika\" \/>\n<script type=\"application\/ld+json\" class=\"yoast-schema-graph\">{\"@context\":\"https:\/\/schema.org\",\"@graph\":[{\"@type\":\"WebPage\",\"@id\":\"https:\/\/marse.com.tr\/kadin\/urun\/ceketli-elbise-takim-2\/\",\"url\":\"https:\/\/marse.com.tr\/kadin\/urun\/ceketli-elbise-takim-2\/\",\"name\":\"Ceketli elbise tak\u0131m - Marse\",\"isPartOf\":{\"@id\":\"https:\/\/marse.com.tr\/kadin\/#website\"},\"primaryImageOfPage\":{\"@id\":\"https:\/\/marse.com.tr\/kadin\/urun\/ceketli-elbise-takim-2\/#primaryimage\"},\"image\":{\"@id\":\"https:\/\/marse.com.tr\/kadin\/urun\/ceketli-elbise-takim-2\/#primaryimage\"},\"thumbnailUrl\":\"https:\/\/marse.com.tr\/kadin\/wp-content\/uploads\/2026\/04\/9.jpeg\",\"datePublished\":\"2026-04-14T18:05:37+00:00\",\"dateModified\":\"2026-04-14T18:05:38+00:00\",\"breadcrumb\":{\"@id\":\"https:\/\/marse.com.tr\/kadin\/urun\/ceketli-elbise-takim-2\/#breadcrumb\"},\"inLanguage\":\"tr\",\"potentialAction\":[{\"@type\":\"ReadAction\",\"target\":[\"https:\/\/marse.com.tr\/kadin\/urun\/ceketli-elbise-takim-2\/\"]}]},{\"@type\":\"ImageObject\",\"inLanguage\":\"tr\",\"@id\":\"https:\/\/marse.com.tr\/kadin\/urun\/ceketli-elbise-takim-2\/#primaryimage\",\"url\":\"https:\/\/marse.com.tr\/kadin\/wp-content\/uploads\/2026\/04\/9.jpeg\",\"contentUrl\":\"https:\/\/marse.com.tr\/kadin\/wp-content\/uploads\/2026\/04\/9.jpeg\",\"width\":1200,\"height\":1600},{\"@type\":\"BreadcrumbList\",\"@id\":\"https:\/\/marse.com.tr\/kadin\/urun\/ceketli-elbise-takim-2\/#breadcrumb\",\"itemListElement\":[{\"@type\":\"ListItem\",\"position\":1,\"name\":\"Anasayfa\",\"item\":\"https:\/\/marse.com.tr\/kadin\/\"},{\"@type\":\"ListItem\",\"position\":2,\"name\":\"Ma\u011faza\",\"item\":\"https:\/\/marse.com.tr\/kadin\/kadin-magaza\/\"},{\"@type\":\"ListItem\",\"position\":3,\"name\":\"Ceketli elbise tak\u0131m\"}]},{\"@type\":\"WebSite\",\"@id\":\"https:\/\/marse.com.tr\/kadin\/#website\",\"url\":\"https:\/\/marse.com.tr\/kadin\/\",\"name\":\"Marse\",\"description\":\"\",\"publisher\":{\"@id\":\"https:\/\/marse.com.tr\/kadin\/#organization\"},\"potentialAction\":[{\"@type\":\"SearchAction\",\"target\":{\"@type\":\"EntryPoint\",\"urlTemplate\":\"https:\/\/marse.com.tr\/kadin\/?s={search_term_string}\"},\"query-input\":{\"@type\":\"PropertyValueSpecification\",\"valueRequired\":true,\"valueName\":\"search_term_string\"}}],\"inLanguage\":\"tr\"},{\"@type\":\"Organization\",\"@id\":\"https:\/\/marse.com.tr\/kadin\/#organization\",\"name\":\"Artilla\",\"url\":\"https:\/\/marse.com.tr\/kadin\/\",\"logo\":{\"@type\":\"ImageObject\",\"inLanguage\":\"tr\",\"@id\":\"https:\/\/marse.com.tr\/kadin\/#\/schema\/logo\/image\/\",\"url\":\"https:\/\/www.marse.com.tr\/wp-content\/uploads\/2023\/09\/artilla-logo.jpg\",\"contentUrl\":\"https:\/\/www.marse.com.tr\/wp-content\/uploads\/2023\/09\/artilla-logo.jpg\",\"width\":2479,\"height\":744,\"caption\":\"Artilla\"},\"image\":{\"@id\":\"https:\/\/marse.com.tr\/kadin\/#\/schema\/logo\/image\/\"},\"sameAs\":[\"https:\/\/www.instagram.com\/artillatekstil\/\"]}]}<\/script>\n<!-- \/ Yoast SEO plugin. -->","yoast_head_json":{"title":"Ceketli elbise tak\u0131m - Marse","robots":{"index":"index","follow":"follow","max-snippet":"max-snippet:-1","max-image-preview":"max-image-preview:large","max-video-preview":"max-video-preview:-1"},"canonical":"https:\/\/marse.com.tr\/kadin\/urun\/ceketli-elbise-takim-2\/","og_locale":"tr_TR","og_type":"article","og_title":"Ceketli elbise tak\u0131m - Marse","og_description":"Modern \u00e7izgilerle tasarlanm\u0131\u015f bu \u015f\u0131k tesett\u00fcr tak\u0131m, g\u00fc\u00e7l\u00fc ve zarif bir g\u00f6r\u00fcn\u00fcm sunar. Ceket ve elbiseden olu\u015fan kombin, sade \u015f\u0131kl\u0131\u011f\u0131 diki\u015f detaylar\u0131yla \u00f6n plana \u00e7\u0131kar\u0131r. G\u00fcnl\u00fck kullan\u0131mdan \u00f6zel davetlere kadar geni\u015f bir kullan\u0131m alan\u0131na sahiptir. Minimal tasar\u0131m\u0131 sayesinde kolay kombinlenir, zamans\u0131z duru\u015fuyla dolab\u0131n\u0131z\u0131n vazge\u00e7ilmez par\u00e7alar\u0131ndan biri olmaya adayd\u0131r. \u2728 \u00dcr\u00fcn \u00d6zellikleri: \u2022 \u0130kili set: Ceket...","og_url":"https:\/\/marse.com.tr\/kadin\/urun\/ceketli-elbise-takim-2\/","og_site_name":"Marse","article_modified_time":"2026-04-14T18:05:38+00:00","og_image":[{"width":1200,"height":1600,"url":"https:\/\/marse.com.tr\/kadin\/wp-content\/uploads\/2026\/04\/9.jpeg","type":"image\/jpeg"}],"twitter_card":"summary_large_image","twitter_misc":{"Tahmini okuma s\u00fcresi":"1 dakika"},"schema":{"@context":"https:\/\/schema.org","@graph":[{"@type":"WebPage","@id":"https:\/\/marse.com.tr\/kadin\/urun\/ceketli-elbise-takim-2\/","url":"https:\/\/marse.com.tr\/kadin\/urun\/ceketli-elbise-takim-2\/","name":"Ceketli elbise tak\u0131m - Marse","isPartOf":{"@id":"https:\/\/marse.com.tr\/kadin\/#website"},"primaryImageOfPage":{"@id":"https:\/\/marse.com.tr\/kadin\/urun\/ceketli-elbise-takim-2\/#primaryimage"},"image":{"@id":"https:\/\/marse.com.tr\/kadin\/urun\/ceketli-elbise-takim-2\/#primaryimage"},"thumbnailUrl":"https:\/\/marse.com.tr\/kadin\/wp-content\/uploads\/2026\/04\/9.jpeg","datePublished":"2026-04-14T18:05:37+00:00","dateModified":"2026-04-14T18:05:38+00:00","breadcrumb":{"@id":"https:\/\/marse.com.tr\/kadin\/urun\/ceketli-elbise-takim-2\/#breadcrumb"},"inLanguage":"tr","potentialAction":[{"@type":"ReadAction","target":["https:\/\/marse.com.tr\/kadin\/urun\/ceketli-elbise-takim-2\/"]}]},{"@type":"ImageObject","inLanguage":"tr","@id":"https:\/\/marse.com.tr\/kadin\/urun\/ceketli-elbise-takim-2\/#primaryimage","url":"https:\/\/marse.com.tr\/kadin\/wp-content\/uploads\/2026\/04\/9.jpeg","contentUrl":"https:\/\/marse.com.tr\/kadin\/wp-content\/uploads\/2026\/04\/9.jpeg","width":1200,"height":1600},{"@type":"BreadcrumbList","@id":"https:\/\/marse.com.tr\/kadin\/urun\/ceketli-elbise-takim-2\/#breadcrumb","itemListElement":[{"@type":"ListItem","position":1,"name":"Anasayfa","item":"https:\/\/marse.com.tr\/kadin\/"},{"@type":"ListItem","position":2,"name":"Ma\u011faza","item":"https:\/\/marse.com.tr\/kadin\/kadin-magaza\/"},{"@type":"ListItem","position":3,"name":"Ceketli elbise tak\u0131m"}]},{"@type":"WebSite","@id":"https:\/\/marse.com.tr\/kadin\/#website","url":"https:\/\/marse.com.tr\/kadin\/","name":"Marse","description":"","publisher":{"@id":"https:\/\/marse.com.tr\/kadin\/#organization"},"potentialAction":[{"@type":"SearchAction","target":{"@type":"EntryPoint","urlTemplate":"https:\/\/marse.com.tr\/kadin\/?s={search_term_string}"},"query-input":{"@type":"PropertyValueSpecification","valueRequired":true,"valueName":"search_term_string"}}],"inLanguage":"tr"},{"@type":"Organization","@id":"https:\/\/marse.com.tr\/kadin\/#organization","name":"Artilla","url":"https:\/\/marse.com.tr\/kadin\/","logo":{"@type":"ImageObject","inLanguage":"tr","@id":"https:\/\/marse.com.tr\/kadin\/#\/schema\/logo\/image\/","url":"https:\/\/www.marse.com.tr\/wp-content\/uploads\/2023\/09\/artilla-logo.jpg","contentUrl":"https:\/\/www.marse.com.tr\/wp-content\/uploads\/2023\/09\/artilla-logo.jpg","width":2479,"height":744,"caption":"Artilla"},"image":{"@id":"https:\/\/marse.com.tr\/kadin\/#\/schema\/logo\/image\/"},"sameAs":["https:\/\/www.instagram.com\/artillatekstil\/"]}]}},"_links":{"self":[{"href":"https:\/\/marse.com.tr\/kadin\/wp-json\/wp\/v2\/product\/8608","targetHints":{"allow":["GET"]}}],"collection":[{"href":"https:\/\/marse.com.tr\/kadin\/wp-json\/wp\/v2\/product"}],"about":[{"href":"https:\/\/marse.com.tr\/kadin\/wp-json\/wp\/v2\/types\/product"}],"replies":[{"embeddable":true,"href":"https:\/\/marse.com.tr\/kadin\/wp-json\/wp\/v2\/comments?post=8608"}],"version-history":[{"count":1,"href":"https:\/\/marse.com.tr\/kadin\/wp-json\/wp\/v2\/product\/8608\/revisions"}],"predecessor-version":[{"id":8614,"href":"https:\/\/marse.com.tr\/kadin\/wp-json\/wp\/v2\/product\/8608\/revisions\/8614"}],"wp:featuredmedia":[{"embeddable":true,"href":"https:\/\/marse.com.tr\/kadin\/wp-json\/wp\/v2\/media\/8591"}],"wp:attachment":[{"href":"https:\/\/marse.com.tr\/kadin\/wp-json\/wp\/v2\/media?parent=8608"}],"wp:term":[{"taxonomy":"product_brand","embeddable":true,"href":"https:\/\/marse.com.tr\/kadin\/wp-json\/wp\/v2\/product_brand?post=8608"},{"taxonomy":"product_cat","embeddable":true,"href":"https:\/\/marse.com.tr\/kadin\/wp-json\/wp\/v2\/product_cat?post=8608"},{"taxonomy":"product_tag","embeddable":true,"href":"https:\/\/marse.com.tr\/kadin\/wp-json\/wp\/v2\/product_tag?post=8608"}],"curies":[{"name":"wp","href":"https:\/\/api.w.org\/{rel}","templated":true}]}}