{"id":8817,"date":"2026-04-23T20:22:16","date_gmt":"2026-04-23T20:22:16","guid":{"rendered":"https:\/\/marse.com.tr\/kadin\/?post_type=product&#038;p=8817"},"modified":"2026-04-23T20:22:16","modified_gmt":"2026-04-23T20:22:16","slug":"buzgu-detayli-gomlek-ve-pileli-etek-tesettur-takim","status":"publish","type":"product","link":"https:\/\/marse.com.tr\/kadin\/urun\/buzgu-detayli-gomlek-ve-pileli-etek-tesettur-takim\/","title":{"rendered":"B\u00fczg\u00fc Detayl\u0131 G\u00f6mlek ve Pileli Etek Tesett\u00fcr Tak\u0131m"},"content":{"rendered":"<p>Zarif detaylar\u0131 ve modern tasar\u0131m\u0131yla \u00f6ne \u00e7\u0131kan bu ikili tak\u0131m, \u015f\u0131kl\u0131\u011f\u0131 ve konforu bir arada sunar. Bel k\u0131sm\u0131 b\u00fczg\u00fc detayl\u0131 d\u00fc\u011fmeli g\u00f6mlek, v\u00fccuda form kazand\u0131r\u0131rken feminen bir siluet olu\u015fturur. Ak\u0131c\u0131 yap\u0131ya sahip pileli etek ise hareketli ve zarif duru\u015fuyla kombini tamamlar.<\/p>\n<p>G\u00fcnl\u00fck \u015f\u0131kl\u0131kta rahatl\u0131kla tercih edebilece\u011finiz gibi, \u00f6zel g\u00fcnlerde de stilinizi bir ad\u0131m \u00f6ne ta\u015f\u0131r. Par\u00e7alar\u0131 ayr\u0131 ayr\u0131 kombinleyerek farkl\u0131 stiller olu\u015fturman\u0131za da olanak sa\u011flar.<\/p>\n<p>\u00d6ne \u00c7\u0131kan \u00d6zellikler:<\/p>\n<p>* B\u00fczg\u00fc detayl\u0131, d\u00fc\u011fmeli g\u00f6mlek tasar\u0131m<br \/>\n* Ak\u0131c\u0131 ve zarif pileli etek<br \/>\n* Rahat kal\u0131p ve konforlu kullan\u0131m<br \/>\n* G\u00fcnl\u00fck ve \u00f6zel kombinlere uygun<br \/>\n* Par\u00e7alar\u0131 ayr\u0131 ayr\u0131 kullanabilme avantaj\u0131<br \/>\n* Tesett\u00fcr giyime uyumlu \u015f\u0131k ikili tak\u0131m<\/p>\n<p>\u015e\u0131kl\u0131\u011f\u0131 pratik bir kombinle yakalamak isteyenler i\u00e7in ideal ve zamans\u0131z bir tercih.<\/p>\n","protected":false},"excerpt":{"rendered":"<p>Zarif detaylar\u0131 ve modern tasar\u0131m\u0131yla \u00f6ne \u00e7\u0131kan bu ikili tak\u0131m, \u015f\u0131kl\u0131\u011f\u0131 ve konforu bir arada sunar. Bel k\u0131sm\u0131 b\u00fczg\u00fc detayl\u0131 d\u00fc\u011fmeli g\u00f6mlek, v\u00fccuda form kazand\u0131r\u0131rken feminen bir siluet olu\u015fturur. Ak\u0131c\u0131 yap\u0131ya sahip pileli etek ise hareketli ve zarif duru\u015fuyla kombini tamamlar. G\u00fcnl\u00fck \u015f\u0131kl\u0131kta rahatl\u0131kla tercih edebilece\u011finiz gibi, \u00f6zel g\u00fcnlerde de stilinizi bir ad\u0131m \u00f6ne ta\u015f\u0131r&#8230;.<\/p>\n","protected":false},"featured_media":8819,"comment_status":"open","ping_status":"closed","template":"","meta":{"om_disable_all_campaigns":false},"product_brand":[76],"product_cat":[84],"product_tag":[],"class_list":{"0":"post-8817","1":"product","2":"type-product","3":"status-publish","4":"has-post-thumbnail","6":"product_brand-marse","7":"product_cat-etekli-takim","8":"nt-post-class","9":"","12":"excerpt-none","15":"first","16":"instock","17":"taxable","18":"shipping-taxable","19":"purchasable","20":"product-type-variable"},"yoast_head":"<!-- This site is optimized with the Yoast SEO plugin v26.9 - https:\/\/yoast.com\/product\/yoast-seo-wordpress\/ -->\n<title>B\u00fczg\u00fc Detayl\u0131 G\u00f6mlek ve Pileli Etek Tesett\u00fcr Tak\u0131m - Marse<\/title>\n<meta name=\"robots\" content=\"index, follow, max-snippet:-1, max-image-preview:large, max-video-preview:-1\" \/>\n<link rel=\"canonical\" href=\"https:\/\/marse.com.tr\/kadin\/urun\/buzgu-detayli-gomlek-ve-pileli-etek-tesettur-takim\/\" \/>\n<meta property=\"og:locale\" content=\"tr_TR\" \/>\n<meta property=\"og:type\" content=\"article\" \/>\n<meta property=\"og:title\" content=\"B\u00fczg\u00fc Detayl\u0131 G\u00f6mlek ve Pileli Etek Tesett\u00fcr Tak\u0131m - Marse\" \/>\n<meta property=\"og:description\" content=\"Zarif detaylar\u0131 ve modern tasar\u0131m\u0131yla \u00f6ne \u00e7\u0131kan bu ikili tak\u0131m, \u015f\u0131kl\u0131\u011f\u0131 ve konforu bir arada sunar. Bel k\u0131sm\u0131 b\u00fczg\u00fc detayl\u0131 d\u00fc\u011fmeli g\u00f6mlek, v\u00fccuda form kazand\u0131r\u0131rken feminen bir siluet olu\u015fturur. Ak\u0131c\u0131 yap\u0131ya sahip pileli etek ise hareketli ve zarif duru\u015fuyla kombini tamamlar. G\u00fcnl\u00fck \u015f\u0131kl\u0131kta rahatl\u0131kla tercih edebilece\u011finiz gibi, \u00f6zel g\u00fcnlerde de stilinizi bir ad\u0131m \u00f6ne ta\u015f\u0131r....\" \/>\n<meta property=\"og:url\" content=\"https:\/\/marse.com.tr\/kadin\/urun\/buzgu-detayli-gomlek-ve-pileli-etek-tesettur-takim\/\" \/>\n<meta property=\"og:site_name\" content=\"Marse\" \/>\n<meta property=\"og:image\" content=\"https:\/\/marse.com.tr\/kadin\/wp-content\/uploads\/2026\/04\/61.jpg\" \/>\n\t<meta property=\"og:image:width\" content=\"1536\" \/>\n\t<meta property=\"og:image:height\" content=\"2048\" \/>\n\t<meta property=\"og:image:type\" content=\"image\/jpeg\" \/>\n<meta name=\"twitter:card\" content=\"summary_large_image\" \/>\n<meta name=\"twitter:label1\" content=\"Tahmini okuma s\u00fcresi\" \/>\n\t<meta name=\"twitter:data1\" content=\"1 dakika\" \/>\n<script type=\"application\/ld+json\" class=\"yoast-schema-graph\">{\"@context\":\"https:\/\/schema.org\",\"@graph\":[{\"@type\":\"WebPage\",\"@id\":\"https:\/\/marse.com.tr\/kadin\/urun\/buzgu-detayli-gomlek-ve-pileli-etek-tesettur-takim\/\",\"url\":\"https:\/\/marse.com.tr\/kadin\/urun\/buzgu-detayli-gomlek-ve-pileli-etek-tesettur-takim\/\",\"name\":\"B\u00fczg\u00fc Detayl\u0131 G\u00f6mlek ve Pileli Etek Tesett\u00fcr Tak\u0131m - Marse\",\"isPartOf\":{\"@id\":\"https:\/\/marse.com.tr\/kadin\/#website\"},\"primaryImageOfPage\":{\"@id\":\"https:\/\/marse.com.tr\/kadin\/urun\/buzgu-detayli-gomlek-ve-pileli-etek-tesettur-takim\/#primaryimage\"},\"image\":{\"@id\":\"https:\/\/marse.com.tr\/kadin\/urun\/buzgu-detayli-gomlek-ve-pileli-etek-tesettur-takim\/#primaryimage\"},\"thumbnailUrl\":\"https:\/\/marse.com.tr\/kadin\/wp-content\/uploads\/2026\/04\/61.jpg\",\"datePublished\":\"2026-04-23T20:22:16+00:00\",\"breadcrumb\":{\"@id\":\"https:\/\/marse.com.tr\/kadin\/urun\/buzgu-detayli-gomlek-ve-pileli-etek-tesettur-takim\/#breadcrumb\"},\"inLanguage\":\"tr\",\"potentialAction\":[{\"@type\":\"ReadAction\",\"target\":[\"https:\/\/marse.com.tr\/kadin\/urun\/buzgu-detayli-gomlek-ve-pileli-etek-tesettur-takim\/\"]}]},{\"@type\":\"ImageObject\",\"inLanguage\":\"tr\",\"@id\":\"https:\/\/marse.com.tr\/kadin\/urun\/buzgu-detayli-gomlek-ve-pileli-etek-tesettur-takim\/#primaryimage\",\"url\":\"https:\/\/marse.com.tr\/kadin\/wp-content\/uploads\/2026\/04\/61.jpg\",\"contentUrl\":\"https:\/\/marse.com.tr\/kadin\/wp-content\/uploads\/2026\/04\/61.jpg\",\"width\":1536,\"height\":2048},{\"@type\":\"BreadcrumbList\",\"@id\":\"https:\/\/marse.com.tr\/kadin\/urun\/buzgu-detayli-gomlek-ve-pileli-etek-tesettur-takim\/#breadcrumb\",\"itemListElement\":[{\"@type\":\"ListItem\",\"position\":1,\"name\":\"Anasayfa\",\"item\":\"https:\/\/marse.com.tr\/kadin\/\"},{\"@type\":\"ListItem\",\"position\":2,\"name\":\"Ma\u011faza\",\"item\":\"https:\/\/marse.com.tr\/kadin\/kadin-magaza\/\"},{\"@type\":\"ListItem\",\"position\":3,\"name\":\"B\u00fczg\u00fc Detayl\u0131 G\u00f6mlek ve Pileli Etek Tesett\u00fcr Tak\u0131m\"}]},{\"@type\":\"WebSite\",\"@id\":\"https:\/\/marse.com.tr\/kadin\/#website\",\"url\":\"https:\/\/marse.com.tr\/kadin\/\",\"name\":\"Marse\",\"description\":\"\",\"publisher\":{\"@id\":\"https:\/\/marse.com.tr\/kadin\/#organization\"},\"potentialAction\":[{\"@type\":\"SearchAction\",\"target\":{\"@type\":\"EntryPoint\",\"urlTemplate\":\"https:\/\/marse.com.tr\/kadin\/?s={search_term_string}\"},\"query-input\":{\"@type\":\"PropertyValueSpecification\",\"valueRequired\":true,\"valueName\":\"search_term_string\"}}],\"inLanguage\":\"tr\"},{\"@type\":\"Organization\",\"@id\":\"https:\/\/marse.com.tr\/kadin\/#organization\",\"name\":\"Artilla\",\"url\":\"https:\/\/marse.com.tr\/kadin\/\",\"logo\":{\"@type\":\"ImageObject\",\"inLanguage\":\"tr\",\"@id\":\"https:\/\/marse.com.tr\/kadin\/#\/schema\/logo\/image\/\",\"url\":\"https:\/\/www.marse.com.tr\/wp-content\/uploads\/2023\/09\/artilla-logo.jpg\",\"contentUrl\":\"https:\/\/www.marse.com.tr\/wp-content\/uploads\/2023\/09\/artilla-logo.jpg\",\"width\":2479,\"height\":744,\"caption\":\"Artilla\"},\"image\":{\"@id\":\"https:\/\/marse.com.tr\/kadin\/#\/schema\/logo\/image\/\"},\"sameAs\":[\"https:\/\/www.instagram.com\/artillatekstil\/\"]}]}<\/script>\n<!-- \/ Yoast SEO plugin. -->","yoast_head_json":{"title":"B\u00fczg\u00fc Detayl\u0131 G\u00f6mlek ve Pileli Etek Tesett\u00fcr Tak\u0131m - Marse","robots":{"index":"index","follow":"follow","max-snippet":"max-snippet:-1","max-image-preview":"max-image-preview:large","max-video-preview":"max-video-preview:-1"},"canonical":"https:\/\/marse.com.tr\/kadin\/urun\/buzgu-detayli-gomlek-ve-pileli-etek-tesettur-takim\/","og_locale":"tr_TR","og_type":"article","og_title":"B\u00fczg\u00fc Detayl\u0131 G\u00f6mlek ve Pileli Etek Tesett\u00fcr Tak\u0131m - Marse","og_description":"Zarif detaylar\u0131 ve modern tasar\u0131m\u0131yla \u00f6ne \u00e7\u0131kan bu ikili tak\u0131m, \u015f\u0131kl\u0131\u011f\u0131 ve konforu bir arada sunar. Bel k\u0131sm\u0131 b\u00fczg\u00fc detayl\u0131 d\u00fc\u011fmeli g\u00f6mlek, v\u00fccuda form kazand\u0131r\u0131rken feminen bir siluet olu\u015fturur. Ak\u0131c\u0131 yap\u0131ya sahip pileli etek ise hareketli ve zarif duru\u015fuyla kombini tamamlar. G\u00fcnl\u00fck \u015f\u0131kl\u0131kta rahatl\u0131kla tercih edebilece\u011finiz gibi, \u00f6zel g\u00fcnlerde de stilinizi bir ad\u0131m \u00f6ne ta\u015f\u0131r....","og_url":"https:\/\/marse.com.tr\/kadin\/urun\/buzgu-detayli-gomlek-ve-pileli-etek-tesettur-takim\/","og_site_name":"Marse","og_image":[{"width":1536,"height":2048,"url":"https:\/\/marse.com.tr\/kadin\/wp-content\/uploads\/2026\/04\/61.jpg","type":"image\/jpeg"}],"twitter_card":"summary_large_image","twitter_misc":{"Tahmini okuma s\u00fcresi":"1 dakika"},"schema":{"@context":"https:\/\/schema.org","@graph":[{"@type":"WebPage","@id":"https:\/\/marse.com.tr\/kadin\/urun\/buzgu-detayli-gomlek-ve-pileli-etek-tesettur-takim\/","url":"https:\/\/marse.com.tr\/kadin\/urun\/buzgu-detayli-gomlek-ve-pileli-etek-tesettur-takim\/","name":"B\u00fczg\u00fc Detayl\u0131 G\u00f6mlek ve Pileli Etek Tesett\u00fcr Tak\u0131m - Marse","isPartOf":{"@id":"https:\/\/marse.com.tr\/kadin\/#website"},"primaryImageOfPage":{"@id":"https:\/\/marse.com.tr\/kadin\/urun\/buzgu-detayli-gomlek-ve-pileli-etek-tesettur-takim\/#primaryimage"},"image":{"@id":"https:\/\/marse.com.tr\/kadin\/urun\/buzgu-detayli-gomlek-ve-pileli-etek-tesettur-takim\/#primaryimage"},"thumbnailUrl":"https:\/\/marse.com.tr\/kadin\/wp-content\/uploads\/2026\/04\/61.jpg","datePublished":"2026-04-23T20:22:16+00:00","breadcrumb":{"@id":"https:\/\/marse.com.tr\/kadin\/urun\/buzgu-detayli-gomlek-ve-pileli-etek-tesettur-takim\/#breadcrumb"},"inLanguage":"tr","potentialAction":[{"@type":"ReadAction","target":["https:\/\/marse.com.tr\/kadin\/urun\/buzgu-detayli-gomlek-ve-pileli-etek-tesettur-takim\/"]}]},{"@type":"ImageObject","inLanguage":"tr","@id":"https:\/\/marse.com.tr\/kadin\/urun\/buzgu-detayli-gomlek-ve-pileli-etek-tesettur-takim\/#primaryimage","url":"https:\/\/marse.com.tr\/kadin\/wp-content\/uploads\/2026\/04\/61.jpg","contentUrl":"https:\/\/marse.com.tr\/kadin\/wp-content\/uploads\/2026\/04\/61.jpg","width":1536,"height":2048},{"@type":"BreadcrumbList","@id":"https:\/\/marse.com.tr\/kadin\/urun\/buzgu-detayli-gomlek-ve-pileli-etek-tesettur-takim\/#breadcrumb","itemListElement":[{"@type":"ListItem","position":1,"name":"Anasayfa","item":"https:\/\/marse.com.tr\/kadin\/"},{"@type":"ListItem","position":2,"name":"Ma\u011faza","item":"https:\/\/marse.com.tr\/kadin\/kadin-magaza\/"},{"@type":"ListItem","position":3,"name":"B\u00fczg\u00fc Detayl\u0131 G\u00f6mlek ve Pileli Etek Tesett\u00fcr Tak\u0131m"}]},{"@type":"WebSite","@id":"https:\/\/marse.com.tr\/kadin\/#website","url":"https:\/\/marse.com.tr\/kadin\/","name":"Marse","description":"","publisher":{"@id":"https:\/\/marse.com.tr\/kadin\/#organization"},"potentialAction":[{"@type":"SearchAction","target":{"@type":"EntryPoint","urlTemplate":"https:\/\/marse.com.tr\/kadin\/?s={search_term_string}"},"query-input":{"@type":"PropertyValueSpecification","valueRequired":true,"valueName":"search_term_string"}}],"inLanguage":"tr"},{"@type":"Organization","@id":"https:\/\/marse.com.tr\/kadin\/#organization","name":"Artilla","url":"https:\/\/marse.com.tr\/kadin\/","logo":{"@type":"ImageObject","inLanguage":"tr","@id":"https:\/\/marse.com.tr\/kadin\/#\/schema\/logo\/image\/","url":"https:\/\/www.marse.com.tr\/wp-content\/uploads\/2023\/09\/artilla-logo.jpg","contentUrl":"https:\/\/www.marse.com.tr\/wp-content\/uploads\/2023\/09\/artilla-logo.jpg","width":2479,"height":744,"caption":"Artilla"},"image":{"@id":"https:\/\/marse.com.tr\/kadin\/#\/schema\/logo\/image\/"},"sameAs":["https:\/\/www.instagram.com\/artillatekstil\/"]}]}},"_links":{"self":[{"href":"https:\/\/marse.com.tr\/kadin\/wp-json\/wp\/v2\/product\/8817","targetHints":{"allow":["GET"]}}],"collection":[{"href":"https:\/\/marse.com.tr\/kadin\/wp-json\/wp\/v2\/product"}],"about":[{"href":"https:\/\/marse.com.tr\/kadin\/wp-json\/wp\/v2\/types\/product"}],"replies":[{"embeddable":true,"href":"https:\/\/marse.com.tr\/kadin\/wp-json\/wp\/v2\/comments?post=8817"}],"version-history":[{"count":1,"href":"https:\/\/marse.com.tr\/kadin\/wp-json\/wp\/v2\/product\/8817\/revisions"}],"predecessor-version":[{"id":8867,"href":"https:\/\/marse.com.tr\/kadin\/wp-json\/wp\/v2\/product\/8817\/revisions\/8867"}],"wp:featuredmedia":[{"embeddable":true,"href":"https:\/\/marse.com.tr\/kadin\/wp-json\/wp\/v2\/media\/8819"}],"wp:attachment":[{"href":"https:\/\/marse.com.tr\/kadin\/wp-json\/wp\/v2\/media?parent=8817"}],"wp:term":[{"taxonomy":"product_brand","embeddable":true,"href":"https:\/\/marse.com.tr\/kadin\/wp-json\/wp\/v2\/product_brand?post=8817"},{"taxonomy":"product_cat","embeddable":true,"href":"https:\/\/marse.com.tr\/kadin\/wp-json\/wp\/v2\/product_cat?post=8817"},{"taxonomy":"product_tag","embeddable":true,"href":"https:\/\/marse.com.tr\/kadin\/wp-json\/wp\/v2\/product_tag?post=8817"}],"curies":[{"name":"wp","href":"https:\/\/api.w.org\/{rel}","templated":true}]}}